{"id":18158,"date":"2021-02-09T16:07:02","date_gmt":"2021-02-09T15:07:02","guid":{"rendered":"http:\/\/s864240641.onlinehome.fr\/NewWp\/?page_id=18158"},"modified":"2022-10-11T09:23:14","modified_gmt":"2022-10-11T07:23:14","slug":"mentions-legales","status":"publish","type":"page","link":"https:\/\/hasparren.fr\/eu\/mentions-legales\/","title":{"rendered":"Mentions l\u00e9gales"},"content":{"rendered":"<p>Le site www.ville-hasparren.fr, www.hasparren.fr, est le site officiel de la commune de Hasparren.<br \/>\nIl propose des informations sur la commune.<\/p>\n<h2>\u00c9diteur du site<\/h2>\n<h3>Mairie de Hasparren<\/h3>\n<p>5 rue Jean Lissar<br \/>\nBP 50025 &#8211; 64240 Hasparren<\/p>\n<p><strong>Directeur de la publication : <\/strong>Mme Isabelle Pargade, Maire de Hasparren.<\/p>\n<p>Email : <a href=\"mailto:contact@ville-hasparren.fr\" target=\"_blank\" rel=\"noopener\">contact@ville-hasparren.fr<\/a><\/p>\n<h2>Demande d&#8217;autorisation de reproduction des contenus<\/h2>\n<p>Toute copie partielle ou int\u00e9grale sur support papier ou sous forme \u00e9lectronique de pages du site www.ville-hasparren.fr doit faire l&#8217;objet d&#8217;une demande aupr\u00e8s de la commune de Hasparren.<br \/>\nLa demande devra pr\u00e9ciser le contenu vis\u00e9 ainsi que la publication ou le site sur lequel ce dernier figurera. Une fois cette autorisation obtenue, la reproduction d&#8217;un contenu doit ob\u00e9ir aux principes suivants<\/p>\n<ul>\n<li>gratuit\u00e9 de la diffusion ;<\/li>\n<li>respect de l&#8217;int\u00e9grit\u00e9 des documents reproduits (aucune modification, ni alt\u00e9ration d&#8217;aucune sorte)<\/li>\n<li>mention obligatoire : &#8220;\u00a9 www.ville-hasparren.fr &#8211; droits r\u00e9serv\u00e9s&#8221; .<\/li>\n<\/ul>\n<p>Cette mention pointera gr\u00e2ce \u00e0 un lien hypertexte directement sur le contenu.<\/p>\n<h2>Demande de cr\u00e9ation de liens<\/h2>\n<p>Cr\u00e9ation de liens vers le site www.ville-hasparren.fr.<br \/>\nLe site www.ville-hasparren.fr autorise, sans autorisation pr\u00e9alable, la mise en place de liens hypertextes pointant vers ses pages, sous r\u00e9serve de :<\/p>\n<ul>\n<li>ne pas utiliser la technique du lien profond, c&#8217;est-\u00e0-dire que les pages du site www.ville-hasparren.fr ne doivent pas \u00eatre imbriqu\u00e9es \u00e0 l&#8217;int\u00e9rieur des pages d&#8217;un autre site, mais visibles par l&#8217;ouverture d&#8217;une fen\u00eatre ind\u00e9pendante.<\/li>\n<li>mentionner la source qui pointera gr\u00e2ce \u00e0 un lien hypertexte directement sur le contenu vis\u00e9. Les sites qui font le choix de pointer vers www.ville-hasparren.fr engagent leur responsabilit\u00e9 d\u00e8s lors qu&#8217;ils porteraient atteinte \u00e0 l&#8217;image du site public. Le site Internet de la Commune de Hasparren contient des liens vers des sites g\u00e9r\u00e9s par des tiers. Ces liens ne sont propos\u00e9s que pour votre commodit\u00e9.<br \/>\nLa commune de Hasparren n&#8217;exerce aucun contr\u00f4le sur ces sites et n&#8217;assume aucune responsabilit\u00e9 concernant leur contenu. Droit des internautes : droit d&#8217;acc\u00e8s et de rectification Conform\u00e9ment aux dispositions de la loi n\u00b078-17 du 6 janvier 1978 relative \u00e0 l&#8217;informatique, aux fichiers et aux libert\u00e9s, les internautes disposent d&#8217;un droit d&#8217;acc\u00e8s, de modification, de rectification et de suppression des donn\u00e9es qui les concernent.<br \/>\nCe droit s&#8217;exerce par voie postale, en justifiant de son identit\u00e9, \u00e0 l&#8217;adresse suivante :<\/li>\n<\/ul>\n<p>Mairie de Hasparren<br \/>\n5 rue Jean Lissar<br \/>\nBP 50025<br \/>\n64240 Hasparren<br \/>\nTel. 05 59 29 60 22<br \/>\nFax 05 59 29 13 45<\/p>\n<h2>Protection des donn\u00e9es personnelles<\/h2>\n<p>Le site www.ville-hasparren.fr est d\u00e9clar\u00e9 aupr\u00e8s de la CNIL sous le num\u00e9ro 1170869.<\/p>\n<p>Conform\u00e9ment \u00e0 la loi relative \u00e0 l&#8217;informatique, aux fichiers et aux libert\u00e9s du 6 janvier 1978, vous disposez d&#8217;un droit d&#8217;acc\u00e8s, de modification, de rectification et de suppression des donn\u00e9es vous concernant.<br \/>\nVous pouvez exercer ce droit en envoyant un courrier \u00e0 :<\/p>\n<p>Mairie de Hasparren<br \/>\nRue Jean Lissar<br \/>\n64240 Hasparren<\/p>\n<p>Ou en envoyant un courriel au webmestre.<\/p>\n<h2>Cr\u00e9dits photos<\/h2>\n<p>Commune de Hasparren<\/p>\n<h2>Site Internet<\/h2>\n<p><a href=\"https:\/\/blog-one.fr\" target=\"_blank\" rel=\"noopener\">Conception et r\u00e9alisation : Sylvie CECI\u00a0<\/a> &#8211; T\u00e9l. 06 72 27 10 69<a href=\"http:\/\/www.sylvie-ceci.info\/\" target=\"_blank\" rel=\"noopener\"><br \/>\n<\/a>H\u00e9bergement : IONOS &#8211; 7 Place de la gare &#8211; 57200 Sarreguemines<\/p>\n","protected":false},"excerpt":{"rendered":"<p>Le site www.ville-hasparren.fr, www.hasparren.fr, est le site officiel de la commune de Hasparren. Il propose des informations sur la commune. \u00c9diteur du site Mairie de Hasparren 5 rue Jean Lissar [&hellip;]<\/p>\n","protected":false},"author":14,"featured_media":13133,"parent":0,"menu_order":0,"comment_status":"closed","ping_status":"closed","template":"","meta":{"_acf_changed":false,"cybocfi_hide_featured_image":"yes","footnotes":""},"class_list":["post-18158","page","type-page","status-publish","has-post-thumbnail","hentry","clearfix"],"acf":[],"yoast_head":"<!-- This site is optimized with the Yoast SEO plugin v27.3 - https:\/\/yoast.com\/product\/yoast-seo-wordpress\/ -->\n<title>Mentions l\u00e9gales - Hasparren, commune du Pays Basque<\/title>\n<meta name=\"robots\" content=\"index, follow, max-snippet:-1, max-image-preview:large, max-video-preview:-1\" \/>\n<link rel=\"canonical\" href=\"https:\/\/hasparren.fr\/eu\/mentions-legales\/\" \/>\n<meta property=\"og:locale\" content=\"eu_ES\" \/>\n<meta property=\"og:type\" content=\"article\" \/>\n<meta property=\"og:title\" content=\"Mentions l\u00e9gales - Hasparren, commune du Pays Basque\" \/>\n<meta property=\"og:description\" content=\"Le site www.ville-hasparren.fr, www.hasparren.fr, est le site officiel de la commune de Hasparren. Il propose des informations sur la commune. \u00c9diteur du site Mairie de Hasparren 5 rue Jean Lissar [&hellip;]\" \/>\n<meta property=\"og:url\" content=\"https:\/\/hasparren.fr\/eu\/mentions-legales\/\" \/>\n<meta property=\"og:site_name\" content=\"Hasparren, commune du Pays Basque\" \/>\n<meta property=\"article:modified_time\" content=\"2022-10-11T07:23:14+00:00\" \/>\n<meta property=\"og:image\" content=\"https:\/\/hasparren.fr\/wp-content\/uploads\/2020\/10\/hasparren-categorie-e1605709389335.jpg\" \/>\n\t<meta property=\"og:image:width\" content=\"895\" \/>\n\t<meta property=\"og:image:height\" content=\"443\" \/>\n\t<meta property=\"og:image:type\" content=\"image\/jpeg\" \/>\n<meta name=\"twitter:card\" content=\"summary_large_image\" \/>\n<meta name=\"twitter:label1\" content=\"Est. reading time\" \/>\n\t<meta name=\"twitter:data1\" content=\"3 minutua\" \/>\n<script type=\"application\/ld+json\" class=\"yoast-schema-graph\">{\"@context\":\"https:\\\/\\\/schema.org\",\"@graph\":[{\"@type\":\"WebPage\",\"@id\":\"https:\\\/\\\/hasparren.fr\\\/eu\\\/mentions-legales\\\/\",\"url\":\"https:\\\/\\\/hasparren.fr\\\/eu\\\/mentions-legales\\\/\",\"name\":\"Mentions l\u00e9gales - Hasparren, commune du Pays Basque\",\"isPartOf\":{\"@id\":\"https:\\\/\\\/hasparren.fr\\\/#website\"},\"primaryImageOfPage\":{\"@id\":\"https:\\\/\\\/hasparren.fr\\\/eu\\\/mentions-legales\\\/#primaryimage\"},\"image\":{\"@id\":\"https:\\\/\\\/hasparren.fr\\\/eu\\\/mentions-legales\\\/#primaryimage\"},\"thumbnailUrl\":\"https:\\\/\\\/hasparren.fr\\\/wp-content\\\/uploads\\\/2020\\\/10\\\/hasparren-categorie-e1605709389335.jpg\",\"datePublished\":\"2021-02-09T15:07:02+00:00\",\"dateModified\":\"2022-10-11T07:23:14+00:00\",\"breadcrumb\":{\"@id\":\"https:\\\/\\\/hasparren.fr\\\/eu\\\/mentions-legales\\\/#breadcrumb\"},\"inLanguage\":\"eu\",\"potentialAction\":[{\"@type\":\"ReadAction\",\"target\":[\"https:\\\/\\\/hasparren.fr\\\/eu\\\/mentions-legales\\\/\"]}]},{\"@type\":\"BreadcrumbList\",\"@id\":\"https:\\\/\\\/hasparren.fr\\\/eu\\\/mentions-legales\\\/#breadcrumb\",\"itemListElement\":[{\"@type\":\"ListItem\",\"position\":1,\"name\":\"Accueil\",\"item\":\"https:\\\/\\\/hasparren.fr\\\/eu\\\/\"},{\"@type\":\"ListItem\",\"position\":2,\"name\":\"Mentions l\u00e9gales\"}]},{\"@type\":\"WebSite\",\"@id\":\"https:\\\/\\\/hasparren.fr\\\/#website\",\"url\":\"https:\\\/\\\/hasparren.fr\\\/\",\"name\":\"Hasparren, commune du Pays Basque\",\"description\":\"Hasparren, commune du Pays Basque\",\"potentialAction\":[{\"@type\":\"SearchAction\",\"target\":{\"@type\":\"EntryPoint\",\"urlTemplate\":\"https:\\\/\\\/hasparren.fr\\\/?s={search_term_string}\"},\"query-input\":{\"@type\":\"PropertyValueSpecification\",\"valueRequired\":true,\"valueName\":\"search_term_string\"}}],\"inLanguage\":\"eu\"}]}<\/script>\n<!-- \/ Yoast SEO plugin. -->","yoast_head_json":{"title":"Mentions l\u00e9gales - Hasparren, commune du Pays Basque","robots":{"index":"index","follow":"follow","max-snippet":"max-snippet:-1","max-image-preview":"max-image-preview:large","max-video-preview":"max-video-preview:-1"},"canonical":"https:\/\/hasparren.fr\/eu\/mentions-legales\/","og_locale":"eu_ES","og_type":"article","og_title":"Mentions l\u00e9gales - Hasparren, commune du Pays Basque","og_description":"Le site www.ville-hasparren.fr, www.hasparren.fr, est le site officiel de la commune de Hasparren. Il propose des informations sur la commune. \u00c9diteur du site Mairie de Hasparren 5 rue Jean Lissar [&hellip;]","og_url":"https:\/\/hasparren.fr\/eu\/mentions-legales\/","og_site_name":"Hasparren, commune du Pays Basque","article_modified_time":"2022-10-11T07:23:14+00:00","og_image":[{"width":895,"height":443,"url":"https:\/\/hasparren.fr\/wp-content\/uploads\/2020\/10\/hasparren-categorie-e1605709389335.jpg","type":"image\/jpeg"}],"twitter_card":"summary_large_image","twitter_misc":{"Est. reading time":"3 minutua"},"schema":{"@context":"https:\/\/schema.org","@graph":[{"@type":"WebPage","@id":"https:\/\/hasparren.fr\/eu\/mentions-legales\/","url":"https:\/\/hasparren.fr\/eu\/mentions-legales\/","name":"Mentions l\u00e9gales - Hasparren, commune du Pays Basque","isPartOf":{"@id":"https:\/\/hasparren.fr\/#website"},"primaryImageOfPage":{"@id":"https:\/\/hasparren.fr\/eu\/mentions-legales\/#primaryimage"},"image":{"@id":"https:\/\/hasparren.fr\/eu\/mentions-legales\/#primaryimage"},"thumbnailUrl":"https:\/\/hasparren.fr\/wp-content\/uploads\/2020\/10\/hasparren-categorie-e1605709389335.jpg","datePublished":"2021-02-09T15:07:02+00:00","dateModified":"2022-10-11T07:23:14+00:00","breadcrumb":{"@id":"https:\/\/hasparren.fr\/eu\/mentions-legales\/#breadcrumb"},"inLanguage":"eu","potentialAction":[{"@type":"ReadAction","target":["https:\/\/hasparren.fr\/eu\/mentions-legales\/"]}]},{"@type":"BreadcrumbList","@id":"https:\/\/hasparren.fr\/eu\/mentions-legales\/#breadcrumb","itemListElement":[{"@type":"ListItem","position":1,"name":"Accueil","item":"https:\/\/hasparren.fr\/eu\/"},{"@type":"ListItem","position":2,"name":"Mentions l\u00e9gales"}]},{"@type":"WebSite","@id":"https:\/\/hasparren.fr\/#website","url":"https:\/\/hasparren.fr\/","name":"Hasparren, commune du Pays Basque","description":"Hasparren, commune du Pays Basque","potentialAction":[{"@type":"SearchAction","target":{"@type":"EntryPoint","urlTemplate":"https:\/\/hasparren.fr\/?s={search_term_string}"},"query-input":{"@type":"PropertyValueSpecification","valueRequired":true,"valueName":"search_term_string"}}],"inLanguage":"eu"}]}},"publishpress_future_action":{"enabled":false,"date":"2026-04-11 01:49:42","action":"change-status","newStatus":"draft","terms":[],"taxonomy":"translation_priority","extraData":[]},"publishpress_future_workflow_manual_trigger":{"enabledWorkflows":[]},"_links":{"self":[{"href":"https:\/\/hasparren.fr\/eu\/wp-json\/wp\/v2\/pages\/18158","targetHints":{"allow":["GET"]}}],"collection":[{"href":"https:\/\/hasparren.fr\/eu\/wp-json\/wp\/v2\/pages"}],"about":[{"href":"https:\/\/hasparren.fr\/eu\/wp-json\/wp\/v2\/types\/page"}],"author":[{"embeddable":true,"href":"https:\/\/hasparren.fr\/eu\/wp-json\/wp\/v2\/users\/14"}],"replies":[{"embeddable":true,"href":"https:\/\/hasparren.fr\/eu\/wp-json\/wp\/v2\/comments?post=18158"}],"version-history":[{"count":6,"href":"https:\/\/hasparren.fr\/eu\/wp-json\/wp\/v2\/pages\/18158\/revisions"}],"predecessor-version":[{"id":34999,"href":"https:\/\/hasparren.fr\/eu\/wp-json\/wp\/v2\/pages\/18158\/revisions\/34999"}],"wp:featuredmedia":[{"embeddable":true,"href":"https:\/\/hasparren.fr\/eu\/wp-json\/wp\/v2\/media\/13133"}],"wp:attachment":[{"href":"https:\/\/hasparren.fr\/eu\/wp-json\/wp\/v2\/media?parent=18158"}],"curies":[{"name":"wp","href":"https:\/\/api.w.org\/{rel}","templated":true}]}}