{"id":19787,"date":"2021-03-16T17:57:33","date_gmt":"2021-03-16T16:57:33","guid":{"rendered":"http:\/\/s864240641.onlinehome.fr\/NewWp\/?page_id=19787"},"modified":"2022-01-26T11:29:00","modified_gmt":"2022-01-26T10:29:00","slug":"infos-covid-19","status":"publish","type":"page","link":"https:\/\/hasparren.fr\/eu\/infos-covid-19\/","title":{"rendered":"Covid 19 Argibideak"},"content":{"rendered":"<h2><span style=\"font-size: 16px;\">Ataleko gaiak<\/span><\/h2>\n<h3><a href=\"https:\/\/hasparren.fr\/eu\/infos-covid-19\/information-covid-19\/\" rel=\"\">COVID 19 ARGIBIDEAK<\/a><\/h3>\n<ul>\n<li><a title=\"Sant\u00e9 publique \u2013 www.santepubliquefrance.fr \u2013 Nouvelle fen\u00eatre\" href=\"https:\/\/www.santepubliquefrance.fr\/dossiers\/coronavirus-covid-19\" target=\"_blank\" rel=\"noopener\">Osasun publikoa<\/a><\/li>\n<li><a title=\"Arr\u00eat\u00e9 pr\u00e9fectorale propre au Covid \u2013 www.pyrenees-atlantiques.gouv.fr \u2013 Nouvelle fen\u00eatre\" href=\"http:\/\/www.pyrenees-atlantiques.gouv.fr\/Actualites\/COVID-19-Point-sur-la-situation-en-Pyrenees-Atlantiques\" target=\"_blank\" rel=\"noopener\">Covid-19ari doakion prefeta erabakia<\/a><\/li>\n<\/ul>\n<h3><a href=\"https:\/\/hasparren.fr\/eu\/infos-covid-19\/se-proteger\/\" rel=\"\">NORK BERE BURUA BABESTEA<\/a><\/h3>\n<ul>\n<li><a title=\"Les centres de vaccination \u2013 doctolib.fr \u2013 Nouvelle fen\u00eatre\" href=\"https:\/\/www.doctolib.fr\/vaccination-covid-19\/hasparren\/centre-de-vaccination-multisport-mendeala\" target=\"_blank\" rel=\"noopener\">Txertaketa zentroak<\/a><\/li>\n<\/ul>\n","protected":false},"excerpt":{"rendered":"<p>Ataleko gaiak COVID 19 ARGIBIDEAK Osasun publikoa Covid-19ari doakion prefeta erabakia NORK BERE BURUA BABESTEA Txertaketa zentroak<\/p>\n","protected":false},"author":14,"featured_media":0,"parent":0,"menu_order":0,"comment_status":"closed","ping_status":"closed","template":"","meta":{"_acf_changed":false,"cybocfi_hide_featured_image":"","footnotes":""},"class_list":["post-19787","page","type-page","status-publish","hentry","clearfix"],"acf":[],"yoast_head":"<!-- This site is optimized with the Yoast SEO plugin v27.3 - https:\/\/yoast.com\/product\/yoast-seo-wordpress\/ -->\n<title>Covid 19 Argibideak - Hasparren, commune du Pays Basque<\/title>\n<meta name=\"robots\" content=\"index, follow, max-snippet:-1, max-image-preview:large, max-video-preview:-1\" \/>\n<link rel=\"canonical\" href=\"https:\/\/hasparren.fr\/eu\/infos-covid-19\/\" \/>\n<meta property=\"og:locale\" content=\"eu_ES\" \/>\n<meta property=\"og:type\" content=\"article\" \/>\n<meta property=\"og:title\" content=\"Covid 19 Argibideak - Hasparren, commune du Pays Basque\" \/>\n<meta property=\"og:description\" content=\"Ataleko gaiak COVID 19 ARGIBIDEAK Osasun publikoa Covid-19ari doakion prefeta erabakia NORK BERE BURUA BABESTEA Txertaketa zentroak\" \/>\n<meta property=\"og:url\" content=\"https:\/\/hasparren.fr\/eu\/infos-covid-19\/\" \/>\n<meta property=\"og:site_name\" content=\"Hasparren, commune du Pays Basque\" \/>\n<meta property=\"article:modified_time\" content=\"2022-01-26T10:29:00+00:00\" \/>\n<meta name=\"twitter:card\" content=\"summary_large_image\" \/>\n<meta name=\"twitter:label1\" content=\"Est. reading time\" \/>\n\t<meta name=\"twitter:data1\" content=\"1 minutua\" \/>\n<script type=\"application\/ld+json\" class=\"yoast-schema-graph\">{\"@context\":\"https:\\\/\\\/schema.org\",\"@graph\":[{\"@type\":\"WebPage\",\"@id\":\"https:\\\/\\\/hasparren.fr\\\/eu\\\/infos-covid-19\\\/\",\"url\":\"https:\\\/\\\/hasparren.fr\\\/eu\\\/infos-covid-19\\\/\",\"name\":\"Covid 19 Argibideak - Hasparren, commune du Pays Basque\",\"isPartOf\":{\"@id\":\"https:\\\/\\\/hasparren.fr\\\/#website\"},\"datePublished\":\"2021-03-16T16:57:33+00:00\",\"dateModified\":\"2022-01-26T10:29:00+00:00\",\"breadcrumb\":{\"@id\":\"https:\\\/\\\/hasparren.fr\\\/eu\\\/infos-covid-19\\\/#breadcrumb\"},\"inLanguage\":\"eu\",\"potentialAction\":[{\"@type\":\"ReadAction\",\"target\":[\"https:\\\/\\\/hasparren.fr\\\/eu\\\/infos-covid-19\\\/\"]}]},{\"@type\":\"BreadcrumbList\",\"@id\":\"https:\\\/\\\/hasparren.fr\\\/eu\\\/infos-covid-19\\\/#breadcrumb\",\"itemListElement\":[{\"@type\":\"ListItem\",\"position\":1,\"name\":\"Accueil\",\"item\":\"https:\\\/\\\/hasparren.fr\\\/eu\\\/\"},{\"@type\":\"ListItem\",\"position\":2,\"name\":\"Covid 19 Argibideak\"}]},{\"@type\":\"WebSite\",\"@id\":\"https:\\\/\\\/hasparren.fr\\\/#website\",\"url\":\"https:\\\/\\\/hasparren.fr\\\/\",\"name\":\"Hasparren, commune du Pays Basque\",\"description\":\"Hasparren, commune du Pays Basque\",\"potentialAction\":[{\"@type\":\"SearchAction\",\"target\":{\"@type\":\"EntryPoint\",\"urlTemplate\":\"https:\\\/\\\/hasparren.fr\\\/?s={search_term_string}\"},\"query-input\":{\"@type\":\"PropertyValueSpecification\",\"valueRequired\":true,\"valueName\":\"search_term_string\"}}],\"inLanguage\":\"eu\"}]}<\/script>\n<!-- \/ Yoast SEO plugin. -->","yoast_head_json":{"title":"Covid 19 Argibideak - Hasparren, commune du Pays Basque","robots":{"index":"index","follow":"follow","max-snippet":"max-snippet:-1","max-image-preview":"max-image-preview:large","max-video-preview":"max-video-preview:-1"},"canonical":"https:\/\/hasparren.fr\/eu\/infos-covid-19\/","og_locale":"eu_ES","og_type":"article","og_title":"Covid 19 Argibideak - Hasparren, commune du Pays Basque","og_description":"Ataleko gaiak COVID 19 ARGIBIDEAK Osasun publikoa Covid-19ari doakion prefeta erabakia NORK BERE BURUA BABESTEA Txertaketa zentroak","og_url":"https:\/\/hasparren.fr\/eu\/infos-covid-19\/","og_site_name":"Hasparren, commune du Pays Basque","article_modified_time":"2022-01-26T10:29:00+00:00","twitter_card":"summary_large_image","twitter_misc":{"Est. reading time":"1 minutua"},"schema":{"@context":"https:\/\/schema.org","@graph":[{"@type":"WebPage","@id":"https:\/\/hasparren.fr\/eu\/infos-covid-19\/","url":"https:\/\/hasparren.fr\/eu\/infos-covid-19\/","name":"Covid 19 Argibideak - Hasparren, commune du Pays Basque","isPartOf":{"@id":"https:\/\/hasparren.fr\/#website"},"datePublished":"2021-03-16T16:57:33+00:00","dateModified":"2022-01-26T10:29:00+00:00","breadcrumb":{"@id":"https:\/\/hasparren.fr\/eu\/infos-covid-19\/#breadcrumb"},"inLanguage":"eu","potentialAction":[{"@type":"ReadAction","target":["https:\/\/hasparren.fr\/eu\/infos-covid-19\/"]}]},{"@type":"BreadcrumbList","@id":"https:\/\/hasparren.fr\/eu\/infos-covid-19\/#breadcrumb","itemListElement":[{"@type":"ListItem","position":1,"name":"Accueil","item":"https:\/\/hasparren.fr\/eu\/"},{"@type":"ListItem","position":2,"name":"Covid 19 Argibideak"}]},{"@type":"WebSite","@id":"https:\/\/hasparren.fr\/#website","url":"https:\/\/hasparren.fr\/","name":"Hasparren, commune du Pays Basque","description":"Hasparren, commune du Pays Basque","potentialAction":[{"@type":"SearchAction","target":{"@type":"EntryPoint","urlTemplate":"https:\/\/hasparren.fr\/?s={search_term_string}"},"query-input":{"@type":"PropertyValueSpecification","valueRequired":true,"valueName":"search_term_string"}}],"inLanguage":"eu"}]}},"publishpress_future_action":{"enabled":false,"date":"2026-04-12 19:13:15","action":"change-status","newStatus":"draft","terms":[],"taxonomy":"translation_priority","extraData":[]},"publishpress_future_workflow_manual_trigger":{"enabledWorkflows":[]},"_links":{"self":[{"href":"https:\/\/hasparren.fr\/eu\/wp-json\/wp\/v2\/pages\/19787","targetHints":{"allow":["GET"]}}],"collection":[{"href":"https:\/\/hasparren.fr\/eu\/wp-json\/wp\/v2\/pages"}],"about":[{"href":"https:\/\/hasparren.fr\/eu\/wp-json\/wp\/v2\/types\/page"}],"author":[{"embeddable":true,"href":"https:\/\/hasparren.fr\/eu\/wp-json\/wp\/v2\/users\/14"}],"replies":[{"embeddable":true,"href":"https:\/\/hasparren.fr\/eu\/wp-json\/wp\/v2\/comments?post=19787"}],"version-history":[{"count":16,"href":"https:\/\/hasparren.fr\/eu\/wp-json\/wp\/v2\/pages\/19787\/revisions"}],"predecessor-version":[{"id":30093,"href":"https:\/\/hasparren.fr\/eu\/wp-json\/wp\/v2\/pages\/19787\/revisions\/30093"}],"wp:attachment":[{"href":"https:\/\/hasparren.fr\/eu\/wp-json\/wp\/v2\/media?parent=19787"}],"curies":[{"name":"wp","href":"https:\/\/api.w.org\/{rel}","templated":true}]}}