{"id":22448,"date":"2021-09-15T12:01:51","date_gmt":"2021-09-15T10:01:51","guid":{"rendered":"http:\/\/s864240641.onlinehome.fr\/NewWp\/aide\/"},"modified":"2022-01-26T11:34:27","modified_gmt":"2022-01-26T10:34:27","slug":"aide","status":"publish","type":"page","link":"https:\/\/hasparren.fr\/eu\/aide\/","title":{"rendered":"Erabilerrextasuna"},"content":{"rendered":"<h2>Introduction<\/h2>\n<p>Cette page vise \u00e0 vous guider dans l&#8217;utilisation du site.<\/p>\n<p>Pour conna\u00eetre le niveau d&#8217;accessibilit\u00e9 de ce site, visitez la d\u00e9claration de conformit\u00e9 au RGAA 4.1 .<\/p>\n<p>L&#8217;initiative internationale pour l&#8217;acessibilit\u00e9 du Web (WAI) d\u00e9finit l&#8217;accessibilit\u00e9 du Web comme suit :<\/p>\n<blockquote>\n<p>\u00ab\u00a0L&#8217;accessibilit\u00e9 du Web signifie que les personnes en situation de handicap peuvent utiliser le Web. Plus pr\u00e9cis\u00e9ment, qu&#8217;elles peuvent percevoir, comprendre, naviguer et interagir avec le Web, et qu&#8217;elles peuvent contribuer sur le Web. L&#8217;accessibilit\u00e9 du Web b\u00e9n\u00e9ficie aussi \u00e0 d&#8217;autres, notamment les personnes \u00e2g\u00e9es dont les capacit\u00e9s changent avec l&#8217;\u00e2ge.<br \/>\nL&#8217;accessibilit\u00e9 du Web comprend tous les handicaps qui affectent l&#8217;acc\u00e8s au Web, ce qui inclut les handicaps visuels, auditifs, physiques, de parole, cognitifs et neurologiques.\u00a0\u00bb<\/p>\n<\/blockquote>\n<p>Voir\u00a0<a href=\"https:\/\/www.w3.org\/WAI\/intro\/accessibility.php\" target=\"_blank\" rel=\"noopener\">l&#8217;introduction de la WAI<\/a>.<\/p>\n<h2>Organisation du site<\/h2>\n<p>Le site est structur\u00e9 en 6 rubriques, chacune accessible depuis le menu de navigation principal :<\/p>\n<ul>\n<li><a href=\"https:\/\/hasparren.fr\/eu\/infos-covid-19\/\" target=\"_blank\" rel=\"noopener\">Infos Covid 19<\/a><\/li>\n<li><a href=\"https:\/\/hasparren.fr\/eu\/mairie\/\" target=\"_blank\" rel=\"noopener\">Vie municipale<\/a><\/li>\n<li><a href=\"https:\/\/hasparren.fr\/eu\/la-vie-pratique\/\" target=\"_blank\" rel=\"noopener\">Vie pratique<\/a><\/li>\n<li><a href=\"https:\/\/hasparren.fr\/eu\/vosdemarches\/\" target=\"_blank\" rel=\"noopener\">Vos d\u00e9marches<\/a><\/li>\n<li><a href=\"https:\/\/hasparren.fr\/eu\/famille-social\/\" target=\"_blank\" rel=\"noopener\">Famille et social<\/a><\/li>\n<li><a href=\"https:\/\/hasparren.fr\/eu\/culture-sports\/\" target=\"_blank\" rel=\"noopener\">Vie culturelle et sportive<\/a><\/li>\n<li><a href=\"https:\/\/hasparren.fr\/eu\/le-tourisme-2\/\" target=\"_blank\" rel=\"noopener\">Patrimoine et tourisme<\/a><\/li>\n<\/ul>\n<h2>Autres syst\u00e8mes de navigation :<\/h2>\n<ul>\n<li>un plan du site accessible via un lien situ\u00e9 en pied de page\u00a0;<\/li>\n<li>un fil d&#8217;Ariane plac\u00e9 directement sous le menu principal vous indique o\u00f9 vous vous trouvez et le chemin parcouru pour arriver \u00e0 la page o\u00f9 vous \u00eates.<\/li>\n<li>Un moteur de recherche plac\u00e9 dans le menu principal<\/li>\n<\/ul>\n<h2>Navigation par titre<\/h2>\n<ul>\n<li>Le titre de niveau 1 correspond au titre de la page<\/li>\n<li>Les titre des niveau 2 sont les titres des paragraphes de la page consult\u00e9e.<\/li>\n<li>Les titres de niveau 3 sont les sous-titres de page consult\u00e9e.<\/li>\n<\/ul>\n<p>La plupart des technologies d&#8217;assistance et des navigateurs facilitent la navigation par les titres. La plupart des lecteurs d&#8217;\u00e9cran fournissent une fonctionnalit\u00e9 pour sauter au titre suivant.<\/p>\n<h2>Liens d&#8217;acc\u00e8s rapides<\/h2>\n<p>Les liens d&#8217;acc\u00e8s rapide, pr\u00e9sents au d\u00e9but du document, permettent une navigation facilit\u00e9e vers les r\u00e9gions principales des pages.<\/p>\n<h2>Version imprimable<\/h2>\n<p>Lors de l&#8217;impression d&#8217;une page, en utilisant le bouton &#8211; PrintFriendly, situ\u00e9 en bas de page, les \u00e9l\u00e9ments de navigation du site seront masqu\u00e9s afin que seul le contenu soit imprim\u00e9.<\/p>\n<h2>Version PDF<\/h2>\n<p>Une version PDF peut \u00eatre g\u00e9n\u00e9r\u00e9e via le le bouton &#8211; PrintFriendly, situ\u00e9 en bas de page.<\/p>\n<h2>Plugins necessaires \u00e0 la consultation du site<\/h2>\n<p>Pour pouvoir visualiser les documents pr\u00e9sents sur ce site, vous avez besoin du module compl\u00e9mentaire gratuit suivant (cliquez sur le lien ci-dessous, il vous suffit de suivre les instructions qui s&#8217;affichent).<\/p>\n<p><a title=\"Adobe Acrobat Reader (nouvelle fen\u00eatre)\" href=\"http:\/\/get.adobe.com\/fr\/reader\/\" target=\"_blank\" rel=\"noopener noreferrer\">Adobe Acrobat Reader<\/a>\u00a0pour lire les fichiers au format PDF propos\u00e9s au t\u00e9l\u00e9chargement.<\/p>\n<h2>Signaler un dysfonctionnement<\/h2>\n<p>Si, malgr\u00e9 notre vigilance, vous rencontriez le moindre probl\u00e8me d&#8217;accessibilit\u00e9 sur notre site, n&#8217;h\u00e9sitez pas \u00e0 nous \u00e9crire \u00e0 <a title=\"Envoyer un email \u00e0 la mairie de Hasparren - Nouvelle fen\u00eatre\" href=\"mailto:contact@ville-hasparren.fr\" target=\"_blank\" rel=\"noopener noreferrer\">contact@ville-hasparren.fr<\/a><\/p>\n<h2>D\u00e9fenseur des droits<\/h2>\n<p>Si vous constatez un d\u00e9faut d&#8217;accessibilit\u00e9 vous emp\u00eachant d&#8217;acc\u00e9der \u00e0 un contenu ou une fonctionnalit\u00e9 du site, que vous nous le signalez et que vous ne parvenez pas \u00e0 obtenir une r\u00e9ponse rapide de notre part, vous \u00eates en droit de faire parvenir vos dol\u00e9ances ou une demande de saisine au D\u00e9fenseur des droits. Plusieurs moyens sont \u00e0 votre disposition :<\/p>\n<ul>\n<li>un\u00a0<a title=\"Formulaire de contact du d\u00e9fenseur des droits (nouvelle fen\u00eatre)\" href=\"http:\/\/www.defenseurdesdroits.fr\/contact\" target=\"_blank\" rel=\"noopener noreferrer\">formulaire de contact<\/a><\/li>\n<li>la\u00a0<a title=\"Liste du ou des d\u00e9l\u00e9gu\u00e9s de votre r\u00e9gion (nouvelle fen\u00eatre)\" href=\"https:\/\/www.defenseurdesdroits.fr\/fr\/saisir\/delegues\" target=\"_blank\" rel=\"noopener noreferrer\">liste du ou des d\u00e9l\u00e9gu\u00e9s de votre r\u00e9gion<\/a>\u00a0avec leurs informations de contact directs<\/li>\n<li>une adresse postale, par courrier gratuit, sans affranchissement : Le D\u00e9fenseur des droits \u2013 Libre r\u00e9ponse 71120 \u2013 75342 Paris Cedex 07.<\/li>\n<\/ul>\n","protected":false},"excerpt":{"rendered":"<p>Introduction Cette page vise \u00e0 vous guider dans l&#8217;utilisation du site. Pour conna\u00eetre le niveau d&#8217;accessibilit\u00e9 de ce site, visitez la d\u00e9claration de conformit\u00e9 au RGAA 4.1 . L&#8217;initiative internationale [&hellip;]<\/p>\n","protected":false},"author":14,"featured_media":0,"parent":0,"menu_order":0,"comment_status":"closed","ping_status":"closed","template":"","meta":{"_acf_changed":false,"cybocfi_hide_featured_image":"","footnotes":""},"class_list":["post-22448","page","type-page","status-publish","hentry","clearfix"],"acf":[],"yoast_head":"<!-- This site is optimized with the Yoast SEO plugin v27.4 - https:\/\/yoast.com\/product\/yoast-seo-wordpress\/ -->\n<title>Erabilerrextasuna - Hasparren, commune du Pays Basque<\/title>\n<meta name=\"robots\" content=\"index, follow, max-snippet:-1, max-image-preview:large, max-video-preview:-1\" \/>\n<link rel=\"canonical\" href=\"https:\/\/hasparren.fr\/eu\/aide\/\" \/>\n<meta property=\"og:locale\" content=\"eu_ES\" \/>\n<meta property=\"og:type\" content=\"article\" \/>\n<meta property=\"og:title\" content=\"Erabilerrextasuna - Hasparren, commune du Pays Basque\" \/>\n<meta property=\"og:description\" content=\"Introduction Cette page vise \u00e0 vous guider dans l&#8217;utilisation du site. Pour conna\u00eetre le niveau d&#8217;accessibilit\u00e9 de ce site, visitez la d\u00e9claration de conformit\u00e9 au RGAA 4.1 . L&#8217;initiative internationale [&hellip;]\" \/>\n<meta property=\"og:url\" content=\"https:\/\/hasparren.fr\/eu\/aide\/\" \/>\n<meta property=\"og:site_name\" content=\"Hasparren, commune du Pays Basque\" \/>\n<meta property=\"article:modified_time\" content=\"2022-01-26T10:34:27+00:00\" \/>\n<meta name=\"twitter:card\" content=\"summary_large_image\" \/>\n<meta name=\"twitter:label1\" content=\"Est. reading time\" \/>\n\t<meta name=\"twitter:data1\" content=\"3 minutua\" \/>\n<script type=\"application\/ld+json\" class=\"yoast-schema-graph\">{\"@context\":\"https:\\\/\\\/schema.org\",\"@graph\":[{\"@type\":\"WebPage\",\"@id\":\"https:\\\/\\\/hasparren.fr\\\/eu\\\/aide\\\/\",\"url\":\"https:\\\/\\\/hasparren.fr\\\/eu\\\/aide\\\/\",\"name\":\"Erabilerrextasuna - Hasparren, commune du Pays Basque\",\"isPartOf\":{\"@id\":\"https:\\\/\\\/hasparren.fr\\\/#website\"},\"datePublished\":\"2021-09-15T10:01:51+00:00\",\"dateModified\":\"2022-01-26T10:34:27+00:00\",\"breadcrumb\":{\"@id\":\"https:\\\/\\\/hasparren.fr\\\/eu\\\/aide\\\/#breadcrumb\"},\"inLanguage\":\"eu\",\"potentialAction\":[{\"@type\":\"ReadAction\",\"target\":[\"https:\\\/\\\/hasparren.fr\\\/eu\\\/aide\\\/\"]}]},{\"@type\":\"BreadcrumbList\",\"@id\":\"https:\\\/\\\/hasparren.fr\\\/eu\\\/aide\\\/#breadcrumb\",\"itemListElement\":[{\"@type\":\"ListItem\",\"position\":1,\"name\":\"Accueil\",\"item\":\"https:\\\/\\\/hasparren.fr\\\/eu\\\/\"},{\"@type\":\"ListItem\",\"position\":2,\"name\":\"Erabilerrextasuna\"}]},{\"@type\":\"WebSite\",\"@id\":\"https:\\\/\\\/hasparren.fr\\\/#website\",\"url\":\"https:\\\/\\\/hasparren.fr\\\/\",\"name\":\"Hasparren, commune du Pays Basque\",\"description\":\"Hasparren, commune du Pays Basque\",\"potentialAction\":[{\"@type\":\"SearchAction\",\"target\":{\"@type\":\"EntryPoint\",\"urlTemplate\":\"https:\\\/\\\/hasparren.fr\\\/?s={search_term_string}\"},\"query-input\":{\"@type\":\"PropertyValueSpecification\",\"valueRequired\":true,\"valueName\":\"search_term_string\"}}],\"inLanguage\":\"eu\"}]}<\/script>\n<!-- \/ Yoast SEO plugin. -->","yoast_head_json":{"title":"Erabilerrextasuna - Hasparren, commune du Pays Basque","robots":{"index":"index","follow":"follow","max-snippet":"max-snippet:-1","max-image-preview":"max-image-preview:large","max-video-preview":"max-video-preview:-1"},"canonical":"https:\/\/hasparren.fr\/eu\/aide\/","og_locale":"eu_ES","og_type":"article","og_title":"Erabilerrextasuna - Hasparren, commune du Pays Basque","og_description":"Introduction Cette page vise \u00e0 vous guider dans l&#8217;utilisation du site. Pour conna\u00eetre le niveau d&#8217;accessibilit\u00e9 de ce site, visitez la d\u00e9claration de conformit\u00e9 au RGAA 4.1 . L&#8217;initiative internationale [&hellip;]","og_url":"https:\/\/hasparren.fr\/eu\/aide\/","og_site_name":"Hasparren, commune du Pays Basque","article_modified_time":"2022-01-26T10:34:27+00:00","twitter_card":"summary_large_image","twitter_misc":{"Est. reading time":"3 minutua"},"schema":{"@context":"https:\/\/schema.org","@graph":[{"@type":"WebPage","@id":"https:\/\/hasparren.fr\/eu\/aide\/","url":"https:\/\/hasparren.fr\/eu\/aide\/","name":"Erabilerrextasuna - Hasparren, commune du Pays Basque","isPartOf":{"@id":"https:\/\/hasparren.fr\/#website"},"datePublished":"2021-09-15T10:01:51+00:00","dateModified":"2022-01-26T10:34:27+00:00","breadcrumb":{"@id":"https:\/\/hasparren.fr\/eu\/aide\/#breadcrumb"},"inLanguage":"eu","potentialAction":[{"@type":"ReadAction","target":["https:\/\/hasparren.fr\/eu\/aide\/"]}]},{"@type":"BreadcrumbList","@id":"https:\/\/hasparren.fr\/eu\/aide\/#breadcrumb","itemListElement":[{"@type":"ListItem","position":1,"name":"Accueil","item":"https:\/\/hasparren.fr\/eu\/"},{"@type":"ListItem","position":2,"name":"Erabilerrextasuna"}]},{"@type":"WebSite","@id":"https:\/\/hasparren.fr\/#website","url":"https:\/\/hasparren.fr\/","name":"Hasparren, commune du Pays Basque","description":"Hasparren, commune du Pays Basque","potentialAction":[{"@type":"SearchAction","target":{"@type":"EntryPoint","urlTemplate":"https:\/\/hasparren.fr\/?s={search_term_string}"},"query-input":{"@type":"PropertyValueSpecification","valueRequired":true,"valueName":"search_term_string"}}],"inLanguage":"eu"}]}},"publishpress_future_action":{"enabled":false,"date":"2026-04-28 10:48:17","action":"change-status","newStatus":"draft","terms":[],"taxonomy":"translation_priority","extraData":[]},"publishpress_future_workflow_manual_trigger":{"enabledWorkflows":[]},"_links":{"self":[{"href":"https:\/\/hasparren.fr\/eu\/wp-json\/wp\/v2\/pages\/22448","targetHints":{"allow":["GET"]}}],"collection":[{"href":"https:\/\/hasparren.fr\/eu\/wp-json\/wp\/v2\/pages"}],"about":[{"href":"https:\/\/hasparren.fr\/eu\/wp-json\/wp\/v2\/types\/page"}],"author":[{"embeddable":true,"href":"https:\/\/hasparren.fr\/eu\/wp-json\/wp\/v2\/users\/14"}],"replies":[{"embeddable":true,"href":"https:\/\/hasparren.fr\/eu\/wp-json\/wp\/v2\/comments?post=22448"}],"version-history":[{"count":4,"href":"https:\/\/hasparren.fr\/eu\/wp-json\/wp\/v2\/pages\/22448\/revisions"}],"predecessor-version":[{"id":30102,"href":"https:\/\/hasparren.fr\/eu\/wp-json\/wp\/v2\/pages\/22448\/revisions\/30102"}],"wp:attachment":[{"href":"https:\/\/hasparren.fr\/eu\/wp-json\/wp\/v2\/media?parent=22448"}],"curies":[{"name":"wp","href":"https:\/\/api.w.org\/{rel}","templated":true}]}}