{"id":25053,"date":"2021-10-08T15:35:45","date_gmt":"2021-10-08T13:35:45","guid":{"rendered":"http:\/\/s864240641.onlinehome.fr\/NewWp\/famille-et-social\/eskolak\/les-ecoles\/"},"modified":"2022-01-12T13:36:56","modified_gmt":"2022-01-12T12:36:56","slug":"les-ecoles","status":"publish","type":"page","link":"https:\/\/hasparren.fr\/eu\/famille-et-social\/scolaire\/les-ecoles\/","title":{"rendered":"Eskolak"},"content":{"rendered":"<div id=\"pe-accordion-69e020731bdf15.20778641\" class=\"pe-accordion-container\"  aria-multiselectable=\"true\">\n<div class=\"pe-accordion\"><div id=\"pe-heading-69e020731bef2606101399\" class=\"pe-accordion-heading \" ><a href=\"#pe-accordion-69e020731bef8847274122\" role=\"button\" aria-expanded=\"false\" aria-controls=\"pe-accordion-69e020731bef8847274122\"><h3>Jean Verdun ikastetxea publikoa<\/h3><\/a><\/div><div id=\"pe-accordion-69e020731bef8847274122\" class=\"pe-accordion-content \"  aria-labelledby=\"pe-heading-69e020731bef2606101399\">\n<h2>Ama eskola<\/h2>\n<h3>Harreman<\/h3>\n<p><strong>Helbidea :<\/strong> 1 av. du G\u00e9n\u00e9ral de Gaulle \u2013 64240 Hasparren<br \/><strong>Telefono zenbakia<\/strong>\u00a0: <a href=\"tel:+33559291305\">05 59 29 13 05<\/a><\/p>\n<h2>1. Mailako<\/h2>\n<h3>Harreman<\/h3>\n<p><strong>Helbidea :<\/strong> 1 av. du G\u00e9n\u00e9ral de Gaulle \u2013 64240 Hasparren<br \/><strong>Telefono zenbakia<\/strong> : <a href=\"tel:+33559296287\" rel=\"\">05 59 29 62 87<\/a><\/p>\n<h3>Le dossier d&#8217;inscription<\/h3>\n<p><a href=\"https:\/\/espacefamille.aiga.fr\/index.html?dossier=12132#connexion&amp;160010\" target=\"_blank\" rel=\"noopener\">Sar saitez gure familien atarira<\/a><\/p>\n<h3>Plus d&#8217;informations<\/h3>\n<p><a title=\"Acc\u00e9der au site Internet de l'\u00e9cole Jean Verdun - www.webetab.ac-bordeaux.fr\/groupe-scolaire-hasparren - Nouvelle fen\u00eatre\" href=\"http:\/\/webetab.ac-bordeaux.fr\/groupe-scolaire-hasparren\/\" target=\"_blank\" rel=\"noopener noreferrer\">Acc\u00e9der au site Internet de l&#8217;\u00e9cole Jean Verdun<\/a><\/p>\n\n\n<\/div><\/div>\n<div class=\"pe-accordion\"><div id=\"pe-heading-69e020731bf78955411735\" class=\"pe-accordion-heading \" ><a href=\"#pe-accordion-69e020731bf7c093001518\" role=\"button\" aria-expanded=\"false\" aria-controls=\"pe-accordion-69e020731bf7c093001518\"><h3>Santa-Theresa ikastetxea pribatua<\/h3><\/a><\/div><div id=\"pe-accordion-69e020731bf7c093001518\" class=\"pe-accordion-content \"  aria-labelledby=\"pe-heading-69e020731bf78955411735\">\n<h2>Ama eskola eta 1. Mailako<\/h2>\n<h3>Harreman<\/h3>\n<p><strong>Helbidea<\/strong> : 1 rue Vicomtes de Sault &#8211; 64240 Hasparren<br \/><strong>Telefono zenbakia<\/strong> : <a href=\"tel:+33559295888\" rel=\"\">05 59 29 58 88<\/a><\/p>\n<h3>Plus d&#8217;informations<\/h3>\n<p><a title=\"Acc\u00e9der au site Internet de l'\u00e9cole maternelle et \u00e9l\u00e9mentaire Sainte Th\u00e9r\u00e8se - ecolesaintetheresehasparren.fr - Nouvelle fen\u00eatre\" href=\"http:\/\/ecolesaintetheresehasparren.fr\/\" target=\"_blank\" rel=\"noopener noreferrer\">Acc\u00e9der au site Internet de l&#8217;\u00e9cole maternelle et \u00e9l\u00e9mentaire Sainte Th\u00e9r\u00e8se<\/a><\/p>\n<\/div><\/div>\n<div class=\"pe-accordion\"><div id=\"pe-heading-69e020731bfae718778291\" class=\"pe-accordion-heading \" ><a href=\"#pe-accordion-69e020731bfb3235365375\" role=\"button\" aria-expanded=\"false\" aria-controls=\"pe-accordion-69e020731bfb3235365375\"><h3>Ikastola ikastetxea pribatua<\/h3><\/a><\/div><div id=\"pe-accordion-69e020731bfb3235365375\" class=\"pe-accordion-content \"  aria-labelledby=\"pe-heading-69e020731bfae718778291\">\n<h2>Ezkia Ikastola<\/h2>\n<h3>Harreman<\/h3>\n<p><strong>Helbidea<\/strong> : 3 place du Labourd &#8211; 64240 Hasparren<br \/><strong>Telefono zenbakia :<\/strong> <a href=\"tel:+33559291418\" rel=\"\">05 59 29 14 18<\/a><\/p>\n<h3>Plus d&#8217;informations<\/h3>\n<p><a title=\"Acc\u00e9der au site Internet de l'\u00e9cole ikastola - http:\/\/www.ezkia.org\/fr\/accueil - Nouvelle fen\u00eatre\" href=\"http:\/\/www.ezkia.org\/fr\/accueil\" target=\"_blank\" rel=\"noopener noreferrer\">Acc\u00e9der au site Internet de l&#8217;\u00e9cole ikastola<\/a><\/p>\n<\/div><\/div>\n<\/div>\n","protected":false},"excerpt":{"rendered":"","protected":false},"author":14,"featured_media":0,"parent":24947,"menu_order":0,"comment_status":"closed","ping_status":"closed","template":"","meta":{"_acf_changed":false,"cybocfi_hide_featured_image":"","footnotes":""},"class_list":["post-25053","page","type-page","status-publish","hentry","clearfix"],"acf":[],"yoast_head":"<!-- This site is optimized with the Yoast SEO plugin v27.4 - https:\/\/yoast.com\/product\/yoast-seo-wordpress\/ -->\n<title>Eskolak - Hasparren, commune du Pays Basque<\/title>\n<meta name=\"robots\" content=\"index, follow, max-snippet:-1, max-image-preview:large, max-video-preview:-1\" \/>\n<link rel=\"canonical\" href=\"https:\/\/hasparren.fr\/eu\/famille-et-social\/scolaire\/les-ecoles\/\" \/>\n<meta property=\"og:locale\" content=\"eu_ES\" \/>\n<meta property=\"og:type\" content=\"article\" \/>\n<meta property=\"og:title\" content=\"Eskolak - Hasparren, commune du Pays Basque\" \/>\n<meta property=\"og:url\" content=\"https:\/\/hasparren.fr\/eu\/famille-et-social\/scolaire\/les-ecoles\/\" \/>\n<meta property=\"og:site_name\" content=\"Hasparren, commune du Pays Basque\" \/>\n<meta property=\"article:modified_time\" content=\"2022-01-12T12:36:56+00:00\" \/>\n<meta name=\"twitter:card\" content=\"summary_large_image\" \/>\n<meta name=\"twitter:label1\" content=\"Est. reading time\" \/>\n\t<meta name=\"twitter:data1\" content=\"1 minutua\" \/>\n<script type=\"application\/ld+json\" class=\"yoast-schema-graph\">{\"@context\":\"https:\\\/\\\/schema.org\",\"@graph\":[{\"@type\":\"WebPage\",\"@id\":\"https:\\\/\\\/hasparren.fr\\\/eu\\\/famille-et-social\\\/scolaire\\\/les-ecoles\\\/\",\"url\":\"https:\\\/\\\/hasparren.fr\\\/eu\\\/famille-et-social\\\/scolaire\\\/les-ecoles\\\/\",\"name\":\"Eskolak - Hasparren, commune du Pays Basque\",\"isPartOf\":{\"@id\":\"https:\\\/\\\/hasparren.fr\\\/#website\"},\"datePublished\":\"2021-10-08T13:35:45+00:00\",\"dateModified\":\"2022-01-12T12:36:56+00:00\",\"breadcrumb\":{\"@id\":\"https:\\\/\\\/hasparren.fr\\\/eu\\\/famille-et-social\\\/scolaire\\\/les-ecoles\\\/#breadcrumb\"},\"inLanguage\":\"eu\",\"potentialAction\":[{\"@type\":\"ReadAction\",\"target\":[\"https:\\\/\\\/hasparren.fr\\\/eu\\\/famille-et-social\\\/scolaire\\\/les-ecoles\\\/\"]}]},{\"@type\":\"BreadcrumbList\",\"@id\":\"https:\\\/\\\/hasparren.fr\\\/eu\\\/famille-et-social\\\/scolaire\\\/les-ecoles\\\/#breadcrumb\",\"itemListElement\":[{\"@type\":\"ListItem\",\"position\":1,\"name\":\"Accueil\",\"item\":\"https:\\\/\\\/hasparren.fr\\\/eu\\\/\"},{\"@type\":\"ListItem\",\"position\":2,\"name\":\"Familia &#038; Gai Sozialak\",\"item\":\"https:\\\/\\\/hasparren.fr\\\/eu\\\/famille-et-social\\\/\"},{\"@type\":\"ListItem\",\"position\":3,\"name\":\"Eskolak\",\"item\":\"https:\\\/\\\/hasparren.fr\\\/eu\\\/famille-et-social\\\/scolaire\\\/\"},{\"@type\":\"ListItem\",\"position\":4,\"name\":\"Eskolak\"}]},{\"@type\":\"WebSite\",\"@id\":\"https:\\\/\\\/hasparren.fr\\\/#website\",\"url\":\"https:\\\/\\\/hasparren.fr\\\/\",\"name\":\"Hasparren, commune du Pays Basque\",\"description\":\"Hasparren, commune du Pays Basque\",\"potentialAction\":[{\"@type\":\"SearchAction\",\"target\":{\"@type\":\"EntryPoint\",\"urlTemplate\":\"https:\\\/\\\/hasparren.fr\\\/?s={search_term_string}\"},\"query-input\":{\"@type\":\"PropertyValueSpecification\",\"valueRequired\":true,\"valueName\":\"search_term_string\"}}],\"inLanguage\":\"eu\"}]}<\/script>\n<!-- \/ Yoast SEO plugin. -->","yoast_head_json":{"title":"Eskolak - Hasparren, commune du Pays Basque","robots":{"index":"index","follow":"follow","max-snippet":"max-snippet:-1","max-image-preview":"max-image-preview:large","max-video-preview":"max-video-preview:-1"},"canonical":"https:\/\/hasparren.fr\/eu\/famille-et-social\/scolaire\/les-ecoles\/","og_locale":"eu_ES","og_type":"article","og_title":"Eskolak - Hasparren, commune du Pays Basque","og_url":"https:\/\/hasparren.fr\/eu\/famille-et-social\/scolaire\/les-ecoles\/","og_site_name":"Hasparren, commune du Pays Basque","article_modified_time":"2022-01-12T12:36:56+00:00","twitter_card":"summary_large_image","twitter_misc":{"Est. reading time":"1 minutua"},"schema":{"@context":"https:\/\/schema.org","@graph":[{"@type":"WebPage","@id":"https:\/\/hasparren.fr\/eu\/famille-et-social\/scolaire\/les-ecoles\/","url":"https:\/\/hasparren.fr\/eu\/famille-et-social\/scolaire\/les-ecoles\/","name":"Eskolak - Hasparren, commune du Pays Basque","isPartOf":{"@id":"https:\/\/hasparren.fr\/#website"},"datePublished":"2021-10-08T13:35:45+00:00","dateModified":"2022-01-12T12:36:56+00:00","breadcrumb":{"@id":"https:\/\/hasparren.fr\/eu\/famille-et-social\/scolaire\/les-ecoles\/#breadcrumb"},"inLanguage":"eu","potentialAction":[{"@type":"ReadAction","target":["https:\/\/hasparren.fr\/eu\/famille-et-social\/scolaire\/les-ecoles\/"]}]},{"@type":"BreadcrumbList","@id":"https:\/\/hasparren.fr\/eu\/famille-et-social\/scolaire\/les-ecoles\/#breadcrumb","itemListElement":[{"@type":"ListItem","position":1,"name":"Accueil","item":"https:\/\/hasparren.fr\/eu\/"},{"@type":"ListItem","position":2,"name":"Familia &#038; Gai Sozialak","item":"https:\/\/hasparren.fr\/eu\/famille-et-social\/"},{"@type":"ListItem","position":3,"name":"Eskolak","item":"https:\/\/hasparren.fr\/eu\/famille-et-social\/scolaire\/"},{"@type":"ListItem","position":4,"name":"Eskolak"}]},{"@type":"WebSite","@id":"https:\/\/hasparren.fr\/#website","url":"https:\/\/hasparren.fr\/","name":"Hasparren, commune du Pays Basque","description":"Hasparren, commune du Pays Basque","potentialAction":[{"@type":"SearchAction","target":{"@type":"EntryPoint","urlTemplate":"https:\/\/hasparren.fr\/?s={search_term_string}"},"query-input":{"@type":"PropertyValueSpecification","valueRequired":true,"valueName":"search_term_string"}}],"inLanguage":"eu"}]}},"publishpress_future_action":{"enabled":false,"date":"2026-04-23 01:34:11","action":"change-status","newStatus":"draft","terms":[],"taxonomy":"translation_priority","extraData":[]},"publishpress_future_workflow_manual_trigger":{"enabledWorkflows":[]},"_links":{"self":[{"href":"https:\/\/hasparren.fr\/eu\/wp-json\/wp\/v2\/pages\/25053","targetHints":{"allow":["GET"]}}],"collection":[{"href":"https:\/\/hasparren.fr\/eu\/wp-json\/wp\/v2\/pages"}],"about":[{"href":"https:\/\/hasparren.fr\/eu\/wp-json\/wp\/v2\/types\/page"}],"author":[{"embeddable":true,"href":"https:\/\/hasparren.fr\/eu\/wp-json\/wp\/v2\/users\/14"}],"replies":[{"embeddable":true,"href":"https:\/\/hasparren.fr\/eu\/wp-json\/wp\/v2\/comments?post=25053"}],"version-history":[{"count":10,"href":"https:\/\/hasparren.fr\/eu\/wp-json\/wp\/v2\/pages\/25053\/revisions"}],"predecessor-version":[{"id":29323,"href":"https:\/\/hasparren.fr\/eu\/wp-json\/wp\/v2\/pages\/25053\/revisions\/29323"}],"up":[{"embeddable":true,"href":"https:\/\/hasparren.fr\/eu\/wp-json\/wp\/v2\/pages\/24947"}],"wp:attachment":[{"href":"https:\/\/hasparren.fr\/eu\/wp-json\/wp\/v2\/media?parent=25053"}],"curies":[{"name":"wp","href":"https:\/\/api.w.org\/{rel}","templated":true}]}}