{"id":25058,"date":"2021-10-08T15:37:12","date_gmt":"2021-10-08T13:37:12","guid":{"rendered":"http:\/\/s864240641.onlinehome.fr\/NewWp\/famille-et-social\/eskolak\/les-colleges\/"},"modified":"2022-01-12T12:25:10","modified_gmt":"2022-01-12T11:25:10","slug":"les-colleges","status":"publish","type":"page","link":"https:\/\/hasparren.fr\/eu\/famille-et-social\/scolaire\/les-colleges\/","title":{"rendered":"Kolegioak"},"content":{"rendered":"<div id=\"pe-accordion-69e9ecfb06ea19.01155201\" class=\"pe-accordion-container\"  aria-multiselectable=\"true\">\n<div class=\"pe-accordion\"><div id=\"pe-heading-69e9ecfb07027678121671\" class=\"pe-accordion-heading \" ><a href=\"#pe-accordion-69e9ecfb07030484983981\" role=\"button\" aria-expanded=\"false\" aria-controls=\"pe-accordion-69e9ecfb07030484983981\"><h3>Elhuyar kolegio publikoa<\/h3><\/a><\/div><div id=\"pe-accordion-69e9ecfb07030484983981\" class=\"pe-accordion-content \"  aria-labelledby=\"pe-heading-69e9ecfb07027678121671\">\n<h3>Harreman<\/h3>\n<p><strong>Helbidea :<\/strong> 3 av. du G\u00e9n\u00e9ral de Gaulle \u2013 64240 Hasparren<br \/>\n<strong>Telefono zenbakia : <\/strong><a href=\"tel:+33559702980\" rel=\"\">05 59 70 29 80<\/a><\/p>\n<h3>Plus d&#8217;informations<\/h3>\n<p><a title=\"Acc\u00e9der au site Internet du Coll\u00e8ge public Elhuyar - www.college-elhuyar.fr - Nouvelle fen\u00eatre\" href=\"https:\/\/www.college-elhuyar.fr\/\" target=\"_blank\" rel=\"noopener noreferrer\">Acc\u00e9der au site Internet du Coll\u00e8ge public Elhuyar<\/a><br \/>\n<\/div><\/div>\n<div class=\"pe-accordion\"><div id=\"pe-heading-69e9ecfb070a7095854685\" class=\"pe-accordion-heading \" ><a href=\"#pe-accordion-69e9ecfb070ac284511893\" role=\"button\" aria-expanded=\"false\" aria-controls=\"pe-accordion-69e9ecfb070ac284511893\"><h3>Ursuya kolegio pribatua<\/h3><\/a><\/div><div id=\"pe-accordion-69e9ecfb070ac284511893\" class=\"pe-accordion-content \"  aria-labelledby=\"pe-heading-69e9ecfb070a7095854685\">\n<h3>Harreman<\/h3>\n<p><strong>Helbidea : <\/strong> Rue Yats &#8211; 3 place Monseigneur Mathieu &#8211; 64240 Hasparren<br \/>\n<strong>Telefono zenbakia<\/strong><strong> :<\/strong> <a href=\"tel:+33559296289\" rel=\"\">05 59 29 62 89<\/a><br \/>\n<strong>Email :<\/strong> <a href=\"mailto:accueil@collegeursuya.fr\" target=\"_blank\" rel=\"noopener noreferrer\">accueil@collegeursuya.fr<\/a><\/p>\n<h3>Plus d&#8217;informations<\/h3>\n<p><a title=\"Acc\u00e9der au site Internet du Coll\u00e8ge priv\u00e9 Ursuya - www.college-elhuyar.fr - Nouvelle fen\u00eatre\" href=\"https:\/\/collegeursuya.fr\/\" target=\"_blank\" rel=\"noopener noreferrer\">Acc\u00e9der au site Internet du Coll\u00e8ge priv\u00e9 Ursuya<\/a><br \/>\n<\/div><\/div>\n<\/div>\n","protected":false},"excerpt":{"rendered":"","protected":false},"author":14,"featured_media":0,"parent":24947,"menu_order":0,"comment_status":"closed","ping_status":"closed","template":"","meta":{"_acf_changed":false,"cybocfi_hide_featured_image":"","footnotes":""},"class_list":["post-25058","page","type-page","status-publish","hentry","clearfix"],"acf":[],"yoast_head":"<!-- This site is optimized with the Yoast SEO plugin v27.4 - https:\/\/yoast.com\/product\/yoast-seo-wordpress\/ -->\n<title>Kolegioak - Hasparren, commune du Pays Basque<\/title>\n<meta name=\"robots\" content=\"index, follow, max-snippet:-1, max-image-preview:large, max-video-preview:-1\" \/>\n<link rel=\"canonical\" href=\"https:\/\/hasparren.fr\/eu\/famille-et-social\/scolaire\/les-colleges\/\" \/>\n<meta property=\"og:locale\" content=\"eu_ES\" \/>\n<meta property=\"og:type\" content=\"article\" \/>\n<meta property=\"og:title\" content=\"Kolegioak - Hasparren, commune du Pays Basque\" \/>\n<meta property=\"og:url\" content=\"https:\/\/hasparren.fr\/eu\/famille-et-social\/scolaire\/les-colleges\/\" \/>\n<meta property=\"og:site_name\" content=\"Hasparren, commune du Pays Basque\" \/>\n<meta property=\"article:modified_time\" content=\"2022-01-12T11:25:10+00:00\" \/>\n<meta name=\"twitter:card\" content=\"summary_large_image\" \/>\n<meta name=\"twitter:label1\" content=\"Est. reading time\" \/>\n\t<meta name=\"twitter:data1\" content=\"1 minutua\" \/>\n<script type=\"application\/ld+json\" class=\"yoast-schema-graph\">{\"@context\":\"https:\\\/\\\/schema.org\",\"@graph\":[{\"@type\":\"WebPage\",\"@id\":\"https:\\\/\\\/hasparren.fr\\\/eu\\\/famille-et-social\\\/scolaire\\\/les-colleges\\\/\",\"url\":\"https:\\\/\\\/hasparren.fr\\\/eu\\\/famille-et-social\\\/scolaire\\\/les-colleges\\\/\",\"name\":\"Kolegioak - Hasparren, commune du Pays Basque\",\"isPartOf\":{\"@id\":\"https:\\\/\\\/hasparren.fr\\\/#website\"},\"datePublished\":\"2021-10-08T13:37:12+00:00\",\"dateModified\":\"2022-01-12T11:25:10+00:00\",\"breadcrumb\":{\"@id\":\"https:\\\/\\\/hasparren.fr\\\/eu\\\/famille-et-social\\\/scolaire\\\/les-colleges\\\/#breadcrumb\"},\"inLanguage\":\"eu\",\"potentialAction\":[{\"@type\":\"ReadAction\",\"target\":[\"https:\\\/\\\/hasparren.fr\\\/eu\\\/famille-et-social\\\/scolaire\\\/les-colleges\\\/\"]}]},{\"@type\":\"BreadcrumbList\",\"@id\":\"https:\\\/\\\/hasparren.fr\\\/eu\\\/famille-et-social\\\/scolaire\\\/les-colleges\\\/#breadcrumb\",\"itemListElement\":[{\"@type\":\"ListItem\",\"position\":1,\"name\":\"Accueil\",\"item\":\"https:\\\/\\\/hasparren.fr\\\/eu\\\/\"},{\"@type\":\"ListItem\",\"position\":2,\"name\":\"Familia &#038; Gai Sozialak\",\"item\":\"https:\\\/\\\/hasparren.fr\\\/eu\\\/famille-et-social\\\/\"},{\"@type\":\"ListItem\",\"position\":3,\"name\":\"Eskolak\",\"item\":\"https:\\\/\\\/hasparren.fr\\\/eu\\\/famille-et-social\\\/scolaire\\\/\"},{\"@type\":\"ListItem\",\"position\":4,\"name\":\"Kolegioak\"}]},{\"@type\":\"WebSite\",\"@id\":\"https:\\\/\\\/hasparren.fr\\\/#website\",\"url\":\"https:\\\/\\\/hasparren.fr\\\/\",\"name\":\"Hasparren, commune du Pays Basque\",\"description\":\"Hasparren, commune du Pays Basque\",\"potentialAction\":[{\"@type\":\"SearchAction\",\"target\":{\"@type\":\"EntryPoint\",\"urlTemplate\":\"https:\\\/\\\/hasparren.fr\\\/?s={search_term_string}\"},\"query-input\":{\"@type\":\"PropertyValueSpecification\",\"valueRequired\":true,\"valueName\":\"search_term_string\"}}],\"inLanguage\":\"eu\"}]}<\/script>\n<!-- \/ Yoast SEO plugin. -->","yoast_head_json":{"title":"Kolegioak - Hasparren, commune du Pays Basque","robots":{"index":"index","follow":"follow","max-snippet":"max-snippet:-1","max-image-preview":"max-image-preview:large","max-video-preview":"max-video-preview:-1"},"canonical":"https:\/\/hasparren.fr\/eu\/famille-et-social\/scolaire\/les-colleges\/","og_locale":"eu_ES","og_type":"article","og_title":"Kolegioak - Hasparren, commune du Pays Basque","og_url":"https:\/\/hasparren.fr\/eu\/famille-et-social\/scolaire\/les-colleges\/","og_site_name":"Hasparren, commune du Pays Basque","article_modified_time":"2022-01-12T11:25:10+00:00","twitter_card":"summary_large_image","twitter_misc":{"Est. reading time":"1 minutua"},"schema":{"@context":"https:\/\/schema.org","@graph":[{"@type":"WebPage","@id":"https:\/\/hasparren.fr\/eu\/famille-et-social\/scolaire\/les-colleges\/","url":"https:\/\/hasparren.fr\/eu\/famille-et-social\/scolaire\/les-colleges\/","name":"Kolegioak - Hasparren, commune du Pays Basque","isPartOf":{"@id":"https:\/\/hasparren.fr\/#website"},"datePublished":"2021-10-08T13:37:12+00:00","dateModified":"2022-01-12T11:25:10+00:00","breadcrumb":{"@id":"https:\/\/hasparren.fr\/eu\/famille-et-social\/scolaire\/les-colleges\/#breadcrumb"},"inLanguage":"eu","potentialAction":[{"@type":"ReadAction","target":["https:\/\/hasparren.fr\/eu\/famille-et-social\/scolaire\/les-colleges\/"]}]},{"@type":"BreadcrumbList","@id":"https:\/\/hasparren.fr\/eu\/famille-et-social\/scolaire\/les-colleges\/#breadcrumb","itemListElement":[{"@type":"ListItem","position":1,"name":"Accueil","item":"https:\/\/hasparren.fr\/eu\/"},{"@type":"ListItem","position":2,"name":"Familia &#038; Gai Sozialak","item":"https:\/\/hasparren.fr\/eu\/famille-et-social\/"},{"@type":"ListItem","position":3,"name":"Eskolak","item":"https:\/\/hasparren.fr\/eu\/famille-et-social\/scolaire\/"},{"@type":"ListItem","position":4,"name":"Kolegioak"}]},{"@type":"WebSite","@id":"https:\/\/hasparren.fr\/#website","url":"https:\/\/hasparren.fr\/","name":"Hasparren, commune du Pays Basque","description":"Hasparren, commune du Pays Basque","potentialAction":[{"@type":"SearchAction","target":{"@type":"EntryPoint","urlTemplate":"https:\/\/hasparren.fr\/?s={search_term_string}"},"query-input":{"@type":"PropertyValueSpecification","valueRequired":true,"valueName":"search_term_string"}}],"inLanguage":"eu"}]}},"publishpress_future_action":{"enabled":false,"date":"2026-04-30 11:57:15","action":"change-status","newStatus":"draft","terms":[],"taxonomy":"translation_priority","extraData":[]},"publishpress_future_workflow_manual_trigger":{"enabledWorkflows":[]},"_links":{"self":[{"href":"https:\/\/hasparren.fr\/eu\/wp-json\/wp\/v2\/pages\/25058","targetHints":{"allow":["GET"]}}],"collection":[{"href":"https:\/\/hasparren.fr\/eu\/wp-json\/wp\/v2\/pages"}],"about":[{"href":"https:\/\/hasparren.fr\/eu\/wp-json\/wp\/v2\/types\/page"}],"author":[{"embeddable":true,"href":"https:\/\/hasparren.fr\/eu\/wp-json\/wp\/v2\/users\/14"}],"replies":[{"embeddable":true,"href":"https:\/\/hasparren.fr\/eu\/wp-json\/wp\/v2\/comments?post=25058"}],"version-history":[{"count":6,"href":"https:\/\/hasparren.fr\/eu\/wp-json\/wp\/v2\/pages\/25058\/revisions"}],"predecessor-version":[{"id":29321,"href":"https:\/\/hasparren.fr\/eu\/wp-json\/wp\/v2\/pages\/25058\/revisions\/29321"}],"up":[{"embeddable":true,"href":"https:\/\/hasparren.fr\/eu\/wp-json\/wp\/v2\/pages\/24947"}],"wp:attachment":[{"href":"https:\/\/hasparren.fr\/eu\/wp-json\/wp\/v2\/media?parent=25058"}],"curies":[{"name":"wp","href":"https:\/\/api.w.org\/{rel}","templated":true}]}}