{"id":25070,"date":"2021-10-08T15:37:58","date_gmt":"2021-10-08T13:37:58","guid":{"rendered":"http:\/\/s864240641.onlinehome.fr\/NewWp\/famille-et-social\/eskolak\/lycees\/"},"modified":"2022-01-26T11:07:00","modified_gmt":"2022-01-26T10:07:00","slug":"lycees","status":"publish","type":"page","link":"https:\/\/hasparren.fr\/eu\/famille-et-social\/scolaire\/lycees\/","title":{"rendered":"Lizeoak"},"content":{"rendered":"<div id=\"pe-accordion-69d07998d64f20.11053072\" class=\"pe-accordion-container\"  aria-multiselectable=\"true\">\n<div class=\"pe-accordion\"><div id=\"pe-heading-69d07998d667d949084787\" class=\"pe-accordion-heading \" ><a href=\"#pe-accordion-69d07998d6686426695425\" role=\"button\" aria-expanded=\"false\" aria-controls=\"pe-accordion-69d07998d6686426695425\"><h3>Saint Joseph lizeo pribatua<\/h3><\/a><\/div><div id=\"pe-accordion-69d07998d6686426695425\" class=\"pe-accordion-content \"  aria-labelledby=\"pe-heading-69d07998d667d949084787\">\n<h3>Harreman<\/h3>\n<p><strong>Helbidea : <\/strong>\u00a01 Route des Missionnaires &#8211; 64240 Hasparren <br \/>\n<strong>Telefono zenbakia <\/strong><strong>:<\/strong> <a href=\"tel:+33559702930\" rel=\"\">05 59 70 29 30<\/a> <br \/>\n<strong>Email :<\/strong> <span style=\"color: #000000;\"><a title=\"Email du Lyc\u00e9e professionnel hasparren@cneap.fr\" href=\"mailto:hasparren@cneap.fr\" target=\"_blank\" rel=\"noopener noreferrer\"><span style=\"color: #036085;\">hasparren@cneap.fr<\/span><\/a><\/span><\/p>\n<h3>Plus d&#8217;informations<\/h3>\n<p><a title=\"Acc\u00e9der au site Internet du Lyc\u00e9e priv\u00e9 Saint Joseph - https:\/\/www.st-joseph-hasparren.fr\/ - Nouvelle fen\u00eatre\" href=\"https:\/\/www.st-joseph-hasparren.fr\/\" target=\"_blank\" rel=\"noopener noreferrer\">Acc\u00e9der au site Internet du Lyc\u00e9e Saint Joseph\u00a0<\/a><\/p>\n<\/div><\/div>\n<div class=\"pe-accordion\"><div id=\"pe-heading-69d07998d670d465798566\" class=\"pe-accordion-heading \" ><a href=\"#pe-accordion-69d07998d6713483876274\" role=\"button\" aria-expanded=\"false\" aria-controls=\"pe-accordion-69d07998d6713483876274\"><h3>Armand David lizeo pribatua<\/h3><\/a><\/div><div id=\"pe-accordion-69d07998d6713483876274\" class=\"pe-accordion-content \"  aria-labelledby=\"pe-heading-69d07998d670d465798566\">\n<h3>Harreman<\/h3>\n<p><strong>Helbidea :<\/strong> 1 Route des Missionnaires &#8211; 64240 Hasparren <br \/>\n<strong>Telefono zenbakia :<\/strong> <a href=\"tel:+33559702717\" rel=\"\">05 59 70 27 17<\/a> <br \/>\n<strong>Email :<\/strong> <span style=\"color: #000000;\"><a title=\"Email du Lyc\u00e9e agricole : hasparren@cneap.fr\" href=\"mailto:hasparren@cneap.fr\" target=\"_blank\" rel=\"noopener noreferrer\"><span style=\"color: #036085;\">hasparren@cneap.fr<\/span><\/a><\/span><\/p>\n<h3>Plus d&#8217;informations<\/h3>\n<p><a title=\"Acc\u00e9der au site Internet du Lyc\u00e9e Agricole et Horticole priv\u00e9 - www.lyceearmanddavid.fr\/ - Nouvelle fen\u00eatre\" href=\"https:\/\/www.lyceearmanddavid.fr\/\" target=\"_blank\" rel=\"noopener noreferrer\">Acc\u00e9der au site Internet du Lyc\u00e9e Agricole et Horticole priv\u00e9\u00a0<\/a><\/p>\n<\/div><\/div>\n<div class=\"pe-accordion\"><div id=\"pe-heading-69d07998d6767825733348\" class=\"pe-accordion-heading \" ><a href=\"#pe-accordion-69d07998d676b415982861\" role=\"button\" aria-expanded=\"false\" aria-controls=\"pe-accordion-69d07998d676b415982861\"><h3>C.F.A.A.<\/h3><\/a><\/div><div id=\"pe-accordion-69d07998d676b415982861\" class=\"pe-accordion-content \"  aria-labelledby=\"pe-heading-69d07998d6767825733348\">\n<h3>Contact<\/h3>\n<p><strong>Helbidea :<\/strong> Chemin Bordacharia &#8211; Route de Cambo &#8211; 64240 Hasparren <br \/>\n<strong>Telefono zenbakia :<\/strong><a href=\"tel:+33559291510\" rel=\"\"> 05 59 29 15 10<\/a> <br \/>\n<strong>Email :<\/strong> <span style=\"color: #000000;\"><strong><a href=\"mailto:contact@cfaa64.com\" target=\"_blank\" rel=\"noopener\">contact@cfaa64.com<\/a><\/strong><\/span><\/p>\n<h3>Plus d&#8217;informations<\/h3>\n<p><a title=\"Acc\u00e9der au site Internet du Acc\u00e9der au site Internet du C.F.A.A. (Centre de Formation Apprentis Agricoles) - http:\/\/cfaa64.com\/site-de-hasparren\/ - Nouvelle fen\u00eatre\" href=\"http:\/\/cfaa64.com\/site-de-hasparren\/\" target=\"_blank\" rel=\"noopener noreferrer\">Acc\u00e9der au site web du Centre de Formation Apprentis Agricoles<\/a> <span style=\"font-size: revert; color: initial;\"><\/div><\/div><\/span><\/p>\n<\/div>\n","protected":false},"excerpt":{"rendered":"","protected":false},"author":14,"featured_media":0,"parent":24947,"menu_order":0,"comment_status":"closed","ping_status":"closed","template":"","meta":{"_acf_changed":false,"cybocfi_hide_featured_image":"","footnotes":""},"class_list":["post-25070","page","type-page","status-publish","hentry","clearfix"],"acf":[],"yoast_head":"<!-- This site is optimized with the Yoast SEO plugin v27.3 - https:\/\/yoast.com\/product\/yoast-seo-wordpress\/ -->\n<title>Lizeoak - Hasparren, commune du Pays Basque<\/title>\n<meta name=\"robots\" content=\"index, follow, max-snippet:-1, max-image-preview:large, max-video-preview:-1\" \/>\n<link rel=\"canonical\" href=\"https:\/\/hasparren.fr\/eu\/famille-et-social\/scolaire\/lycees\/\" \/>\n<meta property=\"og:locale\" content=\"eu_ES\" \/>\n<meta property=\"og:type\" content=\"article\" \/>\n<meta property=\"og:title\" content=\"Lizeoak - Hasparren, commune du Pays Basque\" \/>\n<meta property=\"og:url\" content=\"https:\/\/hasparren.fr\/eu\/famille-et-social\/scolaire\/lycees\/\" \/>\n<meta property=\"og:site_name\" content=\"Hasparren, commune du Pays Basque\" \/>\n<meta property=\"article:modified_time\" content=\"2022-01-26T10:07:00+00:00\" \/>\n<meta name=\"twitter:card\" content=\"summary_large_image\" \/>\n<meta name=\"twitter:label1\" content=\"Est. reading time\" \/>\n\t<meta name=\"twitter:data1\" content=\"1 minutua\" \/>\n<script type=\"application\/ld+json\" class=\"yoast-schema-graph\">{\"@context\":\"https:\\\/\\\/schema.org\",\"@graph\":[{\"@type\":\"WebPage\",\"@id\":\"https:\\\/\\\/hasparren.fr\\\/eu\\\/famille-et-social\\\/scolaire\\\/lycees\\\/\",\"url\":\"https:\\\/\\\/hasparren.fr\\\/eu\\\/famille-et-social\\\/scolaire\\\/lycees\\\/\",\"name\":\"Lizeoak - Hasparren, commune du Pays Basque\",\"isPartOf\":{\"@id\":\"https:\\\/\\\/hasparren.fr\\\/#website\"},\"datePublished\":\"2021-10-08T13:37:58+00:00\",\"dateModified\":\"2022-01-26T10:07:00+00:00\",\"breadcrumb\":{\"@id\":\"https:\\\/\\\/hasparren.fr\\\/eu\\\/famille-et-social\\\/scolaire\\\/lycees\\\/#breadcrumb\"},\"inLanguage\":\"eu\",\"potentialAction\":[{\"@type\":\"ReadAction\",\"target\":[\"https:\\\/\\\/hasparren.fr\\\/eu\\\/famille-et-social\\\/scolaire\\\/lycees\\\/\"]}]},{\"@type\":\"BreadcrumbList\",\"@id\":\"https:\\\/\\\/hasparren.fr\\\/eu\\\/famille-et-social\\\/scolaire\\\/lycees\\\/#breadcrumb\",\"itemListElement\":[{\"@type\":\"ListItem\",\"position\":1,\"name\":\"Accueil\",\"item\":\"https:\\\/\\\/hasparren.fr\\\/eu\\\/\"},{\"@type\":\"ListItem\",\"position\":2,\"name\":\"Familia &#038; Gai Sozialak\",\"item\":\"https:\\\/\\\/hasparren.fr\\\/eu\\\/famille-et-social\\\/\"},{\"@type\":\"ListItem\",\"position\":3,\"name\":\"Eskolak\",\"item\":\"https:\\\/\\\/hasparren.fr\\\/eu\\\/famille-et-social\\\/scolaire\\\/\"},{\"@type\":\"ListItem\",\"position\":4,\"name\":\"Lizeoak\"}]},{\"@type\":\"WebSite\",\"@id\":\"https:\\\/\\\/hasparren.fr\\\/#website\",\"url\":\"https:\\\/\\\/hasparren.fr\\\/\",\"name\":\"Hasparren, commune du Pays Basque\",\"description\":\"Hasparren, commune du Pays Basque\",\"potentialAction\":[{\"@type\":\"SearchAction\",\"target\":{\"@type\":\"EntryPoint\",\"urlTemplate\":\"https:\\\/\\\/hasparren.fr\\\/?s={search_term_string}\"},\"query-input\":{\"@type\":\"PropertyValueSpecification\",\"valueRequired\":true,\"valueName\":\"search_term_string\"}}],\"inLanguage\":\"eu\"}]}<\/script>\n<!-- \/ Yoast SEO plugin. -->","yoast_head_json":{"title":"Lizeoak - Hasparren, commune du Pays Basque","robots":{"index":"index","follow":"follow","max-snippet":"max-snippet:-1","max-image-preview":"max-image-preview:large","max-video-preview":"max-video-preview:-1"},"canonical":"https:\/\/hasparren.fr\/eu\/famille-et-social\/scolaire\/lycees\/","og_locale":"eu_ES","og_type":"article","og_title":"Lizeoak - Hasparren, commune du Pays Basque","og_url":"https:\/\/hasparren.fr\/eu\/famille-et-social\/scolaire\/lycees\/","og_site_name":"Hasparren, commune du Pays Basque","article_modified_time":"2022-01-26T10:07:00+00:00","twitter_card":"summary_large_image","twitter_misc":{"Est. reading time":"1 minutua"},"schema":{"@context":"https:\/\/schema.org","@graph":[{"@type":"WebPage","@id":"https:\/\/hasparren.fr\/eu\/famille-et-social\/scolaire\/lycees\/","url":"https:\/\/hasparren.fr\/eu\/famille-et-social\/scolaire\/lycees\/","name":"Lizeoak - Hasparren, commune du Pays Basque","isPartOf":{"@id":"https:\/\/hasparren.fr\/#website"},"datePublished":"2021-10-08T13:37:58+00:00","dateModified":"2022-01-26T10:07:00+00:00","breadcrumb":{"@id":"https:\/\/hasparren.fr\/eu\/famille-et-social\/scolaire\/lycees\/#breadcrumb"},"inLanguage":"eu","potentialAction":[{"@type":"ReadAction","target":["https:\/\/hasparren.fr\/eu\/famille-et-social\/scolaire\/lycees\/"]}]},{"@type":"BreadcrumbList","@id":"https:\/\/hasparren.fr\/eu\/famille-et-social\/scolaire\/lycees\/#breadcrumb","itemListElement":[{"@type":"ListItem","position":1,"name":"Accueil","item":"https:\/\/hasparren.fr\/eu\/"},{"@type":"ListItem","position":2,"name":"Familia &#038; Gai Sozialak","item":"https:\/\/hasparren.fr\/eu\/famille-et-social\/"},{"@type":"ListItem","position":3,"name":"Eskolak","item":"https:\/\/hasparren.fr\/eu\/famille-et-social\/scolaire\/"},{"@type":"ListItem","position":4,"name":"Lizeoak"}]},{"@type":"WebSite","@id":"https:\/\/hasparren.fr\/#website","url":"https:\/\/hasparren.fr\/","name":"Hasparren, commune du Pays Basque","description":"Hasparren, commune du Pays Basque","potentialAction":[{"@type":"SearchAction","target":{"@type":"EntryPoint","urlTemplate":"https:\/\/hasparren.fr\/?s={search_term_string}"},"query-input":{"@type":"PropertyValueSpecification","valueRequired":true,"valueName":"search_term_string"}}],"inLanguage":"eu"}]}},"publishpress_future_action":{"enabled":false,"date":"2026-04-11 04:38:16","action":"change-status","newStatus":"draft","terms":[],"taxonomy":"translation_priority","extraData":[]},"publishpress_future_workflow_manual_trigger":{"enabledWorkflows":[]},"_links":{"self":[{"href":"https:\/\/hasparren.fr\/eu\/wp-json\/wp\/v2\/pages\/25070","targetHints":{"allow":["GET"]}}],"collection":[{"href":"https:\/\/hasparren.fr\/eu\/wp-json\/wp\/v2\/pages"}],"about":[{"href":"https:\/\/hasparren.fr\/eu\/wp-json\/wp\/v2\/types\/page"}],"author":[{"embeddable":true,"href":"https:\/\/hasparren.fr\/eu\/wp-json\/wp\/v2\/users\/14"}],"replies":[{"embeddable":true,"href":"https:\/\/hasparren.fr\/eu\/wp-json\/wp\/v2\/comments?post=25070"}],"version-history":[{"count":7,"href":"https:\/\/hasparren.fr\/eu\/wp-json\/wp\/v2\/pages\/25070\/revisions"}],"predecessor-version":[{"id":30051,"href":"https:\/\/hasparren.fr\/eu\/wp-json\/wp\/v2\/pages\/25070\/revisions\/30051"}],"up":[{"embeddable":true,"href":"https:\/\/hasparren.fr\/eu\/wp-json\/wp\/v2\/pages\/24947"}],"wp:attachment":[{"href":"https:\/\/hasparren.fr\/eu\/wp-json\/wp\/v2\/media?parent=25070"}],"curies":[{"name":"wp","href":"https:\/\/api.w.org\/{rel}","templated":true}]}}