{"id":27148,"date":"2021-11-22T09:32:57","date_gmt":"2021-11-22T08:32:57","guid":{"rendered":"http:\/\/hasparren.fr\/liste-des-professionnels-du-tourisme-a-hasparren\/"},"modified":"2021-12-03T10:49:34","modified_gmt":"2021-12-03T09:49:34","slug":"liste-des-professionnels-du-tourisme-a-hasparren","status":"publish","type":"page","link":"https:\/\/hasparren.fr\/eu\/liste-des-professionnels-du-tourisme-a-hasparren\/","title":{"rendered":"Liste des professionnels du tourisme \u00e0 Hasparren"},"content":{"rendered":"<h2>Les h\u00e9bergements<\/h2>\n<h3>Les camping<\/h3>\n<ul>\n<li>\n<p>CAMPING LES TERRASSES DE XAPITALIA<\/p>\n<p>Mobil homes \u2013 Tentes lodges \u2013 Piscine \u2013 Camping et camping cars<\/p>\n<p>Adresse : Route de Cambo \u2013 Hasparren<\/p>\n<p>T\u00e9l\u00e9phone : <a href=\"tel:+33559550215\">05.59.55.02.15<\/a>\u00a0ou\u00a0<a href=\"tel:+33631620164\">06.31.62.01.64<\/a><\/p>\n<p>Email : <a href=\"mailto:contact@camping-xapitalia.fr\" target=\"_blank\" rel=\"noopener noreferrer\">contact@camping-xapitalia.fr<\/a><\/p>\n<p>Site web : <a href=\"http:\/\/www.camping-au-pays-basque.fr\/\" target=\"_blank\" rel=\"noopener\">http:\/\/www.camping-au-pays-basque.fr\/<\/a><\/p>\n<\/li>\n<\/ul>\n<\/li>\n<\/ul>\n<h3>Les chambres d&#8217;h\u00f4tes<\/h3>\n<ul>\n<li>\n<p>BRUNET SANDRINE Chambre d\u2019h\u00f4tes et petits-d\u00e9jeuners \u201cmaison\u201d<\/p>\n<p>Adresse : Maison Haitz Ondo, 27 chemin Olasogaraya \u2013 Hasparren<\/p>\n<p>T\u00e9l\u00e9phone :\u00a0<a href=\"tel:+33559296288\">05.59.29.62.88<\/a>\u00a0ou\u00a0<a href=\"tel:+33681935587\">06.81.93.55.87<\/a><\/p>\n<p>Email :\u00a0<a href=\"mailto:haitzondo@orange.fr\">haitzondo@orange.fr<\/a><\/p>\n<\/li>\n<li>\n<p>CHALLET SIMONE<\/p>\n<p>Chambre d\u2019h\u00f4tes et G\u00eete d\u2019enfants<\/p>\n<p>Adresse : Maison Domingoenia, Quartier Pe\u00f1a \u2013 Hasparren<\/p>\n<p>T\u00e9l\u00e9phone :\u00a0<a href=\"tel:+33559291849\">05.59.29.18.49<\/a>\u00a0ou\u00a0<a href=\"tel:+33632349774\">06.32.34.97.74<\/a><\/p>\n<p>Email :\u00a0<a href=\"mailto:domingoenia@free.fr\" target=\"_blank\" rel=\"noopener noreferrer\">domingoenia@free.fr<\/a><\/p>\n<\/li>\n<li>\n<p>LARRIBE-RIC FRANCOISE<\/p>\n<p>Chambre d\u2019h\u00f4tes<\/p>\n<p>Adresse : 4 rue des Duranguiers \u2013 Hasparren<\/p>\n<p>T\u00e9l\u00e9phone :\u00a0<a href=\"tel:+33615426281\">06.15.42.62.81<\/a><\/p>\n<\/li>\n<\/ul>\n<h3>Les h\u00f4tels<\/h3>\n<ul>\n<li>\n<p>ARGIA<\/p>\n<p>H\u00f4tel 2 \u00e9toiles \u2013 Bar \u2013 Restaurant \u2013 Menu carte et menu du jour \u2013 Chambres climatis\u00e9es et modernes \u2013 Wifi \u2013 Piscine \u2013 Jardin \u2013 S\u00e9minaires<\/p>\n<p>Adresse : 32 rue Jean Lissar \u2013 Hasparren<\/p>\n<p>T\u00e9l\u00e9phone :\u00a0<a href=\"tel:+33559296024\">05.59.29.60.24<\/a><\/p>\n<p>Email :\u00a0<a href=\"mailto:argia@orange.fr\" target=\"_blank\" rel=\"noopener noreferrer\">argia@orange.fr<\/a><\/p>\n<p>Site web : <a href=\"https:\/\/www.hotel-argia.com\/fr\/\" target=\"_blank\" rel=\"noopener\">https:\/\/www.hotel-argia.com\/fr\/<\/a><\/p>\n<\/li>\n<li>\n<p>BERRIA<\/p>\n<p>H\u00f4tel 4 \u00e9toiles \u2013 Restaurant \u2013 Trinquet<\/p>\n<p>Adresse : 68 rue Francis Jammes \u2013 Hasparren<\/p>\n<p>T\u00e9l\u00e9phone :\u00a0<a href=\"tel:+33559291110\">05.59.29.11.10<\/a><\/p>\n<p>Email :\u00a0<a href=\"mailto:contact@berria.fr\" target=\"_blank\" rel=\"noopener noreferrer\">contact@berria.fr<\/a><\/p>\n<p>Site web :\u00a0<a href=\"https:\/\/berria.fr\/\" target=\"_blank\" rel=\"noopener\">https:\/\/berria.fr\/<\/a><\/p>\n<\/li>\n<li>\n<p>LES TILLEULS et RELAIS DES TILLEULS<\/p>\n<p>Grande salle de restaurant pour des moments gastronomiques et conviviaux. Nous pouvons vous proposer des menus sp\u00e9ciaux et sur mesure pour vos repas de famille.<\/p>\n<p>H\u00f4tel** : 10 chambres spacieuses et confortables. Wifi gratuit<\/p>\n<p>S\u00e9minaires : nous vous proposons des prestations \u00e0 la journ\u00e9e ou en semi r\u00e9sidentiel et r\u00e9sidentiel.<\/p>\n<p>Le Relais des Tilleuls : H\u00f4tel 2 \u00e9toiles \u2013 25 chambres \u2013 Bar et restaurant<\/p>\n<p>Adresse :\u00a01 place Verdun \u2013 Hasparren<\/p>\n<p>T\u00e9l\u00e9phone :\u00a0<a href=\"tel:+33559296220\">05.59.29.62.20<\/a><\/p>\n<p>Email :\u00a0<a href=\"mailto:hotel.lestilleuls@wanadoo.fr\" target=\"_blank\" rel=\"noopener noreferrer\">hotel.lestilleuls@wanadoo.fr<\/a><\/p>\n<p>Site web : <a href=\"https:\/\/www.lestilleuls-hasparren.fr\/\" target=\"_blank\" rel=\"noopener\">https:\/\/www.lestilleuls-hasparren.fr\/<\/a><\/p>\n<\/li>\n<\/ul>\n<h2>Les restaurants<\/h2>\n<h3>Caf\u00e9 et restaurants<\/h3>\n<ul>\n<li>\n<p>ARGIA<\/p>\n<p>H\u00f4tel 2 \u00e9toiles \u2013 Bar \u2013 Restaurant \u2013 Menu carte et menu du jour \u2013 Chambres climatis\u00e9es et modernes \u2013 Wifi \u2013 Piscine \u2013 Jardin \u2013 S\u00e9minaires<\/p>\n<p>Adresse : 32 rue Jean Lissar \u2013 Hasparren<\/p>\n<p>T\u00e9l\u00e9phone :\u00a0<a href=\"tel:+33559296024\">05.59.29.60.24<\/a><\/p>\n<p>Email :\u00a0<a href=\"mailto:argia@orange.fr\" target=\"_blank\" rel=\"noopener noreferrer\">argia@orange.fr<\/a><\/p>\n<p>Site web : <a href=\"https:\/\/www.hotel-argia.com\/fr\/\" target=\"_blank\" rel=\"noopener\">https:\/\/www.hotel-argia.com\/fr\/<\/a><\/p>\n<\/li>\n<li>\n<p>BAR DE LA POSTE<\/p>\n<p>Caf\u00e9 et bar<\/p>\n<p>Adresse : 8 rue Pierre Broussain \u2013 Hasparren<\/p>\n<p>T\u00e9l\u00e9phone :\u00a0<a href=\"tel:+33559295653\">05.59.29.56.53<\/a><\/p>\n<\/li>\n<li>\n<p>BERRIA<\/p>\n<p>H\u00f4tel 4 \u00e9toiles \u2013 Restaurant \u2013 Trinquet<\/p>\n<p>Adresse : 68 rue Francis Jammes \u2013 Hasparren<\/p>\n<p>T\u00e9l\u00e9phone :\u00a0<a href=\"tel:+33559291110\">05.59.29.11.10<\/a><\/p>\n<p>Email :\u00a0<a href=\"mailto:contact@berria.fr\" target=\"_blank\" rel=\"noopener noreferrer\">contact@berria.fr<\/a><\/p>\n<p>Site web :\u00a0<a href=\"https:\/\/berria.fr\/\" target=\"_blank\" rel=\"noopener\">https:\/\/berria.fr\/<\/a><\/p>\n<\/li>\n<li>\n<p>HORDAGO<\/p>\n<p>\u201cNotre carte change au fil des saisons \u2013 Venez d\u00e9guster Tapas, Txuleta, poissons et bien plus encore ! Vous accompagnerez vos plats de vins chiliens, californiens, espagnols, de Bordeaux ou d\u2019Irouleguy.<\/p>\n<p>SP\u00c9CIALIT\u00c9S : Cuisine traditionnelle Basque Espagnole \u2013 Cuisine \u00e0 la plancha \u2013 SERVICES \u2013 Pour vos f\u00eates et banquets, nous pouvons recevoir jusqu\u2019\u00e0 65 personnes.\u201d<\/p>\n<p>Adresse : 12 rue de Navarre \u2013 Hasparren<\/p>\n<p>T\u00e9l\u00e9phone :\u00a0<a href=\"tel:+33559258515\">05.59.25.85.15<\/a><\/p>\n<p>Email :\u00a0<a href=\"mailto:hordago.hasparren@gmail.com\">hordago.hasparren@gmail.com<\/a><\/p>\n<p>Site web :\u00a0<a href=\"https:\/\/www.restaurant-hordago-hasparren.com\/\" target=\"_blank\" rel=\"noopener\">https:\/\/www.restaurant-hordago-hasparren.com\/<\/a><\/p>\n<p>Horaires : lundi de 7h \u00e0 15h, mardi et mercredi de 7h \u00e0 17h, jeudi de 7h \u00e0 minuit, vendredi et samedi de 9h \u00e0 2h du matin, dimanche de 10h \u00e0 minuit<\/p>\n<\/li>\n<li>\n<p>KOMEITEKO BORDA<\/p>\n<p>De la fourche \u00e0 la fourchette.<\/p>\n<p>Adresse : Quartier Urcuray \u2013 Hasparren<\/p>\n<p>T\u00e9l\u00e9phone :\u00a0<a href=\"tel:+33559200001\">05.59.20.00.01<\/a><\/p>\n<p>Site web :\u00a0<a href=\"http:\/\/www.ferme-auberge-komeiteko-borda.fr\/\" target=\"_blank\" rel=\"noopener\">http:\/\/www.ferme-auberge-komeiteko-borda.fr\/<\/a><\/p>\n<p>Horaires : Du mercredi au dimanche. Sur R\u00e9servation.<\/p>\n<\/li>\n<li>\n<p>LA MAISON DE PIERRE<\/p>\n<p>\u201cRestaurant gastronomique \u2013 Midi et soir, on s\u2019installe au comptoir pour grignoter quelques tapas soign\u00e9es. Le soir, venez d\u00e9couvrir la carte du restaurant gastronomique avec une ambiance d\u00e9contract\u00e9e. Carte des vins sympa ! Bar \u00e0 tapas\u201d<\/p>\n<p>Adresse : Maison Ilharreberria \u2013 Hasparren<\/p>\n<p>T\u00e9l\u00e9phone :\u00a0<a href=\"tel:+33559934049\">05.59.93.40.49<\/a><\/p>\n<p>Email : <a href=\"mailto:restaurantlamaisondepierre@gmail.com\">restaurantlamaisondepierre@gmail.com<\/a><\/p>\n<p>Site web\u00a0:\u00a0<a href=\"https:\/\/www.lamaisondepierre.fr\/\" target=\"_blank\" rel=\"noopener\">https:\/\/www.lamaisondepierre.fr\/<\/a><\/p>\n<p>Horaires : Du jeudi au lundi : midi et soir<\/p>\n<\/li>\n<li>\n<p>LES TILLEULS et RELAIS DES TILLEULS<\/p>\n<p>Grande salle de restaurant pour des moments gastronomiques et conviviaux. Nous pouvons vous proposer des menus sp\u00e9ciaux et sur mesure pour vos repas de famille.<\/p>\n<p>H\u00f4tel** : 10 chambres spacieuses et confortables. Wifi gratuit<\/p>\n<p>S\u00e9minaires : nous vous proposons des prestations \u00e0 la journ\u00e9e ou en semi r\u00e9sidentiel et r\u00e9sidentiel.<\/p>\n<p>Le Relais des Tilleuls : H\u00f4tel 2 \u00e9toiles \u2013 25 chambres \u2013 Bar et restaurant<\/p>\n<p>Adresse :\u00a01 place Verdun \u2013 Hasparren<\/p>\n<p>T\u00e9l\u00e9phone :\u00a0<a href=\"tel:+33559296220\">05.59.29.62.20<\/a><\/p>\n<p>Email :\u00a0<a href=\"mailto:hotel.lestilleuls@wanadoo.fr\" target=\"_blank\" rel=\"noopener noreferrer\">hotel.lestilleuls@wanadoo.fr<\/a><\/p>\n<p>Site web : <a href=\"https:\/\/www.lestilleuls-hasparren.fr\/\" target=\"_blank\" rel=\"noopener\">https:\/\/www.lestilleuls-hasparren.fr\/<\/a><\/p>\n<\/li>\n<li>\n<p>MIMI OSTATUA<\/p>\n<p>Bar \u2013 Restaurant \u2013 Soir\u00e9es anim\u00e9es \u2013 Pizzas sur place et \u00e0 emporter<\/p>\n<p>Adresse : 1 place du Jeu de Paume \u2013 Hasparren<\/p>\n<p>T\u00e9l\u00e9phone :\u00a0<a href=\"tel:+33559310114\">05.59.31.01.14<\/a><\/p>\n<p>Email : <a href=\"mailto:xuriat@gmail.com\">xuriat@gmail.com<\/a><\/p>\n<p>Sur r\u00e9servation<\/p>\n<\/li>\n<li>\n<p>XURIATEA<\/p>\n<p>Restauration traditionnelle \u2013 Bar \u2013 Brasserie \u2013 Caf\u00e9-concert \u2013 Wifi<\/p>\n<p>Adresse : 4 rue Francis Jammes \u2013 Hasparren<\/p>\n<p>T\u00e9l\u00e9phone :\u00a0<a href=\"tel:+33559296076\">05.59.29.60.76<\/a><\/p>\n<p>Email : <a href=\"mailto:xuriat@wanadoo.fr\">xuriat@wanadoo.fr<\/a><\/p>\n<p>Sur r\u00e9servation<\/p>\n<\/li>\n<\/ul>\n<p><a class=\"button\" href=\"https:\/\/hasparren.fr\/eu\/patrimoine-tourisme\/argibide-praktikoak\/annuaire-tourisme\/\"> Retour \u00e0 la page pr\u00e9c\u00e9dente <\/a><\/p>\n","protected":false},"excerpt":{"rendered":"<p>Les h\u00e9bergements Les camping CAMPING LES TERRASSES DE XAPITALIA Mobil homes \u2013 Tentes lodges \u2013 Piscine \u2013 Camping et camping cars Adresse : Route de Cambo \u2013 Hasparren T\u00e9l\u00e9phone : [&hellip;]<\/p>\n","protected":false},"author":14,"featured_media":0,"parent":0,"menu_order":0,"comment_status":"closed","ping_status":"closed","template":"","meta":{"_acf_changed":false,"cybocfi_hide_featured_image":"","footnotes":""},"class_list":["post-27148","page","type-page","status-publish","hentry","clearfix"],"acf":[],"yoast_head":"<!-- This site is optimized with the Yoast SEO plugin v27.4 - https:\/\/yoast.com\/product\/yoast-seo-wordpress\/ -->\n<title>Liste des professionnels du tourisme \u00e0 Hasparren - Hasparren, commune du Pays Basque<\/title>\n<meta name=\"robots\" content=\"index, follow, max-snippet:-1, max-image-preview:large, max-video-preview:-1\" \/>\n<link rel=\"canonical\" href=\"https:\/\/hasparren.fr\/eu\/liste-des-professionnels-du-tourisme-a-hasparren\/\" \/>\n<meta property=\"og:locale\" content=\"eu_ES\" \/>\n<meta property=\"og:type\" content=\"article\" \/>\n<meta property=\"og:title\" content=\"Liste des professionnels du tourisme \u00e0 Hasparren - Hasparren, commune du Pays Basque\" \/>\n<meta property=\"og:description\" content=\"Les h\u00e9bergements Les camping CAMPING LES TERRASSES DE XAPITALIA Mobil homes \u2013 Tentes lodges \u2013 Piscine \u2013 Camping et camping cars Adresse : Route de Cambo \u2013 Hasparren T\u00e9l\u00e9phone : [&hellip;]\" \/>\n<meta property=\"og:url\" content=\"https:\/\/hasparren.fr\/eu\/liste-des-professionnels-du-tourisme-a-hasparren\/\" \/>\n<meta property=\"og:site_name\" content=\"Hasparren, commune du Pays Basque\" \/>\n<meta property=\"article:modified_time\" content=\"2021-12-03T09:49:34+00:00\" \/>\n<meta name=\"twitter:card\" content=\"summary_large_image\" \/>\n<meta name=\"twitter:label1\" content=\"Est. reading time\" \/>\n\t<meta name=\"twitter:data1\" content=\"3 minutua\" \/>\n<script type=\"application\/ld+json\" class=\"yoast-schema-graph\">{\"@context\":\"https:\\\/\\\/schema.org\",\"@graph\":[{\"@type\":\"WebPage\",\"@id\":\"https:\\\/\\\/hasparren.fr\\\/eu\\\/liste-des-professionnels-du-tourisme-a-hasparren\\\/\",\"url\":\"https:\\\/\\\/hasparren.fr\\\/eu\\\/liste-des-professionnels-du-tourisme-a-hasparren\\\/\",\"name\":\"Liste des professionnels du tourisme \u00e0 Hasparren - Hasparren, commune du Pays Basque\",\"isPartOf\":{\"@id\":\"https:\\\/\\\/hasparren.fr\\\/#website\"},\"datePublished\":\"2021-11-22T08:32:57+00:00\",\"dateModified\":\"2021-12-03T09:49:34+00:00\",\"breadcrumb\":{\"@id\":\"https:\\\/\\\/hasparren.fr\\\/eu\\\/liste-des-professionnels-du-tourisme-a-hasparren\\\/#breadcrumb\"},\"inLanguage\":\"eu\",\"potentialAction\":[{\"@type\":\"ReadAction\",\"target\":[\"https:\\\/\\\/hasparren.fr\\\/eu\\\/liste-des-professionnels-du-tourisme-a-hasparren\\\/\"]}]},{\"@type\":\"BreadcrumbList\",\"@id\":\"https:\\\/\\\/hasparren.fr\\\/eu\\\/liste-des-professionnels-du-tourisme-a-hasparren\\\/#breadcrumb\",\"itemListElement\":[{\"@type\":\"ListItem\",\"position\":1,\"name\":\"Accueil\",\"item\":\"https:\\\/\\\/hasparren.fr\\\/eu\\\/\"},{\"@type\":\"ListItem\",\"position\":2,\"name\":\"Liste des professionnels du tourisme \u00e0 Hasparren\"}]},{\"@type\":\"WebSite\",\"@id\":\"https:\\\/\\\/hasparren.fr\\\/#website\",\"url\":\"https:\\\/\\\/hasparren.fr\\\/\",\"name\":\"Hasparren, commune du Pays Basque\",\"description\":\"Hasparren, commune du Pays Basque\",\"potentialAction\":[{\"@type\":\"SearchAction\",\"target\":{\"@type\":\"EntryPoint\",\"urlTemplate\":\"https:\\\/\\\/hasparren.fr\\\/?s={search_term_string}\"},\"query-input\":{\"@type\":\"PropertyValueSpecification\",\"valueRequired\":true,\"valueName\":\"search_term_string\"}}],\"inLanguage\":\"eu\"}]}<\/script>\n<!-- \/ Yoast SEO plugin. -->","yoast_head_json":{"title":"Liste des professionnels du tourisme \u00e0 Hasparren - Hasparren, commune du Pays Basque","robots":{"index":"index","follow":"follow","max-snippet":"max-snippet:-1","max-image-preview":"max-image-preview:large","max-video-preview":"max-video-preview:-1"},"canonical":"https:\/\/hasparren.fr\/eu\/liste-des-professionnels-du-tourisme-a-hasparren\/","og_locale":"eu_ES","og_type":"article","og_title":"Liste des professionnels du tourisme \u00e0 Hasparren - Hasparren, commune du Pays Basque","og_description":"Les h\u00e9bergements Les camping CAMPING LES TERRASSES DE XAPITALIA Mobil homes \u2013 Tentes lodges \u2013 Piscine \u2013 Camping et camping cars Adresse : Route de Cambo \u2013 Hasparren T\u00e9l\u00e9phone : [&hellip;]","og_url":"https:\/\/hasparren.fr\/eu\/liste-des-professionnels-du-tourisme-a-hasparren\/","og_site_name":"Hasparren, commune du Pays Basque","article_modified_time":"2021-12-03T09:49:34+00:00","twitter_card":"summary_large_image","twitter_misc":{"Est. reading time":"3 minutua"},"schema":{"@context":"https:\/\/schema.org","@graph":[{"@type":"WebPage","@id":"https:\/\/hasparren.fr\/eu\/liste-des-professionnels-du-tourisme-a-hasparren\/","url":"https:\/\/hasparren.fr\/eu\/liste-des-professionnels-du-tourisme-a-hasparren\/","name":"Liste des professionnels du tourisme \u00e0 Hasparren - Hasparren, commune du Pays Basque","isPartOf":{"@id":"https:\/\/hasparren.fr\/#website"},"datePublished":"2021-11-22T08:32:57+00:00","dateModified":"2021-12-03T09:49:34+00:00","breadcrumb":{"@id":"https:\/\/hasparren.fr\/eu\/liste-des-professionnels-du-tourisme-a-hasparren\/#breadcrumb"},"inLanguage":"eu","potentialAction":[{"@type":"ReadAction","target":["https:\/\/hasparren.fr\/eu\/liste-des-professionnels-du-tourisme-a-hasparren\/"]}]},{"@type":"BreadcrumbList","@id":"https:\/\/hasparren.fr\/eu\/liste-des-professionnels-du-tourisme-a-hasparren\/#breadcrumb","itemListElement":[{"@type":"ListItem","position":1,"name":"Accueil","item":"https:\/\/hasparren.fr\/eu\/"},{"@type":"ListItem","position":2,"name":"Liste des professionnels du tourisme \u00e0 Hasparren"}]},{"@type":"WebSite","@id":"https:\/\/hasparren.fr\/#website","url":"https:\/\/hasparren.fr\/","name":"Hasparren, commune du Pays Basque","description":"Hasparren, commune du Pays Basque","potentialAction":[{"@type":"SearchAction","target":{"@type":"EntryPoint","urlTemplate":"https:\/\/hasparren.fr\/?s={search_term_string}"},"query-input":{"@type":"PropertyValueSpecification","valueRequired":true,"valueName":"search_term_string"}}],"inLanguage":"eu"}]}},"publishpress_future_action":{"enabled":false,"date":"2026-05-02 12:15:16","action":"change-status","newStatus":"draft","terms":[],"taxonomy":"translation_priority","extraData":[]},"publishpress_future_workflow_manual_trigger":{"enabledWorkflows":[]},"_links":{"self":[{"href":"https:\/\/hasparren.fr\/eu\/wp-json\/wp\/v2\/pages\/27148","targetHints":{"allow":["GET"]}}],"collection":[{"href":"https:\/\/hasparren.fr\/eu\/wp-json\/wp\/v2\/pages"}],"about":[{"href":"https:\/\/hasparren.fr\/eu\/wp-json\/wp\/v2\/types\/page"}],"author":[{"embeddable":true,"href":"https:\/\/hasparren.fr\/eu\/wp-json\/wp\/v2\/users\/14"}],"replies":[{"embeddable":true,"href":"https:\/\/hasparren.fr\/eu\/wp-json\/wp\/v2\/comments?post=27148"}],"version-history":[{"count":4,"href":"https:\/\/hasparren.fr\/eu\/wp-json\/wp\/v2\/pages\/27148\/revisions"}],"predecessor-version":[{"id":27733,"href":"https:\/\/hasparren.fr\/eu\/wp-json\/wp\/v2\/pages\/27148\/revisions\/27733"}],"wp:attachment":[{"href":"https:\/\/hasparren.fr\/eu\/wp-json\/wp\/v2\/media?parent=27148"}],"curies":[{"name":"wp","href":"https:\/\/api.w.org\/{rel}","templated":true}]}}