{"id":27179,"date":"2021-11-22T14:17:57","date_gmt":"2021-11-22T13:17:57","guid":{"rendered":"http:\/\/hasparren.fr\/liste-des-professionnels-de-la-sante-de-hasparren\/"},"modified":"2021-12-03T11:49:11","modified_gmt":"2021-12-03T10:49:11","slug":"liste-des-professionnels-de-la-sante-de-hasparren","status":"publish","type":"page","link":"https:\/\/hasparren.fr\/eu\/liste-des-professionnels-de-la-sante-de-hasparren\/","title":{"rendered":"Liste des professionnels de la sant\u00e9 de Hasparren"},"content":{"rendered":"<h2>Centres m\u00e9dicaux<\/h2>\n<ul>\n<li>\n<p>CENTRE MEDICAL DU LABOURD<\/p>\n<p>Adresse : Place du Labourd 64240 Hasparren<\/p>\n<p>T\u00e9l\u00e9phone : 05 59 29 63 66<\/p>\n<\/li>\n<li>\n<p>CENTRE MEDICAL CENTRE MEDICAL ELGARREKIN<\/p>\n<p>Adresse : 13 rue de l&#8217;Ursuya 64240 Hasparren<\/p>\n<p>T\u00e9l\u00e9phone : 05 59 29 63 81<\/p>\n<p>Email : centremedicalelgarrekin@orange.fr<\/p>\n<\/li>\n<\/ul>\n<h2>Centres m\u00e9dicaux-psychologiques<\/h2>\n<ul>\n<li>\n<p>CMP (Centre M\u00e9dico Psychologique &#8211; Adultes)<\/p>\n<p>Adresse : MSP ELGAR 11 rue Gaskoina 64240 Hasparren<\/p>\n<p>T\u00e9l\u00e9phone : 05 59 29 12 90<\/p>\n<\/li>\n<li>\n<p>Sauvegarde de l&#8217;Enfance &#8211; CMPP MSP ELGAR<\/p>\n<p>Adresse : 11 rue Gaskoina 64240 Hasparren<\/p>\n<p>T\u00e9l\u00e9phone : 05 59 25 53 88<\/p>\n<p>Email : cmpp@seapb.asso.fr\u00a0<\/p>\n<\/li>\n<\/ul>\n<h2>Equipements et accessoires m\u00e9dicaux<\/h2>\n<h3>Fabrication de proth\u00e8ses dentaires<\/h3>\n<ul>\n<li>\n<p>VALERO MARTINE<\/p>\n<p>Adresse : Quartier Urcuray 64240 Hasparren<\/p>\n<p>t\u00e9l\u00e9phone : 05 59 29 25 12\u00a0<\/p>\n<\/li>\n<\/ul>\n<h2>M\u00e9decine conventionnelle<\/h2>\n<h3>Ophtalmologues<\/h3>\n<ul>\n<li>\n<p>ASSELINEAU ERWAN<\/p>\n<p>Adresse : Centre m\u00e9dical Elgarrekin 13 rue de l&#8217;Ursuya 64240 Hasparren<\/p>\n<p>T\u00e9l\u00e9phone : 05 59 59 08 31<\/p>\n<\/li>\n<li>\n<p>DE LARRARD PHILIPPE<\/p>\n<p>Adresse : Centre m\u00e9dical Elgarrekin 13 rue de l&#8217;Ursuya 64240 Hasparren<\/p>\n<p>T\u00e9l\u00e9phone : 05 59 29 11 50<\/p>\n<p>Email : centremedicalelgarrekin@orange.fr<\/p>\n<\/li>\n<li>\n<p>FAMERY NICOLAS<\/p>\n<p>Adresse : Centre m\u00e9dical Elgarrekin 13 rue de l&#8217;Ursuya 64240 Hasparren<\/p>\n<p>T\u00e9l\u00e9phone : 05 59 59 08 31<\/p>\n<\/li>\n<\/ul>\n<h3>M\u00e9decins g\u00e9n\u00e9ralistes<\/h3>\n<ul>\n<li>\n<p>BERHONDE SONIA<\/p>\n<p>Adresse : Centre m\u00e9dical Elgarrekin 13 rue de l&#8217;Ursuya 64240 Hasparren<\/p>\n<p>T\u00e9l\u00e9phone : 05 59 29 63 81<\/p>\n<\/li>\n<li>\n<p>IRA\u00c7ABAL JULIE<\/p>\n<p>Adresse : Centre m\u00e9dical du Labourd 64240 Hasparren<\/p>\n<p>T\u00e9l\u00e9phone : 05 59 29 63 66\u00a0<\/p>\n<\/li>\n<li>\n<p>LARRAMENDY DOMINIQUE<\/p>\n<p>Adresse : Centre m\u00e9dical Elgarrekin 13 rue de l&#8217;Ursuya 64240 Hasparren<\/p>\n<p>T\u00e9l\u00e9phone : 05 59 29 63 81<\/p>\n<\/li>\n<li>\n<p>LATAPY XAVIER<\/p>\n<p>Adresse : Centre m\u00e9dical Elgarrekin 13 rue de l&#8217;Ursuya 64240 Hasparren<\/p>\n<p>T\u00e9l\u00e9phone : 05 59 29 63 90<\/p>\n<\/li>\n<li>\n<p>MONNIER GAEL<\/p>\n<p>Adresse : Centre m\u00e9dical du Labourd 64240 Hasparren<\/p>\n<p>T\u00e9l\u00e9phone : 05 59 29 63 66<\/p>\n<\/li>\n<li>\n<p>VERDENAL FRANCOIS<\/p>\n<p>Adresse : Centre m\u00e9dical du Labourd 64240 Hasparren<\/p>\n<p>T\u00e9l\u00e9phone : 05 59 29 63 66<\/p>\n<p>Email : fb.verdenal@gmail.com<\/p>\n<\/li>\n<li>\n<p>VIOLLET ALEX<\/p>\n<p>Adresse : Centre m\u00e9dical Elgarrekin 13 rue de l&#8217;Ursuya 64240 Hasparren<\/p>\n<p>t\u00e9l\u00e9phone : 05 59 29 60 14<\/p>\n<\/li>\n<\/ul>\n<h3>Sage-femme<\/h3>\n<ul>\n<li>\n<p>CANDELA MURIEL<\/p>\n<p>Adresse : Maison MIA 64240 Hasparren<\/p>\n<p>t\u00e9l\u00e9phone : 05 59 29 15 27 et 06 99 83 98 24 (en cas d&#8217;urgence)<\/p>\n<p>Email : muriel.candela@orange.fr<\/p>\n<\/li>\n<\/ul>\n<h3>Oto-rhino-laryngologue<\/h3>\n<ul>\n<li>\n<p>CHAMBRES OLIVIER<\/p>\n<p>Adresse : Centre m\u00e9dical Elgarrekin 13 rue de l&#8217;Ursuya 64240 Hasparren<\/p>\n<p>T\u00e9l\u00e9phone : 05 59 29 63 80<\/p>\n<p>Email\u00a0 : chambres-olivier@9business.fr\u00a0<\/p>\n<\/li>\n<\/ul>\n<h3>Psychologues &#8211; Psychiatres<\/h3>\n<ul>\n<li>\n<p>CMP (Centre M\u00e9dico Psychologique &#8211; Adultes) MSP ELGAR<\/p>\n<p>Adresse : 11 rue Gaskoina 64240 Hasparren<\/p>\n<p>T\u00e9l\u00e9phone : 05 59 29 12 90\u00a0<\/p>\n<\/li>\n<li>\n<p>CMPP (Sauvegarde de l&#8217;Enfance) MSP ELGAR<\/p>\n<p>Adresse : 11 rue Gaskoina 64240 Hasparren<\/p>\n<p>T\u00e9l\u00e9phone : 05 59 25 53 88<\/p>\n<p>Email : cmpp@seapb.asso.fr\u00a0<\/p>\n<\/li>\n<\/ul>\n<h3>Chirurgiens dentistes<\/h3>\n<ul>\n<li>\n<p>ETCHART MIREN<\/p>\n<p>Adresse : 1 rue Gaskoina 64240 Hasparren<\/p>\n<p>t\u00e9l\u00e9phone : 05 59 59 70 95<\/p>\n<\/li>\n<li>\n<p>FOSSOYEUX FRANCK<\/p>\n<p>Adreesse : Centre m\u00e9dical Elgarrekin 13 rue de l&#8217;Ursuya 64240 Hasparren<\/p>\n<p>T\u00e9l\u00e9phone : 05 59 29 10 41<\/p>\n<p>Email : pratident@orange.fr<\/p>\n<\/li>\n<li>\n<p>KAYROUZ FADI<\/p>\n<p>Adresse : 14 rue Jats 64240 Hasparren<\/p>\n<p>T\u00e9l\u00e9phone : 05 59 29 60 91<\/p>\n<p>Email : selarl-fk@orange.fr<\/p>\n<\/li>\n<li>\n<p>LERICI SEBASTIEN<\/p>\n<p>Adresse : 1 rue Gaskoina 64240 Hasparren<\/p>\n<p>T\u00e9l\u00e9phone : 05 59 59 70 95<\/p>\n<\/li>\n<li>\n<p>ROCHEREAU ANTOINE<\/p>\n<p>Adresse : Centre m\u00e9dical Elgarrekin 13 rue de l&#8217;Ursuya 64240 Hasparren<\/p>\n<p>t\u00e9l\u00e9phone : 05 59 29 61 58<\/p>\n<p>Email : pratident@orange.fr<\/p>\n<\/li>\n<\/ul>\n<h3>Radiologues<\/h3>\n<ul>\n<li>\n<p>IMEB &#8211; ISSAADI-INARAJA<\/p>\n<p>Adresse : Centre d\u2019imagerie m\u00e9dicale 64240 Hasparren<\/p>\n<p>T\u00e9l\u00e9phone : 05 59 29 11 20\u00a0<\/p>\n<\/li>\n<\/ul>\n<h3>Cardiologue<\/h3>\n<ul>\n<li>\n<p>LAROUCHI LOFTI<\/p>\n<p>Adresse : Centre m\u00e9dical Elgarrekin 13 rue de l&#8217;Ursuya 64240 Hasparren<\/p>\n<p>T\u00e9l\u00e9phone : 05 59 29 63 80\u00a0<\/p>\n<\/li>\n<\/ul>\n<h3>P\u00e9diatres<\/h3>\n<ul>\n<li>\n<p>PMI &#8211; Protection Maternelle et Infantile (SDSEI-Service D\u00e9partemental des Solidarit\u00e9s et de l&#8217;Insertion)<\/p>\n<p>Adresse : MSP ELGAR 11 rue Gaskoina 64240 Hasparren<\/p>\n<p>T\u00e9l\u00e9phone : 05 59 29 61 00<\/p>\n<\/li>\n<\/ul>\n<h3>Pu\u00e9ricultrices<\/h3>\n<ul>\n<li>\n<p>PMI &#8211; Protection Maternelle et Infantile (SDSEI-Service D\u00e9partemental des Solidarit\u00e9s et de l&#8217;Insertion)<\/p>\n<p>Adresse : MSP ELGAR 11 rue Gaskoina 64240 Hasparren<\/p>\n<p>T\u00e9l\u00e9phone : 05 59 29 61 00<\/p>\n<\/li>\n<\/ul>\n<h2>Param\u00e9decine<\/h2>\n<h3>Kin\u00e9sith\u00e9rapeutes<\/h3>\n<ul>\n<li>\n<p>AGUERRE ANNE-BEATRICE<\/p>\n<p>Adresse : Cabinet Eskuz Arta 50 rue Jean Lissar 64240 Hasparren<\/p>\n<p>t\u00e9l\u00e9phone : 05 59 29 57 68<\/p>\n<\/li>\n<li>\n<p>D&#8217;AVEZAC DE CASTERA ROCH<\/p>\n<p>Adresse : Maison Haizen Bihotzian Quartier Paxkoenea 64240 Hasparren<\/p>\n<p>T\u00e9l\u00e9phone : 06 46 01 70 05<\/p>\n<p>Email : roch.masseurkine@laposte.net\u00a0<\/p>\n<\/li>\n<li>\n<p>PDUBLANC MAYLIS<\/p>\n<p>Adresse : Cabinet Eskuz Arta 50 rue Jean Lissar 64240 Hasparren<\/p>\n<p>T\u00e9l\u00e9phone : 05 59 29 57 68<\/p>\n<\/li>\n<li>\n<p>ECHEVERTZ SABINE<\/p>\n<p>Adresse : Maison Haize Leku Quartier Celhay 64240 Hasparren<\/p>\n<p>t\u00e9l\u00e9phone : 06 20 71 81 72<\/p>\n<\/li>\n<li>\n<p>EMILE GEOFFREY<\/p>\n<p>Adresse : Centre m\u00e9dical Elgarrekin 13 rue de l&#8217;Ursuya 64240 Hasparren<\/p>\n<p>t\u00e9l\u00e9phone : 05 59 29 12 81\u00a0<\/p>\n<\/li>\n<li>\n<p>ETCHEBERRY JEANNETTE<\/p>\n<p>Adresse : 64240 Hasparren<\/p>\n<p>T\u00e9l\u00e9phone : 06 14 76 78 32<\/p>\n<p>Email : jeannette.etcheberry.inf@orange.fr<\/p>\n<\/li>\n<li>\n<p>GARAT JEAN-LUC<\/p>\n<p>Adresse : 64240 Hasparren<\/p>\n<p>T\u00e9l\u00e9phone : 06 50 32 71 54<\/p>\n<\/li>\n<li>\n<p>GOYENETCHE ARGITXU<\/p>\n<p>Adresse : Centre m\u00e9dical Elgarrekin 13 rue de l&#8217;Ursuya 64240 Hasparren<\/p>\n<p>T\u00e9l\u00e9phone : 07 85 10 17 29 et 05 59 29 12 81<\/p>\n<p>Email : argitxu.goyenetche@gmail.com<\/p>\n<\/li>\n<li>\n<p>IDRAC THEO<\/p>\n<p>Adresse : Centre m\u00e9dical Elgarrekin 13 rue de l&#8217;Ursuya 64240 Hasparren<\/p>\n<p>T\u00e9l\u00e9phone : 05 59 29 12 81 et 06 42 31 97 99<\/p>\n<\/li>\n<li>\n<p>LEMOUTON MARIE-LAURE<\/p>\n<p>Adresse : 11 rue Jean Lissar 64240 Hasparren<\/p>\n<p>T\u00e9l\u00e9phone : 05 59 52 44 40<\/p>\n<\/li>\n<li>\n<p>MASSONDO LAURA Cabinet Eskuz Arta<\/p>\n<p>Adresse : 50 rue Jean Lissar 64240 Hasparren<\/p>\n<p>T\u00e9l\u00e9phone : 05 59 29 57 68<\/p>\n<\/li>\n<li>\n<p>RUBIN PATRICE &#8220;Villa &#8220;&#8221;Andurri Berria&#8221;&#8221;<\/p>\n<p>Adresse : 65 rue Jean Lissar&#8221; 64240 Hasparren<\/p>\n<p>t\u00e9l\u00e9phone : 05 59 29 59 67<\/p>\n<\/li>\n<li>\n<p>RUFFIE VINCENT<\/p>\n<p>Adresse : Centre m\u00e9dical Elgarrekin 13 rue de l&#8217;Ursuya 64240 Hasparren<\/p>\n<p>T\u00e9l\u00e9phone : 05 59 29 12 81 et 06 71 70 30 83\u00a0<\/p>\n<\/li>\n<li>\n<p>SCWER HELENE<\/p>\n<p>Adresse : 13 rue de l&#8217;Ursuya 64240 Hasparren<\/p>\n<p>T\u00e9l\u00e9phone : 05 59 29 12 81<\/p>\n<\/li>\n<li>\n<p>VIDAL MATHIEU<\/p>\n<p>Adresse : 50 rue Jean Lissar 64240 Hasparren<\/p>\n<p>T\u00e9l\u00e9phone : 05 59 29 57 68<\/p>\n<\/li>\n<li>\n<p>VRILLON ISABELLE<\/p>\n<p>Adresse : Maison Udazkena 16 lotissement Bixta Eder 64240 Hasparren<\/p>\n<p>T\u00e9l\u00e9phone : 06 67 35 48 33<\/p>\n<p>Email : kine.vrillon@gmail.com<\/p>\n<\/li>\n<li>\n<p>ZAHRA GUILLAUME<\/p>\n<p>Adresse : Cabinet Eskuz Arta 50 rue Jean Lissar 64240 Hasparren<\/p>\n<p>T\u00e9l\u00e9phone : 05 59 29 57 68<\/p>\n<\/li>\n<\/ul>\n<h3>Laboratoire d&#8217;analyses m\u00e9dicales<\/h3>\n<ul>\n<li>\n<p>AX BIO OCEAN Centre m\u00e9dical<\/p>\n<p>Adresse : Elgarrekin 13 rue de l&#8217;Ursuya 64240 Hasparren<\/p>\n<p>T\u00e9l\u00e9phone : 05 59 29 60 61<\/p>\n<p>Email : secretaire.hasparren@axbioocean.fr \/\/ biologiste : frederic.lachatre@axbioocean.fr<\/p>\n<\/li>\n<\/ul>\n<h3>Opticiens &#8211; Lunetiers<\/h3>\n<ul>\n<li>\n<p>BEGI LAGUNA<\/p>\n<p>Adresse : 2 rue Jean Lissar 64240 Hasparren<\/p>\n<p>T\u00e9l\u00e9phone : 05 59 29 63 88<\/p>\n<p>Email : begi.laguna@orange.fr\u00a0<\/p>\n<\/li>\n<li>\n<p>C-CIL&#8217; OPTICIEN<\/p>\n<p>Adresse : 15 place de Verdun 64240 Hasparren<\/p>\n<p>t\u00e9l\u00e9phone : 05 59 59 33 40<\/p>\n<\/li>\n<\/ul>\n<h3>Di\u00e9t\u00e9ticienne<\/h3>\n<ul>\n<li>\n<p>BEYSSAC CECILE<\/p>\n<p>Adresse : Quartier Labiri 64240 Hasparren<\/p>\n<p>T\u00e9l\u00e9phone : 06 14 34 03 77<\/p>\n<p>Email : cecile.beyssac.diet@orange.fr\u00a0<\/p>\n<\/li>\n<\/ul>\n<h3>INFIRMIERS\/INFIRMIERES<\/h3>\n<ul>\n<li>\n<p>BIDEGORRY NATHALIE<\/p>\n<p>Adresse : 64240 Hasparren<\/p>\n<p>T\u00e9l\u00e9phone : 06 64 22 05 25<\/p>\n<\/li>\n<li>\n<p>BLEZIO GENEVIEVE<\/p>\n<p>Adresse : 64240 Hasparren<\/p>\n<p>T\u00e9l\u00e9phone : 06 89 50 79 24<\/p>\n<\/li>\n<li>\n<p>BORDA ANDREA<\/p>\n<p>Adresse : 64240 Hasparren<\/p>\n<p>T\u00e9l\u00e9phone : 06 26 01 01 91<\/p>\n<\/li>\n<li>\n<p>CABINET INFIRMIER BIDEGORRY &#8211; DE LAUBIER &#8211; HERMOSILLA GAGO &#8211; SICARD<\/p>\n<p>Adresse : Centre m\u00e9dical Elgarrekin 13 rue de l&#8217;Ursuya 64240 Hasparren<\/p>\n<p>T\u00e9l\u00e9phone : 05 59 29 12 80<\/p>\n<\/li>\n<li>\n<p>CABINET INFIRMIER BLEZIO &#8211; SAINT MARTIN<\/p>\n<p>Adresse : 38 rue Jean Lissar 64240 Hasparren<\/p>\n<\/li>\n<li>\n<p>CABINET INFIRMIER BORDA &#8211; DEGOS -ETCHEBERRY<\/p>\n<p>Adresse : Quartier Hasquette 64240 Hasparren<\/p>\n<p>t\u00e9l\u00e9phone : 05 59 29 18 18<\/p>\n<\/li>\n<li>\n<p>CABINET INFIRMIER CASTELLI &#8211; GARAT &#8211; INCHAUSPE &#8211; LAGRENADE<\/p>\n<p>Adresse : 93 Rue Jean Lissar 64240 Hasparren<\/p>\n<\/li>\n<li>\n<p>CASTELLI EMMANUELLE<\/p>\n<p>Adresse : 64240 Hasparren<\/p>\n<p>T\u00e9l\u00e9phone : 06 32 38 87 76<\/p>\n<\/li>\n<li>\n<p>DE LAUBIER CLAIRE<\/p>\n<p>Adresse : 64240 Hasparren<\/p>\n<p>t\u00e9l\u00e9phone : 06 18 50 27 70<\/p>\n<\/li>\n<li>\n<p>DEGOS VALERIE<\/p>\n<p>Adresse : 64240 Hasparren<\/p>\n<p>t\u00e9l\u00e9phone : 06 74 62 76 55<\/p>\n<\/li>\n<li>\n<p>HERMOSILLA GAGO MIGUEL ANGEL<\/p>\n<p>Adresse : 64240 Hasparren<\/p>\n<\/li>\n<li>\n<p>INCHAUSPE CHANTAL<\/p>\n<p>Adresse : 64240 Hasparren<\/p>\n<p>t\u00e9l\u00e9phone : 06 11 04 95 92<\/p>\n<\/li>\n<li>\n<p>LAGRENADE BERNADETTE<\/p>\n<p>Adresse : 64240 Hasparren<\/p>\n<p>T\u00e9l\u00e9phone : 06 76 14 04 39<\/p>\n<\/li>\n<li>\n<p>SAINT MARTIN MARITXU<\/p>\n<p>Adresse : 64240 Hasparren<\/p>\n<p>T\u00e9l\u00e9phone : 06 60 34 26 24<\/p>\n<p>Email : mitxuk@hotmail.fr<\/p>\n<\/li>\n<li>\n<p>SICARD MELANIE<\/p>\n<p>Adresse : 64240 Hasparren<\/p>\n<\/li>\n<\/ul>\n<h3>P\u00e9dicures &#8211; Podologues<\/h3>\n<ul>\n<li>\n<p>DOUCE AURORE<\/p>\n<p>Adresse : Centre m\u00e9dical Elgarrekin 13 rue de l&#8217;Ursuya 64240 Hasparren<\/p>\n<p>T\u00e9l\u00e9phone : 05 59 29 63 81 et 06 79 12 76 80<\/p>\n<\/li>\n<li>\n<p>DUBOIS MAITE<\/p>\n<p>Adresse : 13 rue Jats 64240 Hasparren<\/p>\n<p>T\u00e9l\u00e9phone : 05 59 70 10 69<\/p>\n<p>Email : maite-dubois@orange.fr\u00a0<\/p>\n<\/li>\n<\/ul>\n<h3>Orthophonistes<\/h3>\n<ul>\n<li>\n<p>MACIET CELINE<\/p>\n<p>Adresse : 21 rue Jats 64240 Hasparren<\/p>\n<p>T\u00e9l\u00e9phone : 09 80 65 25 45<\/p>\n<\/li>\n<li>\n<p>URRUTIA EMILIE<\/p>\n<p>Adresse : 21 rue Jats 64240 Hasparren<\/p>\n<p>T\u00e9l\u00e9phone : 05 59 15 07 37 et 07 83 83 76 05<\/p>\n<p>Email : emilie.urrutia@hotmail.fr\u00a0<\/p>\n<\/li>\n<\/ul>\n<h3>Audioproth\u00e9siste<\/h3>\n<ul>\n<li>\n<p>SONANCE AUDITION<\/p>\n<p>Adresse : 30 rue Jean Lissar 64240 Hasparren<\/p>\n<p>T\u00e9l\u00e9phone : 05 59 70 23 76<\/p>\n<p>Email : lestrat.stephane@sfr.fr\u00a0<\/p>\n<\/li>\n<\/ul>\n<h3>Pharmacies<\/h3>\n<ul>\n<li>\n<p>PHARMACIE DUBAYLE<\/p>\n<p>Adresse : 54 rue Jean Lissar 64240 Hasparren<\/p>\n<p>T\u00e9l\u00e9phone : 05 59 29 60 63<\/p>\n<p>Email : pharmaciedubayle@gmail.com<\/p>\n<\/li>\n<li>\n<p>PHARMACIE ECHEVERRIA<\/p>\n<p>Adresse : 7 place Verdun 64240 Hasparren<\/p>\n<p>T\u00e9l\u00e9phone : 05 59 29 60 35<\/p>\n<p>Email : pcie.andrein@perso.alliadis.net<\/p>\n<\/li>\n<li>\n<p>PHARMACIE LAMERENX<\/p>\n<p>Adresse : 2 rue Pierre Broussain 64240 Hasparren<\/p>\n<p>T\u00e9l\u00e9phone : 05 59 29 60 40<\/p>\n<p>Email : phlamerenx@gmail.com\u00a0<\/p>\n<\/li>\n<\/ul>\n<h3>PMI &#8211; Protection Maternelle et Infantile (SDSEI-Service D\u00e9partemental des Solidarit\u00e9s et de l&#8217;Insertion)<\/h3>\n<ul>\n<li>\n<p>PMI MSP ELGAR<\/p>\n<p>Adresse : 11 rue Gaskoina 64240 Hasparren<\/p>\n<p>T\u00e9l\u00e9phone : 05 59 29 61 00<\/p>\n<\/li>\n<\/ul>\n<h2>Transports<\/h2>\n<h3>Ambulances<\/h3>\n<ul>\n<li>\n<p>AMBULANCE DU LABOURD<\/p>\n<p>Adresse : Route de Cambo 64240 Hasparren<\/p>\n<p>T\u00e9l\u00e9phone : 05 59 29 53 17<\/p>\n<p>Email : ambulancedulabourd@free.fr<\/p>\n<\/li>\n<li>\n<p>AMBULANCES DE L&#8217;URSUYA<\/p>\n<p>Adresse : 32 rue Pierre Broussain 64240 Hasparren<\/p>\n<p>T\u00e9l\u00e9phone : 05 59 70 24 18<\/p>\n<p>Email : ambulances.ursuya@wanadoo.fr<\/p>\n<\/li>\n<\/ul>\n<h2>Th\u00e9rapies compl\u00e9mentaires<\/h2>\n<h3>Ost\u00e9opathes<\/h3>\n<ul>\n<li>\n<p>AGUERRE ANNE-BEATRICE<\/p>\n<p>Adresse : Cabinet Eskuz Arta 50 rue Jean Lissar 64240 Hasparren<\/p>\n<p>t\u00e9l\u00e9phone : 05 59 29 57 68<\/p>\n<\/li>\n<li>\n<p>GARACOTCHE CAMILLE<\/p>\n<p>Adresse : 21 rue Jats 64240 Hasparren<\/p>\n<p>T\u00e9l\u00e9phone : 06 49 69 25 27<\/p>\n<\/li>\n<li>\n<p>GERMAIN CEDRIC<\/p>\n<p>Adresse : 62 rue Francis Jammes 64240 Hasparren<\/p>\n<p>T\u00e9l\u00e9phone : 05 59 70 28 86 et 06 18 92 46 13<\/p>\n<\/li>\n<li>\n<p>QUETTE FOUZIA<\/p>\n<p>Adresse : Centre m\u00e9dical Elgarrekin 64240 Hasparren<\/p>\n<p>T\u00e9l\u00e9phone : 05 59 03 12 22<\/p>\n<\/li>\n<li>\n<p>RICARD PIERRE<\/p>\n<p>Adresse : 33 rue Jean Lissar 64240 Hasparren<\/p>\n<p>T\u00e9l\u00e9phone : 05 59 50 19 57<\/p>\n<\/li>\n<li>\n<p>RUFFIE VINCENT<\/p>\n<p>Adresse : Centre m\u00e9dical Elgarrekin 13 rue de l&#8217;Ursuya 64240 Hasparren<\/p>\n<p>T\u00e9l\u00e9phone : 05 59 29 12 81 et 06 71 70 30 83<\/p>\n<\/li>\n<li>\n<p>ZAHRA GUILLAUME<\/p>\n<p>Adresse\u00a0 : Cabinet Eskuz Arta 50 rue Jean Lissar 64240 Hasparren<\/p>\n<p>T\u00e9l\u00e9phone : 05 59 29 57 68<\/p>\n<\/li>\n<\/ul>\n<h3>Chiropracteur<\/h3>\n<ul>\n<li>\n<p>CABINET DE SOINS CHIROPRATIQUES<\/p>\n<p>Adresse : H\u00f4tel d&#8217;entreprises ARY place du jeu de Paume 64240 Hasparren<\/p>\n<p>t\u00e9l\u00e9phone : 06 31 68 78 63\u00a0<\/p>\n<\/li>\n<\/ul>\n<h3>Energ\u00e9tique chinoise &#8211; Harmonisation vitale<\/h3>\n<ul>\n<li>\n<p>CACHENAUT XAVIER<\/p>\n<p>Adresse : 21 rue Jats 64240 Hasparren<\/p>\n<p>T\u00e9l\u00e9phone : 06 21 11 20 96<\/p>\n<\/li>\n<li>\n<p>LEBRETON MATTHIEU<\/p>\n<p>Adresse : Espace Entreprises ALDATU rue L\u00e9on Larregain 64240 Hasparren<\/p>\n<p>T\u00e9l\u00e9phone : 06 18 45 40 96<\/p>\n<\/li>\n<li>\n<p>\u00a0DARRITCHON EDITH<\/p>\n<p>Adresse : Maison Txapala quatier Paxkoenia 64240 Hasparren<\/p>\n<p>T\u00e9l\u00e9phone : 06 86 16 42 25<\/p>\n<\/li>\n<\/ul>\n<h3>\u00a0Hypnose &#8211; Sophrologie &#8211; Relaxation<\/h3>\n<ul>\n<li>\n<p>CHABOT NATHALIE &#8211; Association C\u0153ur De Natie<\/p>\n<p>Adresse : 30 rue Jean Lissar 64240 Hasparren<\/p>\n<p>T\u00e9l\u00e9phone : 07 81 45 55 60<\/p>\n<\/li>\n<\/ul>\n<h3>Psychoth\u00e9rapeutes<\/h3>\n<ul>\n<li>\n<p>ENTZUN &#8211; AMESTOY ISABELLE<\/p>\n<p>Adresse : Espace Entreprises ALDATU rue L\u00e9on Larregain 64240 Hasparren<\/p>\n<p>T\u00e9l\u00e9phone : 07 83 53 18 43<\/p>\n<\/li>\n<\/ul>\n<h3>R\u00e9flexologue plantaire<\/h3>\n<ul>\n<li>\n<p>MASSAGE MARIE-PIERRE<\/p>\n<p>Adresse : 36 rue Pierre Broussain 64240 Hasparren<\/p>\n<p>T\u00e9l\u00e9phone : 06 25 11 83 10\u00a0<\/p>\n<\/li>\n<\/ul>\n<h3>Shiatsu<\/h3>\n<ul>\n<li>\n<p>PEREIRA STEPHANIE<\/p>\n<p>Adresse : Quartier Pe\u00f1a 64240 Hasparren<\/p>\n<p>T\u00e9l\u00e9phone : 06 87 16 43 49<\/p>\n<\/li>\n<li>\n<p>SHIATSULARI BORDATO JONE<\/p>\n<p>Adresse : 4 rue Jean Lissar 64240 Hasparren<\/p>\n<p>T\u00e9l\u00e9phone : 06 27 81 62 54<\/p>\n<\/li>\n<\/ul>\n<h3>\u00a0Magn\u00e9tiseur &#8211; Lithoth\u00e9rapeute<\/h3>\n<ul>\n<li>\n<p>VIDOUZE JEROME<\/p>\n<p>Adresse : 30 rue Jean Lissar 64240 Hasparren<\/p>\n<p>T\u00e9l\u00e9phone : 06 62 94 77 60<\/p>\n<\/li>\n<\/ul>\n<p><a class=\"button\" href=\"https:\/\/hasparren.fr\/eu\/la-vie-pratique\/sante\/annuaire-sante\/\"> Retour \u00e0 la page pr\u00e9c\u00e9dente <\/a><\/p>\n","protected":false},"excerpt":{"rendered":"<p>Centres m\u00e9dicaux CENTRE MEDICAL DU LABOURD Adresse : Place du Labourd 64240 Hasparren T\u00e9l\u00e9phone : 05 59 29 63 66 CENTRE MEDICAL CENTRE MEDICAL ELGARREKIN Adresse : 13 rue de [&hellip;]<\/p>\n","protected":false},"author":14,"featured_media":0,"parent":0,"menu_order":0,"comment_status":"closed","ping_status":"closed","template":"","meta":{"_acf_changed":false,"cybocfi_hide_featured_image":"","footnotes":""},"class_list":["post-27179","page","type-page","status-publish","hentry","clearfix"],"acf":[],"yoast_head":"<!-- This site is optimized with the Yoast SEO plugin v27.4 - https:\/\/yoast.com\/product\/yoast-seo-wordpress\/ -->\n<title>Liste des professionnels de la sant\u00e9 de Hasparren - Hasparren, commune du Pays Basque<\/title>\n<meta name=\"robots\" content=\"index, follow, max-snippet:-1, max-image-preview:large, max-video-preview:-1\" \/>\n<link rel=\"canonical\" href=\"https:\/\/hasparren.fr\/eu\/liste-des-professionnels-de-la-sante-de-hasparren\/\" \/>\n<meta property=\"og:locale\" content=\"eu_ES\" \/>\n<meta property=\"og:type\" content=\"article\" \/>\n<meta property=\"og:title\" content=\"Liste des professionnels de la sant\u00e9 de Hasparren - Hasparren, commune du Pays Basque\" \/>\n<meta property=\"og:description\" content=\"Centres m\u00e9dicaux CENTRE MEDICAL DU LABOURD Adresse : Place du Labourd 64240 Hasparren T\u00e9l\u00e9phone : 05 59 29 63 66 CENTRE MEDICAL CENTRE MEDICAL ELGARREKIN Adresse : 13 rue de [&hellip;]\" \/>\n<meta property=\"og:url\" content=\"https:\/\/hasparren.fr\/eu\/liste-des-professionnels-de-la-sante-de-hasparren\/\" \/>\n<meta property=\"og:site_name\" content=\"Hasparren, commune du Pays Basque\" \/>\n<meta property=\"article:modified_time\" content=\"2021-12-03T10:49:11+00:00\" \/>\n<meta name=\"twitter:card\" content=\"summary_large_image\" \/>\n<meta name=\"twitter:label1\" content=\"Est. reading time\" \/>\n\t<meta name=\"twitter:data1\" content=\"8 minutua\" \/>\n<script type=\"application\/ld+json\" class=\"yoast-schema-graph\">{\"@context\":\"https:\\\/\\\/schema.org\",\"@graph\":[{\"@type\":\"WebPage\",\"@id\":\"https:\\\/\\\/hasparren.fr\\\/eu\\\/liste-des-professionnels-de-la-sante-de-hasparren\\\/\",\"url\":\"https:\\\/\\\/hasparren.fr\\\/eu\\\/liste-des-professionnels-de-la-sante-de-hasparren\\\/\",\"name\":\"Liste des professionnels de la sant\u00e9 de Hasparren - Hasparren, commune du Pays Basque\",\"isPartOf\":{\"@id\":\"https:\\\/\\\/hasparren.fr\\\/#website\"},\"datePublished\":\"2021-11-22T13:17:57+00:00\",\"dateModified\":\"2021-12-03T10:49:11+00:00\",\"breadcrumb\":{\"@id\":\"https:\\\/\\\/hasparren.fr\\\/eu\\\/liste-des-professionnels-de-la-sante-de-hasparren\\\/#breadcrumb\"},\"inLanguage\":\"eu\",\"potentialAction\":[{\"@type\":\"ReadAction\",\"target\":[\"https:\\\/\\\/hasparren.fr\\\/eu\\\/liste-des-professionnels-de-la-sante-de-hasparren\\\/\"]}]},{\"@type\":\"BreadcrumbList\",\"@id\":\"https:\\\/\\\/hasparren.fr\\\/eu\\\/liste-des-professionnels-de-la-sante-de-hasparren\\\/#breadcrumb\",\"itemListElement\":[{\"@type\":\"ListItem\",\"position\":1,\"name\":\"Accueil\",\"item\":\"https:\\\/\\\/hasparren.fr\\\/eu\\\/\"},{\"@type\":\"ListItem\",\"position\":2,\"name\":\"Liste des professionnels de la sant\u00e9 de Hasparren\"}]},{\"@type\":\"WebSite\",\"@id\":\"https:\\\/\\\/hasparren.fr\\\/#website\",\"url\":\"https:\\\/\\\/hasparren.fr\\\/\",\"name\":\"Hasparren, commune du Pays Basque\",\"description\":\"Hasparren, commune du Pays Basque\",\"potentialAction\":[{\"@type\":\"SearchAction\",\"target\":{\"@type\":\"EntryPoint\",\"urlTemplate\":\"https:\\\/\\\/hasparren.fr\\\/?s={search_term_string}\"},\"query-input\":{\"@type\":\"PropertyValueSpecification\",\"valueRequired\":true,\"valueName\":\"search_term_string\"}}],\"inLanguage\":\"eu\"}]}<\/script>\n<!-- \/ Yoast SEO plugin. -->","yoast_head_json":{"title":"Liste des professionnels de la sant\u00e9 de Hasparren - Hasparren, commune du Pays Basque","robots":{"index":"index","follow":"follow","max-snippet":"max-snippet:-1","max-image-preview":"max-image-preview:large","max-video-preview":"max-video-preview:-1"},"canonical":"https:\/\/hasparren.fr\/eu\/liste-des-professionnels-de-la-sante-de-hasparren\/","og_locale":"eu_ES","og_type":"article","og_title":"Liste des professionnels de la sant\u00e9 de Hasparren - Hasparren, commune du Pays Basque","og_description":"Centres m\u00e9dicaux CENTRE MEDICAL DU LABOURD Adresse : Place du Labourd 64240 Hasparren T\u00e9l\u00e9phone : 05 59 29 63 66 CENTRE MEDICAL CENTRE MEDICAL ELGARREKIN Adresse : 13 rue de [&hellip;]","og_url":"https:\/\/hasparren.fr\/eu\/liste-des-professionnels-de-la-sante-de-hasparren\/","og_site_name":"Hasparren, commune du Pays Basque","article_modified_time":"2021-12-03T10:49:11+00:00","twitter_card":"summary_large_image","twitter_misc":{"Est. reading time":"8 minutua"},"schema":{"@context":"https:\/\/schema.org","@graph":[{"@type":"WebPage","@id":"https:\/\/hasparren.fr\/eu\/liste-des-professionnels-de-la-sante-de-hasparren\/","url":"https:\/\/hasparren.fr\/eu\/liste-des-professionnels-de-la-sante-de-hasparren\/","name":"Liste des professionnels de la sant\u00e9 de Hasparren - Hasparren, commune du Pays Basque","isPartOf":{"@id":"https:\/\/hasparren.fr\/#website"},"datePublished":"2021-11-22T13:17:57+00:00","dateModified":"2021-12-03T10:49:11+00:00","breadcrumb":{"@id":"https:\/\/hasparren.fr\/eu\/liste-des-professionnels-de-la-sante-de-hasparren\/#breadcrumb"},"inLanguage":"eu","potentialAction":[{"@type":"ReadAction","target":["https:\/\/hasparren.fr\/eu\/liste-des-professionnels-de-la-sante-de-hasparren\/"]}]},{"@type":"BreadcrumbList","@id":"https:\/\/hasparren.fr\/eu\/liste-des-professionnels-de-la-sante-de-hasparren\/#breadcrumb","itemListElement":[{"@type":"ListItem","position":1,"name":"Accueil","item":"https:\/\/hasparren.fr\/eu\/"},{"@type":"ListItem","position":2,"name":"Liste des professionnels de la sant\u00e9 de Hasparren"}]},{"@type":"WebSite","@id":"https:\/\/hasparren.fr\/#website","url":"https:\/\/hasparren.fr\/","name":"Hasparren, commune du Pays Basque","description":"Hasparren, commune du Pays Basque","potentialAction":[{"@type":"SearchAction","target":{"@type":"EntryPoint","urlTemplate":"https:\/\/hasparren.fr\/?s={search_term_string}"},"query-input":{"@type":"PropertyValueSpecification","valueRequired":true,"valueName":"search_term_string"}}],"inLanguage":"eu"}]}},"publishpress_future_action":{"enabled":false,"date":"2026-05-02 10:33:25","action":"change-status","newStatus":"draft","terms":[],"taxonomy":"translation_priority","extraData":[]},"publishpress_future_workflow_manual_trigger":{"enabledWorkflows":[]},"_links":{"self":[{"href":"https:\/\/hasparren.fr\/eu\/wp-json\/wp\/v2\/pages\/27179","targetHints":{"allow":["GET"]}}],"collection":[{"href":"https:\/\/hasparren.fr\/eu\/wp-json\/wp\/v2\/pages"}],"about":[{"href":"https:\/\/hasparren.fr\/eu\/wp-json\/wp\/v2\/types\/page"}],"author":[{"embeddable":true,"href":"https:\/\/hasparren.fr\/eu\/wp-json\/wp\/v2\/users\/14"}],"replies":[{"embeddable":true,"href":"https:\/\/hasparren.fr\/eu\/wp-json\/wp\/v2\/comments?post=27179"}],"version-history":[{"count":2,"href":"https:\/\/hasparren.fr\/eu\/wp-json\/wp\/v2\/pages\/27179\/revisions"}],"predecessor-version":[{"id":27823,"href":"https:\/\/hasparren.fr\/eu\/wp-json\/wp\/v2\/pages\/27179\/revisions\/27823"}],"wp:attachment":[{"href":"https:\/\/hasparren.fr\/eu\/wp-json\/wp\/v2\/media?parent=27179"}],"curies":[{"name":"wp","href":"https:\/\/api.w.org\/{rel}","templated":true}]}}