{"id":37713,"date":"2023-03-23T17:57:00","date_gmt":"2023-03-23T16:57:00","guid":{"rendered":"https:\/\/hasparren.fr\/?page_id=37713"},"modified":"2023-03-23T17:57:04","modified_gmt":"2023-03-23T16:57:04","slug":"declaration-de-conformite","status":"publish","type":"page","link":"https:\/\/hasparren.fr\/eu\/declaration-de-conformite\/","title":{"rendered":"D\u00e9claration de conformit\u00e9"},"content":{"rendered":"\n<h2>D\u00e9claration d\u2019accessibilit\u00e9<\/h2>\n<p>La ville d&#8217;Hasparren s\u2019engage \u00e0 rendre ses sites internet, intranet, extranet et applications mobiles accessibles, conform\u00e9ment \u00e0 l\u2019article 47 de la loi n\u00b0 2005-102 du 11 f\u00e9vrier 2005.<br>Cette d\u00e9claration d\u2019accessibilit\u00e9 s\u2019applique au site https:\/\/hasparren.fr\/. Elle a \u00e9t\u00e9 r\u00e9alis\u00e9e le 16 mars 2023, sur la base des contenus disponibles \u00e0 cette date.<\/p>\n<h2>R\u00e9sultats des tests<\/h2>\n<p>L\u2019audit de conformit\u00e9, r\u00e9alis\u00e9 par la soci\u00e9t\u00e9&nbsp;<a title=\"Access First (nouvelle fen\u00eatre)\" href=\"https:\/\/www.access-first.fr\" target=\"_blank\" rel=\"noopener\">Access First<\/a>, sur un \u00e9chantillon de 15 pages, r\u00e9v\u00e8le que&nbsp;<b>100%<\/b>&nbsp;des crit\u00e8res RGAA sont respect\u00e9s.<\/p>\n<h2>\u00c9tat de conformit\u00e9<\/h2>\n<p>Le site est conforme au r\u00e9f\u00e9rentiel g\u00e9n\u00e9ral d\u2019am\u00e9lioration de l\u2019accessibilit\u00e9 (RGAA), version 4.<\/p>\n<h2>Technologies utilis\u00e9es pour la r\u00e9alisation du site<\/h2>\n<ul>\n<li>HTML5<\/li>\n<li>CSS<\/li>\n<li>JavaScript<\/li>\n<li>PDF<\/li>\n<\/ul>\n<h2>Agents utilisateurs, outils et technologies d\u2019assistance utilis\u00e9s pour v\u00e9rifier l\u2019accessibilit\u00e9 des contenus<\/h2>\n<p>Les v\u00e9rifications de restitution de contenus ont \u00e9t\u00e9 r\u00e9alis\u00e9es avec les configurations suivantes&nbsp;:<\/p>\n<ul>\n<li><span lang=\"en\">Firefox<\/span>&nbsp;et NVDA&nbsp;;<\/li>\n<li>Safari et&nbsp;<span lang=\"en\">VoiceOver<\/span>&nbsp;;<\/li>\n<li><span lang=\"en\">Firefox<\/span>&nbsp;et&nbsp;<span lang=\"en\">Jaws<\/span>&nbsp;2023.<\/li>\n<\/ul>\n<p>Les outils de v\u00e9rification du code suivants ont \u00e9t\u00e9 utilis\u00e9s afin de v\u00e9rifier la conformit\u00e9 aux tests du RGAA&nbsp;:<\/p>\n<ul>\n<li>Module ANDI (<span lang=\"en\">Accessible Name and Description Inspector<\/span>)&nbsp;;<\/li>\n<li><span lang=\"en\">Colour Contrast Analyser<\/span>&nbsp;;<\/li>\n<li>Extension&nbsp;<span lang=\"en\">Web Developer<\/span>&nbsp;;<\/li>\n<li>Outils pour d\u00e9veloppeurs int\u00e9gr\u00e9s au navigateur&nbsp;<span lang=\"en\">Firefox<\/span>&nbsp;;<\/li>\n<li>Validateur HTML du W3C.<\/li>\n<\/ul>\n<h2>Pages du site ayant fait l&#8217;objet de la v\u00e9rification de conformit\u00e9<\/h2>\n<ol>\n<li>Accueil&nbsp;;<\/li>\n<li>Mentions l\u00e9gales&nbsp;;<\/li>\n<li>Contact&nbsp;;<\/li>\n<li>Aide et accessibilit\u00e9&nbsp;;<\/li>\n<li>Plan de site&nbsp;;<\/li>\n<li>D\u00e9marche administrative&nbsp;;<\/li>\n<li>C.C.A.S&nbsp;;<\/li>\n<li>Carte interactive&nbsp;;<\/li>\n<li>R\u00e9sultats de recherche pour &#8220;hasparren&#8221;&nbsp;;<\/li>\n<li>Demande de salle et mat\u00e9riel&nbsp;;<\/li>\n<li>Annuaire tourisme&nbsp;;<\/li>\n<li>Salles municipales&nbsp;;<\/li>\n<li>D\u00e9chetteries&nbsp;;<\/li>\n<li>Consigne de tri&nbsp;;<\/li>\n<li>Les \u00e9lus.<\/li>\n<\/ol>\n<h3>Contenus non soumis \u00e0 l\u2019obligation d\u2019accessibilit\u00e9<\/h3>\n<p>Les \u00e9l\u00e9ments suivants font l&#8217;objet d&#8217;une d\u00e9rogation, \u00e9tant fournis par des entit\u00e9s tierces, sur lesquels le contr\u00f4le n&#8217;est pas possible, ou ne pouvant \u00eatre rendus accessible.<\/p>\n<ul>\n<li>Cartes interactives OpenStreetMap&nbsp;;<\/li>\n<li>Sections de contenus ne r\u00e9pondant pas \u00e0 tous les crit\u00e8res d&#8217;accessibilit\u00e9 mais \u00e9tant \u00e9galement propos\u00e9 dans une version accessible sur une page d\u00e9di\u00e9e&nbsp;;<\/li>\n<li>Certains pictogrammes restitu\u00e9s par les technologies d&#8217;assistance ne peuvent \u00eatre modifi\u00e9s&nbsp;;<\/li>\n<li>La technologie utilis\u00e9e pour d\u00e9velopper le site ne permet pas toutes les customisations de codes n\u00e9cessaires \u00e0 certaines mises en conformit\u00e9s, telles que la non restitution de certaines images d\u00e9coratives par les technologies d&#8217;assistance par exemple&nbsp;;<\/li>\n<li>Fichiers bureautiques non accessibles ayant pour alternative une personne \u00e0 contacter pour effecter la demande d&#8217;une versio accessible du document&nbsp;;<\/li>\n<li>Composant de localisation de la page Annuaire tourisme.<\/li>\n<\/ul>\n<h2>Retour d\u2019information et contact<\/h2>\n<p>Si vous n\u2019arrivez pas \u00e0 acc\u00e9der \u00e0 un contenu ou \u00e0 un service, vous pouvez contacter la mairie par voie de mail <a title=\"Envoyer un email \u00e0 la mairie de Hasparren - Nouvelle fen\u00eatre\" href=\"mailto:webmaster@ville-hasparren.fr\" target=\"_blank\" rel=\"noopener\">webmaster@ville-hasparren.fr<\/a> pour \u00eatre orient\u00e9 vers une alternative accessible ou obtenir le contenu sous une autre forme.<\/p>\n<h2>Voies de recours<\/h2>\n<p>Cette proc\u00e9dure est \u00e0 utiliser dans le cas suivant&nbsp;: vous avez signal\u00e9 au responsable du site internet un d\u00e9faut d\u2019accessibilit\u00e9 qui vous emp\u00eache d\u2019acc\u00e9der \u00e0 un contenu ou \u00e0 un des services du portail et vous n\u2019avez pas obtenu de r\u00e9ponse satisfaisante.<\/p>\n<ul>\n<li>\u00c9crire un message au&nbsp;<a href=\"https:\/\/formulaire.defenseurdesdroits.fr\/\">D\u00e9fenseur des droits<\/a><\/li>\n<li>Contacter le&nbsp;<a href=\"https:\/\/www.defenseurdesdroits.fr\/saisir\/delegues\">d\u00e9l\u00e9gu\u00e9 du D\u00e9fenseur des droits<\/a>&nbsp;dans votre r\u00e9gion&nbsp;;<\/li>\n<li>Envoyer un courrier par la poste (gratuit, ne pas mettre de timbre) \u00e0 D\u00e9fenseur des droits, Libre r\u00e9ponse 71120, 75342 Paris CEDEX 07<\/li>\n<\/ul>\n","protected":false},"excerpt":{"rendered":"<p>D\u00e9claration d\u2019accessibilit\u00e9 La ville d&#8217;Hasparren s\u2019engage \u00e0 rendre ses sites internet, intranet, extranet et applications mobiles accessibles, conform\u00e9ment \u00e0 l\u2019article 47 de la loi n\u00b0 2005-102 du 11 f\u00e9vrier 2005.Cette [&hellip;]<\/p>\n","protected":false},"author":14,"featured_media":0,"parent":0,"menu_order":0,"comment_status":"closed","ping_status":"closed","template":"","meta":{"_acf_changed":false,"cybocfi_hide_featured_image":"","footnotes":""},"class_list":["post-37713","page","type-page","status-publish","hentry","clearfix"],"acf":[],"yoast_head":"<!-- This site is optimized with the Yoast SEO plugin v27.4 - https:\/\/yoast.com\/product\/yoast-seo-wordpress\/ -->\n<title>D\u00e9claration de conformit\u00e9 - Hasparren, commune du Pays Basque<\/title>\n<meta name=\"robots\" content=\"index, follow, max-snippet:-1, max-image-preview:large, max-video-preview:-1\" \/>\n<link rel=\"canonical\" href=\"https:\/\/hasparren.fr\/eu\/declaration-de-conformite\/\" \/>\n<meta property=\"og:locale\" content=\"eu_ES\" \/>\n<meta property=\"og:type\" content=\"article\" \/>\n<meta property=\"og:title\" content=\"D\u00e9claration de conformit\u00e9 - Hasparren, commune du Pays Basque\" \/>\n<meta property=\"og:description\" content=\"D\u00e9claration d\u2019accessibilit\u00e9 La ville d&#8217;Hasparren s\u2019engage \u00e0 rendre ses sites internet, intranet, extranet et applications mobiles accessibles, conform\u00e9ment \u00e0 l\u2019article 47 de la loi n\u00b0 2005-102 du 11 f\u00e9vrier 2005.Cette [&hellip;]\" \/>\n<meta property=\"og:url\" content=\"https:\/\/hasparren.fr\/eu\/declaration-de-conformite\/\" \/>\n<meta property=\"og:site_name\" content=\"Hasparren, commune du Pays Basque\" \/>\n<meta property=\"article:modified_time\" content=\"2023-03-23T16:57:04+00:00\" \/>\n<meta name=\"twitter:card\" content=\"summary_large_image\" \/>\n<meta name=\"twitter:label1\" content=\"Est. reading time\" \/>\n\t<meta name=\"twitter:data1\" content=\"3 minutua\" \/>\n<script type=\"application\/ld+json\" class=\"yoast-schema-graph\">{\"@context\":\"https:\\\/\\\/schema.org\",\"@graph\":[{\"@type\":\"WebPage\",\"@id\":\"https:\\\/\\\/hasparren.fr\\\/eu\\\/declaration-de-conformite\\\/\",\"url\":\"https:\\\/\\\/hasparren.fr\\\/eu\\\/declaration-de-conformite\\\/\",\"name\":\"D\u00e9claration de conformit\u00e9 - Hasparren, commune du Pays Basque\",\"isPartOf\":{\"@id\":\"https:\\\/\\\/hasparren.fr\\\/#website\"},\"datePublished\":\"2023-03-23T16:57:00+00:00\",\"dateModified\":\"2023-03-23T16:57:04+00:00\",\"breadcrumb\":{\"@id\":\"https:\\\/\\\/hasparren.fr\\\/eu\\\/declaration-de-conformite\\\/#breadcrumb\"},\"inLanguage\":\"eu\",\"potentialAction\":[{\"@type\":\"ReadAction\",\"target\":[\"https:\\\/\\\/hasparren.fr\\\/eu\\\/declaration-de-conformite\\\/\"]}]},{\"@type\":\"BreadcrumbList\",\"@id\":\"https:\\\/\\\/hasparren.fr\\\/eu\\\/declaration-de-conformite\\\/#breadcrumb\",\"itemListElement\":[{\"@type\":\"ListItem\",\"position\":1,\"name\":\"Accueil\",\"item\":\"https:\\\/\\\/hasparren.fr\\\/eu\\\/\"},{\"@type\":\"ListItem\",\"position\":2,\"name\":\"D\u00e9claration de conformit\u00e9\"}]},{\"@type\":\"WebSite\",\"@id\":\"https:\\\/\\\/hasparren.fr\\\/#website\",\"url\":\"https:\\\/\\\/hasparren.fr\\\/\",\"name\":\"Hasparren, commune du Pays Basque\",\"description\":\"Hasparren, commune du Pays Basque\",\"potentialAction\":[{\"@type\":\"SearchAction\",\"target\":{\"@type\":\"EntryPoint\",\"urlTemplate\":\"https:\\\/\\\/hasparren.fr\\\/?s={search_term_string}\"},\"query-input\":{\"@type\":\"PropertyValueSpecification\",\"valueRequired\":true,\"valueName\":\"search_term_string\"}}],\"inLanguage\":\"eu\"}]}<\/script>\n<!-- \/ Yoast SEO plugin. -->","yoast_head_json":{"title":"D\u00e9claration de conformit\u00e9 - Hasparren, commune du Pays Basque","robots":{"index":"index","follow":"follow","max-snippet":"max-snippet:-1","max-image-preview":"max-image-preview:large","max-video-preview":"max-video-preview:-1"},"canonical":"https:\/\/hasparren.fr\/eu\/declaration-de-conformite\/","og_locale":"eu_ES","og_type":"article","og_title":"D\u00e9claration de conformit\u00e9 - Hasparren, commune du Pays Basque","og_description":"D\u00e9claration d\u2019accessibilit\u00e9 La ville d&#8217;Hasparren s\u2019engage \u00e0 rendre ses sites internet, intranet, extranet et applications mobiles accessibles, conform\u00e9ment \u00e0 l\u2019article 47 de la loi n\u00b0 2005-102 du 11 f\u00e9vrier 2005.Cette [&hellip;]","og_url":"https:\/\/hasparren.fr\/eu\/declaration-de-conformite\/","og_site_name":"Hasparren, commune du Pays Basque","article_modified_time":"2023-03-23T16:57:04+00:00","twitter_card":"summary_large_image","twitter_misc":{"Est. reading time":"3 minutua"},"schema":{"@context":"https:\/\/schema.org","@graph":[{"@type":"WebPage","@id":"https:\/\/hasparren.fr\/eu\/declaration-de-conformite\/","url":"https:\/\/hasparren.fr\/eu\/declaration-de-conformite\/","name":"D\u00e9claration de conformit\u00e9 - Hasparren, commune du Pays Basque","isPartOf":{"@id":"https:\/\/hasparren.fr\/#website"},"datePublished":"2023-03-23T16:57:00+00:00","dateModified":"2023-03-23T16:57:04+00:00","breadcrumb":{"@id":"https:\/\/hasparren.fr\/eu\/declaration-de-conformite\/#breadcrumb"},"inLanguage":"eu","potentialAction":[{"@type":"ReadAction","target":["https:\/\/hasparren.fr\/eu\/declaration-de-conformite\/"]}]},{"@type":"BreadcrumbList","@id":"https:\/\/hasparren.fr\/eu\/declaration-de-conformite\/#breadcrumb","itemListElement":[{"@type":"ListItem","position":1,"name":"Accueil","item":"https:\/\/hasparren.fr\/eu\/"},{"@type":"ListItem","position":2,"name":"D\u00e9claration de conformit\u00e9"}]},{"@type":"WebSite","@id":"https:\/\/hasparren.fr\/#website","url":"https:\/\/hasparren.fr\/","name":"Hasparren, commune du Pays Basque","description":"Hasparren, commune du Pays Basque","potentialAction":[{"@type":"SearchAction","target":{"@type":"EntryPoint","urlTemplate":"https:\/\/hasparren.fr\/?s={search_term_string}"},"query-input":{"@type":"PropertyValueSpecification","valueRequired":true,"valueName":"search_term_string"}}],"inLanguage":"eu"}]}},"publishpress_future_action":{"enabled":false,"date":"2026-05-02 12:06:46","action":"change-status","newStatus":"draft","terms":[],"taxonomy":"translation_priority","extraData":[]},"publishpress_future_workflow_manual_trigger":{"enabledWorkflows":[]},"_links":{"self":[{"href":"https:\/\/hasparren.fr\/eu\/wp-json\/wp\/v2\/pages\/37713","targetHints":{"allow":["GET"]}}],"collection":[{"href":"https:\/\/hasparren.fr\/eu\/wp-json\/wp\/v2\/pages"}],"about":[{"href":"https:\/\/hasparren.fr\/eu\/wp-json\/wp\/v2\/types\/page"}],"author":[{"embeddable":true,"href":"https:\/\/hasparren.fr\/eu\/wp-json\/wp\/v2\/users\/14"}],"replies":[{"embeddable":true,"href":"https:\/\/hasparren.fr\/eu\/wp-json\/wp\/v2\/comments?post=37713"}],"version-history":[{"count":1,"href":"https:\/\/hasparren.fr\/eu\/wp-json\/wp\/v2\/pages\/37713\/revisions"}],"predecessor-version":[{"id":37716,"href":"https:\/\/hasparren.fr\/eu\/wp-json\/wp\/v2\/pages\/37713\/revisions\/37716"}],"wp:attachment":[{"href":"https:\/\/hasparren.fr\/eu\/wp-json\/wp\/v2\/media?parent=37713"}],"curies":[{"name":"wp","href":"https:\/\/api.w.org\/{rel}","templated":true}]}}