{"id":47200,"date":"2025-10-29T16:40:49","date_gmt":"2025-10-29T15:40:49","guid":{"rendered":"https:\/\/hasparren.fr\/?page_id=47200"},"modified":"2026-01-19T11:55:26","modified_gmt":"2026-01-19T10:55:26","slug":"nerabe-gunea","status":"publish","type":"page","link":"https:\/\/hasparren.fr\/eu\/famille-et-social\/enfance-jeunesse\/nerabe-gunea\/","title":{"rendered":"Nerabe Gunea"},"content":{"rendered":"\n<div style=\"text-align: justify;\">Le p\u00f4le jeunesse accueille les jeunes d\u00e8s la classe de 6e et jusqu\u2019\u00e0 17 ans r\u00e9volus. Afin de faciliter la transition entre les accueils enfance et jeunesse, une passerelle est propos\u00e9e aux \u00e9l\u00e8ves de CM2\u00a0durant les vacances de printemps.\u00a0<\/div>\n<div style=\"text-align: justify;\">Trois lieux d\u2019accueil compl\u00e9mentaires\u00a0ont \u00e9t\u00e9 d\u00e9finis pour r\u00e9pondre aux diff\u00e9rents temps de vie des jeunes :<\/div>\n<ul style=\"text-align: justify;\">\n<li>Les mercredis apr\u00e8s-midi (14h \u00e0 17h)\u00a0: les activit\u00e9s se d\u00e9roulent \u00e0 la salle sportive Mendeala, un espace adapt\u00e9 aux pratiques sportives, aux jeux collectifs et aux projets dynamiques.<\/li>\n<li>Pendant les vacances scolaires\u00a0: les jeunes sont accueillis \u00e0 l\u2019espace culturel Eihartzea, lieu central de la vie culturelle locale, propice aux projets artistiques, aux ateliers cr\u00e9atifs et aux partenariats avec les acteurs culturels du territoire.<\/li>\n<li>Des soir\u00e9es th\u00e9matiques\u00a0sont \u00e9galement organis\u00e9es au Gaztetxe, lieu embl\u00e9matique de la jeunesse haspandarde, offrant un cadre convivial, s\u00e9curis\u00e9 et porteur de sens pour les rencontres et les \u00e9changes entre adolescents.<\/li>\n<\/ul>\n<div style=\"text-align: justify;\">Les actions men\u00e9es s\u2019appuient sur une d\u00e9marche participative, o\u00f9 les jeunes sont invit\u00e9s \u00e0 proposer, construire et \u00e9valuer les projets qui les concernent. Le p\u00f4le adolescent se veut ainsi un lieu ressource, un espace d\u2019exp\u00e9rimentation, et un levier d\u2019\u00e9mancipation\u00a0pour les jeunes d\u2019Hasparren.<\/div>\n<div>\u00a0<\/div>\n<h2>R\u00e8glement int\u00e9rieur du p\u00f4le adolescents<\/h2>\n<div><strong><a href=\"https:\/\/hasparren.fr\/wp-content\/uploads\/2025\/10\/Reglement-Interieur-pole-ados.pdf\">R\u00e8glement Int\u00e9rieur p\u00f4le ados<\/a><\/strong><\/div>\n<div>\u00a0<\/div>\n<h2>Projet p\u00e9dagogique<\/h2>\n<div><strong><a href=\"https:\/\/hasparren.fr\/wp-content\/uploads\/2026\/01\/Projet-Pedagogique-Pole-Ados.pdf\" target=\"_blank\" rel=\"noopener\">Projet P\u00e9dagogique &#8211; P\u00f4le Ados<\/a><\/strong><\/div>\n<h2>Tarification\u00a0<\/h2>\n<p><strong><a href=\"https:\/\/hasparren.fr\/wp-content\/uploads\/2025\/10\/Tarifs-Pole-Ados.pdf\">Tarifs P\u00f4le Ados<\/a><\/strong><\/p>\n<h2>Contact<\/h2>\n<p><strong>Adresse :<\/strong> 1 Rue Dibildos, 64240 Hasparren, France<strong><br \/>T\u00e9l\u00e9phone :<\/strong> <a href=\"tel:+33618821044\" target=\"_blank\" rel=\"noopener\">06.18.82.10.44<\/a>\u00a0<br \/><strong>Mail :<\/strong> <a href=\"mailto:guichet-unique@ville-hasparren.fr\" target=\"_blank\" rel=\"noopener\">guichet-unique@ville-hasparren.fr<\/a><\/p>\n","protected":false},"excerpt":{"rendered":"<p>Le p\u00f4le jeunesse accueille les jeunes d\u00e8s la classe de 6e et jusqu\u2019\u00e0 17 ans r\u00e9volus. Afin de faciliter la transition entre les accueils enfance et jeunesse, une passerelle est [&hellip;]<\/p>\n","protected":false},"author":14,"featured_media":0,"parent":24568,"menu_order":0,"comment_status":"closed","ping_status":"closed","template":"","meta":{"_acf_changed":false,"cybocfi_hide_featured_image":"","footnotes":""},"class_list":["post-47200","page","type-page","status-publish","hentry","clearfix"],"acf":[],"yoast_head":"<!-- This site is optimized with the Yoast SEO plugin v27.4 - https:\/\/yoast.com\/product\/yoast-seo-wordpress\/ -->\n<title>Nerabe Gunea - Hasparren, commune du Pays Basque<\/title>\n<meta name=\"robots\" content=\"index, follow, max-snippet:-1, max-image-preview:large, max-video-preview:-1\" \/>\n<link rel=\"canonical\" href=\"https:\/\/hasparren.fr\/eu\/famille-et-social\/enfance-jeunesse\/nerabe-gunea\/\" \/>\n<meta property=\"og:locale\" content=\"eu_ES\" \/>\n<meta property=\"og:type\" content=\"article\" \/>\n<meta property=\"og:title\" content=\"Nerabe Gunea - Hasparren, commune du Pays Basque\" \/>\n<meta property=\"og:description\" content=\"Le p\u00f4le jeunesse accueille les jeunes d\u00e8s la classe de 6e et jusqu\u2019\u00e0 17 ans r\u00e9volus. Afin de faciliter la transition entre les accueils enfance et jeunesse, une passerelle est [&hellip;]\" \/>\n<meta property=\"og:url\" content=\"https:\/\/hasparren.fr\/eu\/famille-et-social\/enfance-jeunesse\/nerabe-gunea\/\" \/>\n<meta property=\"og:site_name\" content=\"Hasparren, commune du Pays Basque\" \/>\n<meta property=\"article:modified_time\" content=\"2026-01-19T10:55:26+00:00\" \/>\n<meta name=\"twitter:card\" content=\"summary_large_image\" \/>\n<meta name=\"twitter:label1\" content=\"Est. reading time\" \/>\n\t<meta name=\"twitter:data1\" content=\"2 minutua\" \/>\n<script type=\"application\/ld+json\" class=\"yoast-schema-graph\">{\"@context\":\"https:\\\/\\\/schema.org\",\"@graph\":[{\"@type\":\"WebPage\",\"@id\":\"https:\\\/\\\/hasparren.fr\\\/eu\\\/famille-et-social\\\/enfance-jeunesse\\\/nerabe-gunea\\\/\",\"url\":\"https:\\\/\\\/hasparren.fr\\\/eu\\\/famille-et-social\\\/enfance-jeunesse\\\/nerabe-gunea\\\/\",\"name\":\"Nerabe Gunea - Hasparren, commune du Pays Basque\",\"isPartOf\":{\"@id\":\"https:\\\/\\\/hasparren.fr\\\/#website\"},\"datePublished\":\"2025-10-29T15:40:49+00:00\",\"dateModified\":\"2026-01-19T10:55:26+00:00\",\"breadcrumb\":{\"@id\":\"https:\\\/\\\/hasparren.fr\\\/eu\\\/famille-et-social\\\/enfance-jeunesse\\\/nerabe-gunea\\\/#breadcrumb\"},\"inLanguage\":\"eu\",\"potentialAction\":[{\"@type\":\"ReadAction\",\"target\":[\"https:\\\/\\\/hasparren.fr\\\/eu\\\/famille-et-social\\\/enfance-jeunesse\\\/nerabe-gunea\\\/\"]}]},{\"@type\":\"BreadcrumbList\",\"@id\":\"https:\\\/\\\/hasparren.fr\\\/eu\\\/famille-et-social\\\/enfance-jeunesse\\\/nerabe-gunea\\\/#breadcrumb\",\"itemListElement\":[{\"@type\":\"ListItem\",\"position\":1,\"name\":\"Accueil\",\"item\":\"https:\\\/\\\/hasparren.fr\\\/eu\\\/\"},{\"@type\":\"ListItem\",\"position\":2,\"name\":\"Familia &#038; Gai Sozialak\",\"item\":\"https:\\\/\\\/hasparren.fr\\\/eu\\\/famille-et-social\\\/\"},{\"@type\":\"ListItem\",\"position\":3,\"name\":\"Haurrak &#038; Gazteak\",\"item\":\"https:\\\/\\\/hasparren.fr\\\/eu\\\/famille-et-social\\\/enfance-jeunesse\\\/\"},{\"@type\":\"ListItem\",\"position\":4,\"name\":\"Nerabe Gunea\"}]},{\"@type\":\"WebSite\",\"@id\":\"https:\\\/\\\/hasparren.fr\\\/#website\",\"url\":\"https:\\\/\\\/hasparren.fr\\\/\",\"name\":\"Hasparren, commune du Pays Basque\",\"description\":\"Hasparren, commune du Pays Basque\",\"potentialAction\":[{\"@type\":\"SearchAction\",\"target\":{\"@type\":\"EntryPoint\",\"urlTemplate\":\"https:\\\/\\\/hasparren.fr\\\/?s={search_term_string}\"},\"query-input\":{\"@type\":\"PropertyValueSpecification\",\"valueRequired\":true,\"valueName\":\"search_term_string\"}}],\"inLanguage\":\"eu\"}]}<\/script>\n<!-- \/ Yoast SEO plugin. -->","yoast_head_json":{"title":"Nerabe Gunea - Hasparren, commune du Pays Basque","robots":{"index":"index","follow":"follow","max-snippet":"max-snippet:-1","max-image-preview":"max-image-preview:large","max-video-preview":"max-video-preview:-1"},"canonical":"https:\/\/hasparren.fr\/eu\/famille-et-social\/enfance-jeunesse\/nerabe-gunea\/","og_locale":"eu_ES","og_type":"article","og_title":"Nerabe Gunea - Hasparren, commune du Pays Basque","og_description":"Le p\u00f4le jeunesse accueille les jeunes d\u00e8s la classe de 6e et jusqu\u2019\u00e0 17 ans r\u00e9volus. Afin de faciliter la transition entre les accueils enfance et jeunesse, une passerelle est [&hellip;]","og_url":"https:\/\/hasparren.fr\/eu\/famille-et-social\/enfance-jeunesse\/nerabe-gunea\/","og_site_name":"Hasparren, commune du Pays Basque","article_modified_time":"2026-01-19T10:55:26+00:00","twitter_card":"summary_large_image","twitter_misc":{"Est. reading time":"2 minutua"},"schema":{"@context":"https:\/\/schema.org","@graph":[{"@type":"WebPage","@id":"https:\/\/hasparren.fr\/eu\/famille-et-social\/enfance-jeunesse\/nerabe-gunea\/","url":"https:\/\/hasparren.fr\/eu\/famille-et-social\/enfance-jeunesse\/nerabe-gunea\/","name":"Nerabe Gunea - Hasparren, commune du Pays Basque","isPartOf":{"@id":"https:\/\/hasparren.fr\/#website"},"datePublished":"2025-10-29T15:40:49+00:00","dateModified":"2026-01-19T10:55:26+00:00","breadcrumb":{"@id":"https:\/\/hasparren.fr\/eu\/famille-et-social\/enfance-jeunesse\/nerabe-gunea\/#breadcrumb"},"inLanguage":"eu","potentialAction":[{"@type":"ReadAction","target":["https:\/\/hasparren.fr\/eu\/famille-et-social\/enfance-jeunesse\/nerabe-gunea\/"]}]},{"@type":"BreadcrumbList","@id":"https:\/\/hasparren.fr\/eu\/famille-et-social\/enfance-jeunesse\/nerabe-gunea\/#breadcrumb","itemListElement":[{"@type":"ListItem","position":1,"name":"Accueil","item":"https:\/\/hasparren.fr\/eu\/"},{"@type":"ListItem","position":2,"name":"Familia &#038; Gai Sozialak","item":"https:\/\/hasparren.fr\/eu\/famille-et-social\/"},{"@type":"ListItem","position":3,"name":"Haurrak &#038; Gazteak","item":"https:\/\/hasparren.fr\/eu\/famille-et-social\/enfance-jeunesse\/"},{"@type":"ListItem","position":4,"name":"Nerabe Gunea"}]},{"@type":"WebSite","@id":"https:\/\/hasparren.fr\/#website","url":"https:\/\/hasparren.fr\/","name":"Hasparren, commune du Pays Basque","description":"Hasparren, commune du Pays Basque","potentialAction":[{"@type":"SearchAction","target":{"@type":"EntryPoint","urlTemplate":"https:\/\/hasparren.fr\/?s={search_term_string}"},"query-input":{"@type":"PropertyValueSpecification","valueRequired":true,"valueName":"search_term_string"}}],"inLanguage":"eu"}]}},"publishpress_future_action":{"enabled":false,"date":"2026-04-27 23:42:15","action":"change-status","newStatus":"draft","terms":[],"taxonomy":"translation_priority","extraData":[]},"publishpress_future_workflow_manual_trigger":{"enabledWorkflows":[]},"_links":{"self":[{"href":"https:\/\/hasparren.fr\/eu\/wp-json\/wp\/v2\/pages\/47200","targetHints":{"allow":["GET"]}}],"collection":[{"href":"https:\/\/hasparren.fr\/eu\/wp-json\/wp\/v2\/pages"}],"about":[{"href":"https:\/\/hasparren.fr\/eu\/wp-json\/wp\/v2\/types\/page"}],"author":[{"embeddable":true,"href":"https:\/\/hasparren.fr\/eu\/wp-json\/wp\/v2\/users\/14"}],"replies":[{"embeddable":true,"href":"https:\/\/hasparren.fr\/eu\/wp-json\/wp\/v2\/comments?post=47200"}],"version-history":[{"count":2,"href":"https:\/\/hasparren.fr\/eu\/wp-json\/wp\/v2\/pages\/47200\/revisions"}],"predecessor-version":[{"id":48320,"href":"https:\/\/hasparren.fr\/eu\/wp-json\/wp\/v2\/pages\/47200\/revisions\/48320"}],"up":[{"embeddable":true,"href":"https:\/\/hasparren.fr\/eu\/wp-json\/wp\/v2\/pages\/24568"}],"wp:attachment":[{"href":"https:\/\/hasparren.fr\/eu\/wp-json\/wp\/v2\/media?parent=47200"}],"curies":[{"name":"wp","href":"https:\/\/api.w.org\/{rel}","templated":true}]}}