{"id":48642,"date":"2025-07-01T09:51:14","date_gmt":"2025-07-01T07:51:14","guid":{"rendered":"https:\/\/hasparren.fr\/patrimoine-tourisme\/ondarea\/la-chapelle-du-sacre-coeur\/"},"modified":"2026-03-18T11:04:18","modified_gmt":"2026-03-18T10:04:18","slug":"la-chapelle-du-sacre-coeur","status":"publish","type":"page","link":"https:\/\/hasparren.fr\/eu\/patrimoine-tourisme\/ondarea\/la-chapelle-du-sacre-coeur\/","title":{"rendered":"Bihotz Sakratuaren kapera"},"content":{"rendered":"\r\n<div style=\"padding: 56.25% 0 0 0; position: relative;\"><iframe style=\"position: absolute; top: 0; left: 0; width: 100%; height: 100%;\" title=\"Chapelle sacr\u00e9-coeur - [TEASER] 4K\" src=\"https:\/\/player.vimeo.com\/video\/1099637105?badge=0&amp;autopause=0&amp;player_id=0&amp;app_id=58479\" frameborder=\"0\" allowfullscreen=\"allowfullscreen\">\r\n  <\/iframe><\/div>\r\n<p style=\"text-align: center;\"><span style=\"font-size: 24px;\"><strong><a href=\"https:\/\/chapelledusacrecoeurvisitevirtuelle.hasparren.fr\/\" target=\"_blank\" rel=\"noopener\">Bisita birtuala (lotura)<\/a><\/strong><\/span><\/p>\r\n<div style=\"text-align: center;\">\r\n<p><span lang=\"eu-ES\">Egilea:<\/span><i data-olk-copy-source=\"MessageBody\"><\/i><i data-olk-copy-source=\"MessageBody\"><\/i><\/p>\r\n<i data-olk-copy-source=\"MessageBody\"><a href=\"https:\/\/ymersio.com\/\" target=\"_blank\" rel=\"https:\/\/ymersio.com\/ noopener\"><img loading=\"lazy\" decoding=\"async\" class=\"aligncenter wp-image-45831\" src=\"https:\/\/hasparren.fr\/wp-content\/uploads\/2025\/06\/ymersio_logo-croped-200x50.png\" alt=\"\" width=\"112\" height=\"28\" \/><\/a> Hasparren<\/i><\/div>\r\n<div id=\"pe-accordion-69e8a3ebc998d2.80504091\" class=\"pe-accordion-container\"  aria-multiselectable=\"true\">\r\n<div class=\"pe-accordion\"><div id=\"pe-heading-69e8a3ebc9b42109788434\" class=\"pe-accordion-heading \" ><a href=\"#pe-accordion-69e8a3ebc9b4d955958350\" role=\"button\" aria-expanded=\"false\" aria-controls=\"pe-accordion-69e8a3ebc9b4d955958350\"><h3>AURKEZPENA<\/h3><\/a><\/div><div id=\"pe-accordion-69e8a3ebc9b4d955958350\" class=\"pe-accordion-content \"  aria-labelledby=\"pe-heading-69e8a3ebc9b42109788434\">\r\n<div style=\"padding: 56.25% 0 0 0; position: relative;\"><iframe style=\"position: absolute; top: 0; left: 0; width: 100%; height: 100%;\" title=\"Pr\u00e9sentation chapelle du Sacr\u00e9 C\u0153ur\" src=\"https:\/\/player.vimeo.com\/video\/893752698?title=0&amp;byline=0&amp;portrait=0&amp;badge=0&amp;autopause=0&amp;player_id=0&amp;app_id=58479\" frameborder=\"0\" allowfullscreen=\"allowfullscreen\">\r\n  <\/iframe><\/div>\r\n<p><strong>Lehen kaperaren eraikitzea:<\/strong> 1841<br \/>\r\n<strong>Berreraikitzea:<\/strong> 1928 \/ 1931<br \/>\r\n<strong>Berinateak:<\/strong> 1935<br \/>\r\n<strong>Murru-margoak:<\/strong> 1935 \/ 1940<br \/>\r\n<strong>Kontsakrazioa:<\/strong> 1936\/12\/08<br \/>\r\n<strong>Monumentu historikoetan sailkatua:<\/strong> 2011<\/p>\r\n<h4>Hazparneko Bihotz Sakratuaren kapera, edo Misionesten kapera<\/h4>\r\n<p style=\"text-align: justify;\">Hazparneko Bihotz Sakratuaren kapera, edo Misionesten kapera, 1841ean eraiki zen, Garat apezak sortu Misionesten etxean. Ttipia izanik, ez zitezkeen elizatiar guziak sar, beraz, 1925ean, berreraikitze proiektu bati pentsatu zuten.<\/p>\r\n<p style=\"text-align: justify;\">Pierre Lopez de la Vega kalonjea izan zen, Misionesten etxeko seigarren nagusia, Bihotz Sakratuaren kapera berriaren bultzatzailea. Kaperaren kalostran, bere hilobian idatzia da obrak nola finantzatu ziren.<\/p>\r\n<p style=\"text-align: justify;\">Hiriart, Lafaye, Tribout eta Beau arkitektoek eraikuntza 1928an hasi zuten.1931n bururatu zen, Landerretche kalonjearen benedizionearekin.<\/p>\r\n<p style=\"text-align: justify;\">Neo-errenazimentuko estiloko eraikin berri horrek apaindura bereziki aberatsa du.<\/p>\r\n<p style=\"text-align: justify;\">1935ean, Maum\u00e9jean anaien lantegian berinateak eta mosaikoak egin ziren. Art D\u00e9co estiloko apaindura hori arkitekturaren itxura hotzarekin kontrastean da.<\/p>\r\n<p style=\"text-align: justify;\">1936ko abenduaren 8an, Baionako Houbaut jaun apezpikuak kapera kontsakratu zuen.<\/p>\r\n<p style=\"text-align: justify;\">Bihotz Sakratuaren ordena desagertu zen 1975ean, baina Hazparneko kapera atxiki zen. Monumentu historikoetan sailkatu zen 2011n, egun Herriarena da, eta gaitzeko obrak egin dira kaperaren berritzeko, 2019tik 2023ra.<\/p>\r\n<p style=\"text-align: justify;\">Berriz ideki denetik, bisita gidatu franko egin da, escape game bat sortu, kontzertuak izan dira, aste kultural bat (Kaperaldia) eta bisita birtual bat ere sortu da; beraz, zinezko eginkizun kulturala du, bai tokikoentzat, bai pasaiako bisitarientzat.<\/p>\r\n<p><img loading=\"lazy\" decoding=\"async\" class=\"aligncenter wp-image-17605 size-large\" src=\"http:\/\/hasparren.fr\/wp-content\/uploads\/2021\/01\/chapelle-Sacre-Coeur-4-900x600.jpg\" alt=\"\" width=\"900\" height=\"600\" \/><\/p>\r\n<h4>Bihotz Sakratuaren kaperako murru-margoak<\/h4>\r\n<p class=\"pe-info\"><i class=\"fa fa-info-circle fa-1x\" aria-hidden=\"true\"><\/i><strong>Noiz:<\/strong> 1932\/1933<\/p>\r\n<p class=\"pe-info\"><strong>Nork:<\/strong> A. Sauvage margolariak<\/p>\r\n<p style=\"text-align: justify;\">Eraiki eta laster, 1932 eta 1933 artean, Courbevoie hiriko apaintzaile batek, A. Sauvagek, L\u00e9on Bonnaten ikasleak, fresko serie bat egin zuen kaperako murruen zati handi bat estaliz.<\/p>\r\n<p style=\"text-align: justify;\">Berrogeita hamar bat saindu margotu zituen nabeko murruetan, elizatiarrak korura eramateko, Kristoren irudiraino. Apostoluak, apezpikuak, martirioak, apezak eta Elizako doktoreak prozesioan ageri dira.<\/p>\r\n<p style=\"text-align: justify;\">Pertsonaia bakoitzak \u2014bi metro gora arte izan daitezke\u2014 sinbolizatzen duen ezaugarria badu. Apezpikuek, adibidez, mitra badute eta martirioek palma hostoa. Iturri batzuen arabera, pertsonaia batek orduko apezpikuaren aurpegia du, Gieure jaun apezpikuarena, eta beste batek herriko auzapezarena, Jean Lissar jaunarena.<\/p>\r\n<p style=\"text-align: justify;\">Jende lerro horren estiloa Italiako manierismoaren, Art D\u00e9co eta bizantziar estiloaren artean da.<\/p>\r\n<p style=\"text-align: justify;\">Margolan hori Andr\u00e9 Tr\u00e9buchetek 1946an Uztaritzeko elizan egin zuenaren idurikoa da, hark ere saindu prozesio bat irudikatu baitzuen.<\/p>\r\n<p><img loading=\"lazy\" decoding=\"async\" class=\"alignnone wp-image-45905 \" src=\"https:\/\/hasparren.fr\/wp-content\/uploads\/2025\/07\/IMG_8113-450x300.jpg\" alt=\"\" width=\"839\" height=\"559\" srcset=\"https:\/\/hasparren.fr\/wp-content\/uploads\/2025\/07\/IMG_8113-450x300.jpg 450w, https:\/\/hasparren.fr\/wp-content\/uploads\/2025\/07\/IMG_8113-768x512.jpg 768w, https:\/\/hasparren.fr\/wp-content\/uploads\/2025\/07\/IMG_8113.jpg 800w\" sizes=\"auto, (max-width: 839px) 100vw, 839px\" \/><\/p>\r\n<\/div><\/div>\r\n\r\n\r\n<div id=\"pe-accordion-69e8a3ebc9bf51.27650273\" class=\"pe-accordion-container\"  aria-multiselectable=\"true\"><\/div>\r\n<div class=\"pe-accordion\"><div id=\"pe-heading-69e8a3ebc9c45857042563\" class=\"pe-accordion-heading \" ><a href=\"#pe-accordion-69e8a3ebc9c4b885692801\" role=\"button\" aria-expanded=\"false\" aria-controls=\"pe-accordion-69e8a3ebc9c4b885692801\"><h3>OBRAK<\/h3><\/a><\/div><div id=\"pe-accordion-69e8a3ebc9c4b885692801\" class=\"pe-accordion-content \"  aria-labelledby=\"pe-heading-69e8a3ebc9c45857042563\">\r\n<div style=\"padding: 56.25% 0 0 0; position: relative;\"><iframe style=\"position: absolute; top: 0; left: 0; width: 100%; height: 100%;\" title=\"Film de la restauration V15-proxy\" src=\"https:\/\/player.vimeo.com\/video\/1094338053?title=0&amp;byline=0&amp;portrait=0&amp;badge=0&amp;autopause=0&amp;player_id=0&amp;app_id=58479\" frameborder=\"0\" allowfullscreen=\"allowfullscreen\">\r\n  <\/iframe><\/div>\r\n<\/div><\/div>\r\n<div class=\"pe-accordion\"><div id=\"pe-heading-69e8a3ebc9cac101286878\" class=\"pe-accordion-heading \" ><a href=\"#pe-accordion-69e8a3ebc9cb1810956938\" role=\"button\" aria-expanded=\"false\" aria-controls=\"pe-accordion-69e8a3ebc9cb1810956938\"><h3>PELERIN SARIA<\/h3><\/a><\/div><div id=\"pe-accordion-69e8a3ebc9cb1810956938\" class=\"pe-accordion-content \"  aria-labelledby=\"pe-heading-69e8a3ebc9cac101286878\">\r\n<div style=\"padding: 56.25% 0 0 0; position: relative;\"><iframe style=\"position: absolute; top: 0; left: 0; width: 100%; height: 100%;\" title=\"Mosa\u00efque de la chapelle du Sacr\u00e9-C\u0153ur \u00e0 Hasparren (Pyr\u00e9n\u00e9es \u2013 prix du P\u00e8lerin)\" src=\"https:\/\/player.vimeo.com\/video\/1097450731?title=0&amp;byline=0&amp;portrait=0&amp;badge=0&amp;autopause=0&amp;player_id=0&amp;app_id=58479\" frameborder=\"0\" allowfullscreen=\"allowfullscreen\">\r\n  <\/iframe><\/div>\r\n<p>\u00a02021ean, kaperak P\u00e8lerin Patrimoine saria irabazi zuen mosaikoari esker. Sariaren edizio horretako epaimahai-burua Parisko Notre-Dame katedraleko arkitekto nagusia izan zen. Film hau Parisen iragan sari banaketarako egin zen.<\/p>\r\n<p><span data-contrast=\"auto\"><\/div><\/div>\r\n<\/span><span data-contrast=\"auto\"><div class=\"pe-accordion\"><div id=\"pe-heading-69e8a3ebc9d04645383413\" class=\"pe-accordion-heading \" ><a href=\"#pe-accordion-69e8a3ebc9d09557796993\" role=\"button\" aria-expanded=\"false\" aria-controls=\"pe-accordion-69e8a3ebc9d09557796993\"><h3>Le Jour du Seigneur<\/h3><\/a><\/div><div id=\"pe-accordion-69e8a3ebc9d09557796993\" class=\"pe-accordion-content \"  aria-labelledby=\"pe-heading-69e8a3ebc9d04645383413\"><\/span><span data-ccp-props=\"{&quot;134233117&quot;:false,&quot;134233118&quot;:false,&quot;335551550&quot;:0,&quot;335551620&quot;:0,&quot;335559738&quot;:240,&quot;335559739&quot;:240}\">\u00a0<\/span><\/p>\r\n<p><span data-ccp-props=\"{&quot;134233117&quot;:false,&quot;134233118&quot;:false,&quot;335551550&quot;:0,&quot;335551620&quot;:0,&quot;335559738&quot;:240,&quot;335559739&quot;:240}\"><strong>2023ko Ondarearen Egunaren<\/strong> karietara, Bihotz Sakratuaren kaperak Le Jour su Seigneur emankizuneko taldea errezibitu zuen buruilaren 17an, meza zuzenean emateko France 2 katean. <\/span><\/p>\r\n<p><iframe loading=\"lazy\" title=\"YouTube video player\" src=\"https:\/\/www.youtube.com\/embed\/chgVau2uXGM?si=DU6o31hbDxlmopXu\" width=\"560\" height=\"315\" frameborder=\"0\" allowfullscreen=\"allowfullscreen\"><\/iframe><\/p>\r\n<p><span data-contrast=\"auto\"><\/div><\/div><\/span><\/p>\r\n<p><span data-contrast=\"auto\"><div class=\"pe-accordion\"><div id=\"pe-heading-69e8a3ebc9d5c397079549\" class=\"pe-accordion-heading \" ><a href=\"#pe-accordion-69e8a3ebc9d61790542440\" role=\"button\" aria-expanded=\"false\" aria-controls=\"pe-accordion-69e8a3ebc9d61790542440\"><h3>Bisita gidatuak<\/h3><\/a><\/div><div id=\"pe-accordion-69e8a3ebc9d61790542440\" class=\"pe-accordion-content \"  aria-labelledby=\"pe-heading-69e8a3ebc9d5c397079549\"><\/span><span data-ccp-props=\"{&quot;134233117&quot;:false,&quot;134233118&quot;:false,&quot;335551550&quot;:0,&quot;335551620&quot;:0,&quot;335559738&quot;:240,&quot;335559739&quot;:240}\">\u00a0<\/span><\/p>\r\n<p><span data-olk-copy-source=\"MessageBody\">Turismo Bulegoa: <a href=\"tel:+33559296202\" target=\"_blank\" rel=\"noopener\">05 59 29 62 02<\/a><\/span><\/p>\r\n<p><span data-contrast=\"auto\"><\/div><\/div><\/span><\/p>\r\n<\/div>\r\n","protected":false},"excerpt":{"rendered":"<p>Bisita birtuala (lotura) Egilea: Hasparren<\/p>\n","protected":false},"author":14,"featured_media":0,"parent":24611,"menu_order":0,"comment_status":"closed","ping_status":"closed","template":"","meta":{"_acf_changed":false,"cybocfi_hide_featured_image":"","footnotes":""},"class_list":["post-48642","page","type-page","status-publish","hentry","clearfix"],"acf":[],"yoast_head":"<!-- This site is optimized with the Yoast SEO plugin v27.4 - https:\/\/yoast.com\/product\/yoast-seo-wordpress\/ -->\n<title>Bihotz Sakratuaren kapera - Hasparren, commune du Pays Basque<\/title>\n<meta name=\"robots\" content=\"index, follow, max-snippet:-1, max-image-preview:large, max-video-preview:-1\" \/>\n<link rel=\"canonical\" href=\"https:\/\/hasparren.fr\/eu\/patrimoine-tourisme\/ondarea\/la-chapelle-du-sacre-coeur\/\" \/>\n<meta property=\"og:locale\" content=\"eu_ES\" \/>\n<meta property=\"og:type\" content=\"article\" \/>\n<meta property=\"og:title\" content=\"Bihotz Sakratuaren kapera - Hasparren, commune du Pays Basque\" \/>\n<meta property=\"og:description\" content=\"Bisita birtuala (lotura) Egilea: Hasparren\" \/>\n<meta property=\"og:url\" content=\"https:\/\/hasparren.fr\/eu\/patrimoine-tourisme\/ondarea\/la-chapelle-du-sacre-coeur\/\" \/>\n<meta property=\"og:site_name\" content=\"Hasparren, commune du Pays Basque\" \/>\n<meta property=\"article:modified_time\" content=\"2026-03-18T10:04:18+00:00\" \/>\n<meta property=\"og:image\" content=\"https:\/\/hasparren.fr\/wp-content\/uploads\/2025\/06\/ymersio_logo-croped.png\" \/>\n\t<meta property=\"og:image:width\" content=\"400\" \/>\n\t<meta property=\"og:image:height\" content=\"82\" \/>\n\t<meta property=\"og:image:type\" content=\"image\/png\" \/>\n<meta name=\"twitter:card\" content=\"summary_large_image\" \/>\n<meta name=\"twitter:label1\" content=\"Est. reading time\" \/>\n\t<meta name=\"twitter:data1\" content=\"3 minutua\" \/>\n<script type=\"application\/ld+json\" class=\"yoast-schema-graph\">{\"@context\":\"https:\\\/\\\/schema.org\",\"@graph\":[{\"@type\":\"WebPage\",\"@id\":\"https:\\\/\\\/hasparren.fr\\\/eu\\\/patrimoine-tourisme\\\/ondarea\\\/la-chapelle-du-sacre-coeur\\\/\",\"url\":\"https:\\\/\\\/hasparren.fr\\\/eu\\\/patrimoine-tourisme\\\/ondarea\\\/la-chapelle-du-sacre-coeur\\\/\",\"name\":\"Bihotz Sakratuaren kapera - Hasparren, commune du Pays Basque\",\"isPartOf\":{\"@id\":\"https:\\\/\\\/hasparren.fr\\\/#website\"},\"primaryImageOfPage\":{\"@id\":\"https:\\\/\\\/hasparren.fr\\\/eu\\\/patrimoine-tourisme\\\/ondarea\\\/la-chapelle-du-sacre-coeur\\\/#primaryimage\"},\"image\":{\"@id\":\"https:\\\/\\\/hasparren.fr\\\/eu\\\/patrimoine-tourisme\\\/ondarea\\\/la-chapelle-du-sacre-coeur\\\/#primaryimage\"},\"thumbnailUrl\":\"https:\\\/\\\/hasparren.fr\\\/wp-content\\\/uploads\\\/2025\\\/06\\\/ymersio_logo-croped-200x50.png\",\"datePublished\":\"2025-07-01T07:51:14+00:00\",\"dateModified\":\"2026-03-18T10:04:18+00:00\",\"breadcrumb\":{\"@id\":\"https:\\\/\\\/hasparren.fr\\\/eu\\\/patrimoine-tourisme\\\/ondarea\\\/la-chapelle-du-sacre-coeur\\\/#breadcrumb\"},\"inLanguage\":\"eu\",\"potentialAction\":[{\"@type\":\"ReadAction\",\"target\":[\"https:\\\/\\\/hasparren.fr\\\/eu\\\/patrimoine-tourisme\\\/ondarea\\\/la-chapelle-du-sacre-coeur\\\/\"]}]},{\"@type\":\"ImageObject\",\"inLanguage\":\"eu\",\"@id\":\"https:\\\/\\\/hasparren.fr\\\/eu\\\/patrimoine-tourisme\\\/ondarea\\\/la-chapelle-du-sacre-coeur\\\/#primaryimage\",\"url\":\"https:\\\/\\\/hasparren.fr\\\/wp-content\\\/uploads\\\/2025\\\/06\\\/ymersio_logo-croped-200x50.png\",\"contentUrl\":\"https:\\\/\\\/hasparren.fr\\\/wp-content\\\/uploads\\\/2025\\\/06\\\/ymersio_logo-croped-200x50.png\"},{\"@type\":\"BreadcrumbList\",\"@id\":\"https:\\\/\\\/hasparren.fr\\\/eu\\\/patrimoine-tourisme\\\/ondarea\\\/la-chapelle-du-sacre-coeur\\\/#breadcrumb\",\"itemListElement\":[{\"@type\":\"ListItem\",\"position\":1,\"name\":\"Accueil\",\"item\":\"https:\\\/\\\/hasparren.fr\\\/eu\\\/\"},{\"@type\":\"ListItem\",\"position\":2,\"name\":\"Ondarea &#038; turismoa\",\"item\":\"https:\\\/\\\/hasparren.fr\\\/eu\\\/patrimoine-tourisme\\\/\"},{\"@type\":\"ListItem\",\"position\":3,\"name\":\"Ondarea\",\"item\":\"https:\\\/\\\/hasparren.fr\\\/eu\\\/patrimoine-tourisme\\\/ondarea\\\/\"},{\"@type\":\"ListItem\",\"position\":4,\"name\":\"Bihotz Sakratuaren kapera\"}]},{\"@type\":\"WebSite\",\"@id\":\"https:\\\/\\\/hasparren.fr\\\/#website\",\"url\":\"https:\\\/\\\/hasparren.fr\\\/\",\"name\":\"Hasparren, commune du Pays Basque\",\"description\":\"Hasparren, commune du Pays Basque\",\"potentialAction\":[{\"@type\":\"SearchAction\",\"target\":{\"@type\":\"EntryPoint\",\"urlTemplate\":\"https:\\\/\\\/hasparren.fr\\\/?s={search_term_string}\"},\"query-input\":{\"@type\":\"PropertyValueSpecification\",\"valueRequired\":true,\"valueName\":\"search_term_string\"}}],\"inLanguage\":\"eu\"}]}<\/script>\n<!-- \/ Yoast SEO plugin. -->","yoast_head_json":{"title":"Bihotz Sakratuaren kapera - Hasparren, commune du Pays Basque","robots":{"index":"index","follow":"follow","max-snippet":"max-snippet:-1","max-image-preview":"max-image-preview:large","max-video-preview":"max-video-preview:-1"},"canonical":"https:\/\/hasparren.fr\/eu\/patrimoine-tourisme\/ondarea\/la-chapelle-du-sacre-coeur\/","og_locale":"eu_ES","og_type":"article","og_title":"Bihotz Sakratuaren kapera - Hasparren, commune du Pays Basque","og_description":"Bisita birtuala (lotura) Egilea: Hasparren","og_url":"https:\/\/hasparren.fr\/eu\/patrimoine-tourisme\/ondarea\/la-chapelle-du-sacre-coeur\/","og_site_name":"Hasparren, commune du Pays Basque","article_modified_time":"2026-03-18T10:04:18+00:00","og_image":[{"width":400,"height":82,"url":"https:\/\/hasparren.fr\/wp-content\/uploads\/2025\/06\/ymersio_logo-croped.png","type":"image\/png"}],"twitter_card":"summary_large_image","twitter_misc":{"Est. reading time":"3 minutua"},"schema":{"@context":"https:\/\/schema.org","@graph":[{"@type":"WebPage","@id":"https:\/\/hasparren.fr\/eu\/patrimoine-tourisme\/ondarea\/la-chapelle-du-sacre-coeur\/","url":"https:\/\/hasparren.fr\/eu\/patrimoine-tourisme\/ondarea\/la-chapelle-du-sacre-coeur\/","name":"Bihotz Sakratuaren kapera - Hasparren, commune du Pays Basque","isPartOf":{"@id":"https:\/\/hasparren.fr\/#website"},"primaryImageOfPage":{"@id":"https:\/\/hasparren.fr\/eu\/patrimoine-tourisme\/ondarea\/la-chapelle-du-sacre-coeur\/#primaryimage"},"image":{"@id":"https:\/\/hasparren.fr\/eu\/patrimoine-tourisme\/ondarea\/la-chapelle-du-sacre-coeur\/#primaryimage"},"thumbnailUrl":"https:\/\/hasparren.fr\/wp-content\/uploads\/2025\/06\/ymersio_logo-croped-200x50.png","datePublished":"2025-07-01T07:51:14+00:00","dateModified":"2026-03-18T10:04:18+00:00","breadcrumb":{"@id":"https:\/\/hasparren.fr\/eu\/patrimoine-tourisme\/ondarea\/la-chapelle-du-sacre-coeur\/#breadcrumb"},"inLanguage":"eu","potentialAction":[{"@type":"ReadAction","target":["https:\/\/hasparren.fr\/eu\/patrimoine-tourisme\/ondarea\/la-chapelle-du-sacre-coeur\/"]}]},{"@type":"ImageObject","inLanguage":"eu","@id":"https:\/\/hasparren.fr\/eu\/patrimoine-tourisme\/ondarea\/la-chapelle-du-sacre-coeur\/#primaryimage","url":"https:\/\/hasparren.fr\/wp-content\/uploads\/2025\/06\/ymersio_logo-croped-200x50.png","contentUrl":"https:\/\/hasparren.fr\/wp-content\/uploads\/2025\/06\/ymersio_logo-croped-200x50.png"},{"@type":"BreadcrumbList","@id":"https:\/\/hasparren.fr\/eu\/patrimoine-tourisme\/ondarea\/la-chapelle-du-sacre-coeur\/#breadcrumb","itemListElement":[{"@type":"ListItem","position":1,"name":"Accueil","item":"https:\/\/hasparren.fr\/eu\/"},{"@type":"ListItem","position":2,"name":"Ondarea &#038; turismoa","item":"https:\/\/hasparren.fr\/eu\/patrimoine-tourisme\/"},{"@type":"ListItem","position":3,"name":"Ondarea","item":"https:\/\/hasparren.fr\/eu\/patrimoine-tourisme\/ondarea\/"},{"@type":"ListItem","position":4,"name":"Bihotz Sakratuaren kapera"}]},{"@type":"WebSite","@id":"https:\/\/hasparren.fr\/#website","url":"https:\/\/hasparren.fr\/","name":"Hasparren, commune du Pays Basque","description":"Hasparren, commune du Pays Basque","potentialAction":[{"@type":"SearchAction","target":{"@type":"EntryPoint","urlTemplate":"https:\/\/hasparren.fr\/?s={search_term_string}"},"query-input":{"@type":"PropertyValueSpecification","valueRequired":true,"valueName":"search_term_string"}}],"inLanguage":"eu"}]}},"publishpress_future_action":{"enabled":false,"date":"2026-04-29 12:33:15","action":"change-status","newStatus":"draft","terms":[],"taxonomy":"translation_priority","extraData":[]},"publishpress_future_workflow_manual_trigger":{"enabledWorkflows":[]},"_links":{"self":[{"href":"https:\/\/hasparren.fr\/eu\/wp-json\/wp\/v2\/pages\/48642","targetHints":{"allow":["GET"]}}],"collection":[{"href":"https:\/\/hasparren.fr\/eu\/wp-json\/wp\/v2\/pages"}],"about":[{"href":"https:\/\/hasparren.fr\/eu\/wp-json\/wp\/v2\/types\/page"}],"author":[{"embeddable":true,"href":"https:\/\/hasparren.fr\/eu\/wp-json\/wp\/v2\/users\/14"}],"replies":[{"embeddable":true,"href":"https:\/\/hasparren.fr\/eu\/wp-json\/wp\/v2\/comments?post=48642"}],"version-history":[{"count":8,"href":"https:\/\/hasparren.fr\/eu\/wp-json\/wp\/v2\/pages\/48642\/revisions"}],"predecessor-version":[{"id":49046,"href":"https:\/\/hasparren.fr\/eu\/wp-json\/wp\/v2\/pages\/48642\/revisions\/49046"}],"up":[{"embeddable":true,"href":"https:\/\/hasparren.fr\/eu\/wp-json\/wp\/v2\/pages\/24611"}],"wp:attachment":[{"href":"https:\/\/hasparren.fr\/eu\/wp-json\/wp\/v2\/media?parent=48642"}],"curies":[{"name":"wp","href":"https:\/\/api.w.org\/{rel}","templated":true}]}}