{"id":49188,"date":"2025-10-27T12:18:24","date_gmt":"2025-10-27T11:18:24","guid":{"rendered":"https:\/\/hasparren.fr\/famille-et-social\/enfance-jeunesse\/projet-educatif-espace-famille\/"},"modified":"2026-03-26T16:57:13","modified_gmt":"2026-03-26T15:57:13","slug":"projet-educatif-espace-famille","status":"publish","type":"page","link":"https:\/\/hasparren.fr\/eu\/famille-et-social\/enfance-jeunesse\/projet-educatif-espace-famille\/","title":{"rendered":"Projet \u00e9ducatif &#038; espace famille"},"content":{"rendered":"\r\n<h2>Projet \u00e9ducatif du territoire<\/h2>\r\n<p><strong><a href=\"https:\/\/hasparren.fr\/wp-content\/uploads\/2025\/10\/PEDT-2024-2027.pdf\">Projet Educatif Du Territoire 2024 &#8211; 2027<\/a><\/strong><\/p>\r\n<h2>L&#8217;espace famille<\/h2>\r\n<p><a href=\"https:\/\/hasparren.fr\/wp-content\/uploads\/2025\/10\/portail-famille-tutoriel-modifie-v2.pdf\">Portail Famille &#8211; mode d&#8217;emploi<\/a><\/p>\r\n<p><a href=\"https:\/\/espacefamille.aiga.fr\/index.html?dossier=12132#connexion&amp;121718\" target=\"_blank\" rel=\"noopener\">Acc\u00e9der \u00e0 l&#8217;Espace Famille<\/a><\/p>\r\n<p>&nbsp;<\/p>\r\n<h2>Zure familia-ataria aldatzen da<\/h2>\r\n<p>&nbsp;<\/p>\r\n\r\n<p><strong>INo\u00e9 familia ataria<\/strong> kantina, eskolaldi inguru eta aisialdi zentrorako desmartxak egiteko da; orain funtzionalitate berriak baditu familien desmartxak errazteko.<\/p>\r\n<p>&nbsp;<\/p>\r\n<h3>Aplikazio berria, zuzenean informatua izateko<\/h3>\r\n<p>Orain zure \u201cFamilia ataria\u201d smartphonerako aplikazio baten bidez eskuragarri duzu. Argibideak ukaiten ahalko dituzu denbora errealean eta errazki sartzen ahalko zara zure gune pertsonalean.<\/p>\r\n<p><strong>Aplikazioa kitorik telekarga dezakezu:<\/strong><\/p>\r\n<div class=\"x_elementToProof\" data-olk-copy-source=\"MessageBody\">\u21d2 <strong>Playstore<\/strong> <span style=\"text-decoration: underline;\"><strong>:<\/strong><\/span>\u00a0<a title=\"https:\/\/play.google.com\/store\/apps\/details?id=fr.aiga.inoeconnect&amp;hl=fr&amp;pli=1\" href=\"https:\/\/play.google.com\/store\/apps\/details?id=fr.aiga.inoeconnect&amp;hl=fr&amp;pli=1\" target=\"_blank\" rel=\"noopener noreferrer\" data-auth=\"NotApplicable\" data-linkindex=\"0\">INOE-CONNECT (andro\u00efd)<\/a><\/div>\r\n<div class=\"x_elementToProof\">\u00a0<\/div>\r\n<div class=\"x_elementToProof\">\u21d2<span style=\"text-decoration: underline;\"><strong> Appstore:<\/strong><\/span>\u00a0<a title=\"https:\/\/apps.apple.com\/fr\/app\/ino%C3%A9-connect\/id6739214773\" href=\"https:\/\/apps.apple.com\/fr\/app\/ino%C3%A9-connect\/id6739214773\" target=\"_blank\" rel=\"noopener noreferrer\" data-auth=\"NotApplicable\" data-linkindex=\"1\">INOE-CONNECT (apple)<\/a><\/div>\r\n<div>\u00a0<\/div>\r\n<div>\u00a0<\/div>\r\n<h3>Zure familia-ataria aldatzen da: zure datuak eguneratu itzazu<\/h3>\r\n<p>Hazparneko Herriko Etxearen bidez zure Familia Kozientea (FaLK edo MSA) automatikoki berreskura dezakezu zure familia gunetik. Zure egoeraren araberako prezioa aplikatuko dela segurtatzeko eta prezio goreneko faktura saihesteko, zure argibideak eguneratu itzazu. Familia kozientea automatikoki berreskuratzen da bakarrik <strong>erregimen nagusiari (FaLK)<\/strong> edo <strong>laborantza erregimenari (MSA)<\/strong> lotua bazara.<\/p>\r\n<p><span style=\"color: #3366ff;\">Zure datuak egunera itzazu <span style=\"color: #ff0000;\">2026ko maiatzaren 31 gabe<\/span>, kontularitza zerbitzuak datuak behar bezala sar ditzan. Informazio gisa, FaLK hartzaile zenbakiaren azken hizkia ez da beharrezkoa.<\/span><\/p>\r\n<p>Zailtasunak badituzu edo informazio horiek ezin badituzu eman, Haurtzaroa \/ Gazteria zerbitzua zure laguntzeko prest dago.<\/p>\r\n<p>&nbsp;<\/p>\r\n<h3>Zure argibideak nola eguneratu 2 urratsetan<\/h3>\r\n<h4>1 \u2013 &#8220;Familia\u201d fitxa<\/h4>\r\n<p>\u2013 Hartzaile erregimena: FaLK (Erregimen nagusia) edo MSA<\/p>\r\n<p>\u2013 Etxeko hartzailearen izena<\/p>\r\n<p>\u2013 Etxeko hartzailearen zenbakia<\/p>\r\n<h4>2 \u2013 Buraso \u201chartzaileari\u201d buruzko argibideak<\/h4>\r\n<p>Zoaz \u201cburaso hartzailearen\u201d fitxara.<\/p>\r\n<p>\u201cFamilia ingurunea\u201d fitxatik ere eskuragarri.<\/p>\r\n<p><a href=\"https:\/\/hasparren.fr\/wp-content\/uploads\/2026\/03\/fiche-parent-allocataire.png\"><img loading=\"lazy\" decoding=\"async\" class=\"wp-image-48865 alignleft\" src=\"https:\/\/hasparren.fr\/wp-content\/uploads\/2026\/03\/fiche-parent-allocataire.png\" alt=\"\" width=\"353\" height=\"134\" srcset=\"https:\/\/hasparren.fr\/wp-content\/uploads\/2026\/03\/fiche-parent-allocataire.png 593w, https:\/\/hasparren.fr\/wp-content\/uploads\/2026\/03\/fiche-parent-allocataire-500x190.png 500w\" sizes=\"auto, (max-width: 353px) 100vw, 353px\" \/><\/a><\/p>\r\n<div class=\"et_pb_module et_pb_text et_pb_text_3  et_pb_text_align_left et_pb_bg_layout_light\">\r\n<div class=\"et_pb_text_inner\">\u00a0<\/div>\r\n<\/div>\r\n<p>&nbsp;<\/p>\r\n<p>&nbsp;<\/p>\r\n<p>&nbsp;<\/p>\r\n<p>&nbsp;<\/p>\r\n<p><strong>Otoi, argibide hauek sar itzazu:<\/strong> sortze-deitura, sorteguna, sorterria, sorlekuko <strong>COG<\/strong>* <strong>kodea<\/strong> eta sorlekua eta gero klik egizu <strong>Grabatu<\/strong> botoian.<\/p>\r\n<p><a href=\"https:\/\/hasparren.fr\/wp-content\/uploads\/2026\/03\/fiche-parent-allocataire-2.png\" target=\"_blank\" rel=\"noopener\"><img loading=\"lazy\" decoding=\"async\" class=\"alignleft wp-image-48867\" src=\"https:\/\/hasparren.fr\/wp-content\/uploads\/2026\/03\/fiche-parent-allocataire-2.png\" alt=\"\" width=\"257\" height=\"238\" srcset=\"https:\/\/hasparren.fr\/wp-content\/uploads\/2026\/03\/fiche-parent-allocataire-2.png 384w, https:\/\/hasparren.fr\/wp-content\/uploads\/2026\/03\/fiche-parent-allocataire-2-324x300.png 324w\" sizes=\"auto, (max-width: 257px) 100vw, 257px\" \/><\/a><\/p>\r\n<p>&nbsp;<\/p>\r\n<p>&nbsp;<\/p>\r\n<p>&nbsp;<\/p>\r\n<p>&nbsp;<\/p>\r\n<p>&nbsp;<\/p>\r\n<p>&nbsp;<\/p>\r\n<h4>\u00a0<\/h4>\r\n<h4>*Nola atzeman COG kodea?<\/h4>\r\n<p><a href=\"https:\/\/hasparren.fr\/wp-content\/uploads\/2026\/03\/code-cog-300x203-1.png\"><img loading=\"lazy\" decoding=\"async\" class=\"alignleft wp-image-48869 size-full\" src=\"https:\/\/hasparren.fr\/wp-content\/uploads\/2026\/03\/code-cog-300x203-1.png\" alt=\"\" width=\"300\" height=\"203\" \/><\/a><\/p>\r\n<p><em>COG kodeak herri bat identifikatzen du, ez da posta kodea.<br \/>\r\n<\/em>Har ezazu zure <strong>Vitale txartela<\/strong> eta idatzi zure <strong>5 zifrak<\/strong> gizarte segurantzako zenbakiaren <strong>4. serietik goiti.<\/strong><br \/>\r\n<br \/>\r\n<span style=\"text-decoration: underline;\">\u21d0Adibidez:<\/span> 1 85 05 78 006 084 36 \u2192 <span style=\"text-decoration: underline;\">COG kodea 78 006 d<\/span><\/p>\r\n<p>&nbsp;<\/p>\r\n<p>&nbsp;<\/p>\r\n<p>&nbsp;<\/p>\r\n<h3>Baliabide gehigarria<\/h3>\r\n<p>Esplikatzeko bideo bat bada hemen:<\/p>\r\n<div style=\"width: 1920px;\" class=\"wp-video\"><video class=\"wp-video-shortcode\" id=\"video-49188-1\" width=\"1920\" height=\"1080\" preload=\"metadata\" controls=\"controls\"><source type=\"video\/mp4\" src=\"https:\/\/hasparren.fr\/wp-content\/uploads\/2026\/03\/Inoe-Espace-Famille.mp4?_=1\" \/><a href=\"https:\/\/hasparren.fr\/wp-content\/uploads\/2026\/03\/Inoe-Espace-Famille.mp4\">https:\/\/hasparren.fr\/wp-content\/uploads\/2026\/03\/Inoe-Espace-Famille.mp4<\/a><\/video><\/div>\r\n<p>&nbsp;<\/p>\r\n<h4>Nola sartu harremanetan Haurtzaroa \/ Gazteria zerbitzuarekin<\/h4>\r\n<div data-olk-copy-source=\"MessageBody\"><span style=\"text-decoration: underline;\"><strong>Telefono zenbakia:<\/strong><\/span> <a href=\"tel:+33559701482\" target=\"_blank\" rel=\"noopener\">05.59.70.14.82<\/a> ou <a href=\"tel:+33624844603\" target=\"_blank\" rel=\"noopener\">06.24.84.46.03<\/a><\/div>\r\n<div><span style=\"text-decoration: underline;\"><strong>Helbidea:<\/strong> <\/span>Dibildos karrika, 1<\/div>\r\n<div><span style=\"text-decoration: underline;\"><strong>E-posta:<\/strong><\/span> <a href=\"mailto:Guichet-unique@ville-hasparren.fr\" target=\"_blank\" rel=\"noopener\">Guichet-unique@ville-hasparren.fr<\/a><\/div>\r\n<p>&nbsp;<\/p>","protected":false},"excerpt":{"rendered":"<p>Projet \u00e9ducatif du territoire Projet Educatif Du Territoire 2024 &#8211; 2027 L&#8217;espace famille Portail Famille &#8211; mode d&#8217;emploi Acc\u00e9der \u00e0 l&#8217;Espace Famille &nbsp; Zure familia-ataria aldatzen da &nbsp; INo\u00e9 familia [&hellip;]<\/p>\n","protected":false},"author":14,"featured_media":0,"parent":24568,"menu_order":0,"comment_status":"closed","ping_status":"closed","template":"","meta":{"_acf_changed":false,"cybocfi_hide_featured_image":"","footnotes":""},"class_list":["post-49188","page","type-page","status-publish","hentry","clearfix"],"acf":[],"yoast_head":"<!-- This site is optimized with the Yoast SEO plugin v27.4 - https:\/\/yoast.com\/product\/yoast-seo-wordpress\/ -->\n<title>Projet \u00e9ducatif &amp; espace famille - Hasparren, commune du Pays Basque<\/title>\n<meta name=\"robots\" content=\"index, follow, max-snippet:-1, max-image-preview:large, max-video-preview:-1\" \/>\n<link rel=\"canonical\" href=\"https:\/\/hasparren.fr\/eu\/famille-et-social\/enfance-jeunesse\/projet-educatif-espace-famille\/\" \/>\n<meta property=\"og:locale\" content=\"eu_ES\" \/>\n<meta property=\"og:type\" content=\"article\" \/>\n<meta property=\"og:title\" content=\"Projet \u00e9ducatif &amp; espace famille - Hasparren, commune du Pays Basque\" \/>\n<meta property=\"og:description\" content=\"Projet \u00e9ducatif du territoire Projet Educatif Du Territoire 2024 &#8211; 2027 L&#8217;espace famille Portail Famille &#8211; mode d&#8217;emploi Acc\u00e9der \u00e0 l&#8217;Espace Famille &nbsp; Zure familia-ataria aldatzen da &nbsp; INo\u00e9 familia [&hellip;]\" \/>\n<meta property=\"og:url\" content=\"https:\/\/hasparren.fr\/eu\/famille-et-social\/enfance-jeunesse\/projet-educatif-espace-famille\/\" \/>\n<meta property=\"og:site_name\" content=\"Hasparren, commune du Pays Basque\" \/>\n<meta property=\"article:modified_time\" content=\"2026-03-26T15:57:13+00:00\" \/>\n<meta property=\"og:image\" content=\"https:\/\/hasparren.fr\/wp-content\/uploads\/2026\/03\/fiche-parent-allocataire.png\" \/>\n\t<meta property=\"og:image:width\" content=\"593\" \/>\n\t<meta property=\"og:image:height\" content=\"225\" \/>\n\t<meta property=\"og:image:type\" content=\"image\/png\" \/>\n<meta name=\"twitter:card\" content=\"summary_large_image\" \/>\n<meta name=\"twitter:label1\" content=\"Est. reading time\" \/>\n\t<meta name=\"twitter:data1\" content=\"3 minutua\" \/>\n<script type=\"application\/ld+json\" class=\"yoast-schema-graph\">{\"@context\":\"https:\\\/\\\/schema.org\",\"@graph\":[{\"@type\":\"WebPage\",\"@id\":\"https:\\\/\\\/hasparren.fr\\\/eu\\\/famille-et-social\\\/enfance-jeunesse\\\/projet-educatif-espace-famille\\\/\",\"url\":\"https:\\\/\\\/hasparren.fr\\\/eu\\\/famille-et-social\\\/enfance-jeunesse\\\/projet-educatif-espace-famille\\\/\",\"name\":\"Projet \u00e9ducatif & espace famille - Hasparren, commune du Pays Basque\",\"isPartOf\":{\"@id\":\"https:\\\/\\\/hasparren.fr\\\/#website\"},\"primaryImageOfPage\":{\"@id\":\"https:\\\/\\\/hasparren.fr\\\/eu\\\/famille-et-social\\\/enfance-jeunesse\\\/projet-educatif-espace-famille\\\/#primaryimage\"},\"image\":{\"@id\":\"https:\\\/\\\/hasparren.fr\\\/eu\\\/famille-et-social\\\/enfance-jeunesse\\\/projet-educatif-espace-famille\\\/#primaryimage\"},\"thumbnailUrl\":\"https:\\\/\\\/hasparren.fr\\\/wp-content\\\/uploads\\\/2026\\\/03\\\/fiche-parent-allocataire.png\",\"datePublished\":\"2025-10-27T11:18:24+00:00\",\"dateModified\":\"2026-03-26T15:57:13+00:00\",\"breadcrumb\":{\"@id\":\"https:\\\/\\\/hasparren.fr\\\/eu\\\/famille-et-social\\\/enfance-jeunesse\\\/projet-educatif-espace-famille\\\/#breadcrumb\"},\"inLanguage\":\"eu\",\"potentialAction\":[{\"@type\":\"ReadAction\",\"target\":[\"https:\\\/\\\/hasparren.fr\\\/eu\\\/famille-et-social\\\/enfance-jeunesse\\\/projet-educatif-espace-famille\\\/\"]}]},{\"@type\":\"ImageObject\",\"inLanguage\":\"eu\",\"@id\":\"https:\\\/\\\/hasparren.fr\\\/eu\\\/famille-et-social\\\/enfance-jeunesse\\\/projet-educatif-espace-famille\\\/#primaryimage\",\"url\":\"https:\\\/\\\/hasparren.fr\\\/wp-content\\\/uploads\\\/2026\\\/03\\\/fiche-parent-allocataire.png\",\"contentUrl\":\"https:\\\/\\\/hasparren.fr\\\/wp-content\\\/uploads\\\/2026\\\/03\\\/fiche-parent-allocataire.png\"},{\"@type\":\"BreadcrumbList\",\"@id\":\"https:\\\/\\\/hasparren.fr\\\/eu\\\/famille-et-social\\\/enfance-jeunesse\\\/projet-educatif-espace-famille\\\/#breadcrumb\",\"itemListElement\":[{\"@type\":\"ListItem\",\"position\":1,\"name\":\"Accueil\",\"item\":\"https:\\\/\\\/hasparren.fr\\\/eu\\\/\"},{\"@type\":\"ListItem\",\"position\":2,\"name\":\"Familia &#038; Gai Sozialak\",\"item\":\"https:\\\/\\\/hasparren.fr\\\/eu\\\/famille-et-social\\\/\"},{\"@type\":\"ListItem\",\"position\":3,\"name\":\"Haurrak &#038; Gazteak\",\"item\":\"https:\\\/\\\/hasparren.fr\\\/eu\\\/famille-et-social\\\/enfance-jeunesse\\\/\"},{\"@type\":\"ListItem\",\"position\":4,\"name\":\"Projet \u00e9ducatif &#038; espace famille\"}]},{\"@type\":\"WebSite\",\"@id\":\"https:\\\/\\\/hasparren.fr\\\/#website\",\"url\":\"https:\\\/\\\/hasparren.fr\\\/\",\"name\":\"Hasparren, commune du Pays Basque\",\"description\":\"Hasparren, commune du Pays Basque\",\"potentialAction\":[{\"@type\":\"SearchAction\",\"target\":{\"@type\":\"EntryPoint\",\"urlTemplate\":\"https:\\\/\\\/hasparren.fr\\\/?s={search_term_string}\"},\"query-input\":{\"@type\":\"PropertyValueSpecification\",\"valueRequired\":true,\"valueName\":\"search_term_string\"}}],\"inLanguage\":\"eu\"}]}<\/script>\n<!-- \/ Yoast SEO plugin. -->","yoast_head_json":{"title":"Projet \u00e9ducatif & espace famille - Hasparren, commune du Pays Basque","robots":{"index":"index","follow":"follow","max-snippet":"max-snippet:-1","max-image-preview":"max-image-preview:large","max-video-preview":"max-video-preview:-1"},"canonical":"https:\/\/hasparren.fr\/eu\/famille-et-social\/enfance-jeunesse\/projet-educatif-espace-famille\/","og_locale":"eu_ES","og_type":"article","og_title":"Projet \u00e9ducatif & espace famille - Hasparren, commune du Pays Basque","og_description":"Projet \u00e9ducatif du territoire Projet Educatif Du Territoire 2024 &#8211; 2027 L&#8217;espace famille Portail Famille &#8211; mode d&#8217;emploi Acc\u00e9der \u00e0 l&#8217;Espace Famille &nbsp; Zure familia-ataria aldatzen da &nbsp; INo\u00e9 familia [&hellip;]","og_url":"https:\/\/hasparren.fr\/eu\/famille-et-social\/enfance-jeunesse\/projet-educatif-espace-famille\/","og_site_name":"Hasparren, commune du Pays Basque","article_modified_time":"2026-03-26T15:57:13+00:00","og_image":[{"width":593,"height":225,"url":"https:\/\/hasparren.fr\/wp-content\/uploads\/2026\/03\/fiche-parent-allocataire.png","type":"image\/png"}],"twitter_card":"summary_large_image","twitter_misc":{"Est. reading time":"3 minutua"},"schema":{"@context":"https:\/\/schema.org","@graph":[{"@type":"WebPage","@id":"https:\/\/hasparren.fr\/eu\/famille-et-social\/enfance-jeunesse\/projet-educatif-espace-famille\/","url":"https:\/\/hasparren.fr\/eu\/famille-et-social\/enfance-jeunesse\/projet-educatif-espace-famille\/","name":"Projet \u00e9ducatif & espace famille - Hasparren, commune du Pays Basque","isPartOf":{"@id":"https:\/\/hasparren.fr\/#website"},"primaryImageOfPage":{"@id":"https:\/\/hasparren.fr\/eu\/famille-et-social\/enfance-jeunesse\/projet-educatif-espace-famille\/#primaryimage"},"image":{"@id":"https:\/\/hasparren.fr\/eu\/famille-et-social\/enfance-jeunesse\/projet-educatif-espace-famille\/#primaryimage"},"thumbnailUrl":"https:\/\/hasparren.fr\/wp-content\/uploads\/2026\/03\/fiche-parent-allocataire.png","datePublished":"2025-10-27T11:18:24+00:00","dateModified":"2026-03-26T15:57:13+00:00","breadcrumb":{"@id":"https:\/\/hasparren.fr\/eu\/famille-et-social\/enfance-jeunesse\/projet-educatif-espace-famille\/#breadcrumb"},"inLanguage":"eu","potentialAction":[{"@type":"ReadAction","target":["https:\/\/hasparren.fr\/eu\/famille-et-social\/enfance-jeunesse\/projet-educatif-espace-famille\/"]}]},{"@type":"ImageObject","inLanguage":"eu","@id":"https:\/\/hasparren.fr\/eu\/famille-et-social\/enfance-jeunesse\/projet-educatif-espace-famille\/#primaryimage","url":"https:\/\/hasparren.fr\/wp-content\/uploads\/2026\/03\/fiche-parent-allocataire.png","contentUrl":"https:\/\/hasparren.fr\/wp-content\/uploads\/2026\/03\/fiche-parent-allocataire.png"},{"@type":"BreadcrumbList","@id":"https:\/\/hasparren.fr\/eu\/famille-et-social\/enfance-jeunesse\/projet-educatif-espace-famille\/#breadcrumb","itemListElement":[{"@type":"ListItem","position":1,"name":"Accueil","item":"https:\/\/hasparren.fr\/eu\/"},{"@type":"ListItem","position":2,"name":"Familia &#038; Gai Sozialak","item":"https:\/\/hasparren.fr\/eu\/famille-et-social\/"},{"@type":"ListItem","position":3,"name":"Haurrak &#038; Gazteak","item":"https:\/\/hasparren.fr\/eu\/famille-et-social\/enfance-jeunesse\/"},{"@type":"ListItem","position":4,"name":"Projet \u00e9ducatif &#038; espace famille"}]},{"@type":"WebSite","@id":"https:\/\/hasparren.fr\/#website","url":"https:\/\/hasparren.fr\/","name":"Hasparren, commune du Pays Basque","description":"Hasparren, commune du Pays Basque","potentialAction":[{"@type":"SearchAction","target":{"@type":"EntryPoint","urlTemplate":"https:\/\/hasparren.fr\/?s={search_term_string}"},"query-input":{"@type":"PropertyValueSpecification","valueRequired":true,"valueName":"search_term_string"}}],"inLanguage":"eu"}]}},"publishpress_future_action":{"enabled":false,"date":"2026-04-30 03:02:20","action":"change-status","newStatus":"draft","terms":[],"taxonomy":"translation_priority","extraData":[]},"publishpress_future_workflow_manual_trigger":{"enabledWorkflows":[]},"_links":{"self":[{"href":"https:\/\/hasparren.fr\/eu\/wp-json\/wp\/v2\/pages\/49188","targetHints":{"allow":["GET"]}}],"collection":[{"href":"https:\/\/hasparren.fr\/eu\/wp-json\/wp\/v2\/pages"}],"about":[{"href":"https:\/\/hasparren.fr\/eu\/wp-json\/wp\/v2\/types\/page"}],"author":[{"embeddable":true,"href":"https:\/\/hasparren.fr\/eu\/wp-json\/wp\/v2\/users\/14"}],"replies":[{"embeddable":true,"href":"https:\/\/hasparren.fr\/eu\/wp-json\/wp\/v2\/comments?post=49188"}],"version-history":[{"count":2,"href":"https:\/\/hasparren.fr\/eu\/wp-json\/wp\/v2\/pages\/49188\/revisions"}],"predecessor-version":[{"id":49190,"href":"https:\/\/hasparren.fr\/eu\/wp-json\/wp\/v2\/pages\/49188\/revisions\/49190"}],"up":[{"embeddable":true,"href":"https:\/\/hasparren.fr\/eu\/wp-json\/wp\/v2\/pages\/24568"}],"wp:attachment":[{"href":"https:\/\/hasparren.fr\/eu\/wp-json\/wp\/v2\/media?parent=49188"}],"curies":[{"name":"wp","href":"https:\/\/api.w.org\/{rel}","templated":true}]}}