{"id":49293,"date":"2026-04-13T11:33:14","date_gmt":"2026-04-13T09:33:14","guid":{"rendered":"https:\/\/hasparren.fr\/famille-et-social\/gai-sozialak-eta-adinekoak\/c-c-a-s\/"},"modified":"2026-04-13T12:29:49","modified_gmt":"2026-04-13T10:29:49","slug":"c-c-a-s","status":"publish","type":"page","link":"https:\/\/hasparren.fr\/eu\/famille-et-social\/gai-sozialak-eta-adinekoak\/c-c-a-s\/","title":{"rendered":"G.E.U.Z"},"content":{"rendered":"\r\n<h2 class=\"western\" lang=\"eu-ES\" align=\"left\"><span style=\"font-family: Times New Roman, serif;\">Gizarte Ekintzako Udal Zentroa<\/span><\/h2>\r\n<p>Erretretadunei laguntza sozial indibidualizatua eta familiako laguntzaileen sostengua. Ekintza mota bat baino gehiago familientzat.<\/p>\r\n<p>Lanbide-sekretuari lotua den taldea: zuzendaria, psikologoa, jendarte-laguntzaileak, idazkaria, berrogei bat boluntario.<\/p>\r\n<h3>Harremana<\/h3>\r\n<p><strong>Helbidea:<\/strong> Gaskoina karrika, 11, 64240 Hazparne<br \/>\r\n<strong>T\u00e9l<\/strong>: <a title=\"Appeler le CCAS\" href=\"tel:+33559702907\" rel=\"\">05 59 70 29 07<\/a><br \/>\r\n<strong>E-posta : <\/strong><a title=\"Envoyer un mail au CCAS\" href=\"mailto:ccas@ville-hasparren.fr\" target=\"_blank\" rel=\"noopener\">ccas@ville-hasparren.fr<\/a><\/p>\r\n<h3>Tenoreak<\/h3>\r\n<p>Astelehenetik ostiralera, 9:00-12:30 eta 13:30-16:30 (hetsia asteazken arratsaldeetan).<\/p>\r\n<p>Jendarte-laguntzaile bat kausitzeko hitzordua hartu behar da.<\/p>\r\n<p>&nbsp;<\/p>\r\n\r\n\r\n<h2>Les actualit\u00e9s du CCAS<\/h2>\r\n\r\n<ul class=\"wp-block-latest-posts__list is-grid columns-3 aligncenter ccas_recent_posts wp-block-latest-posts\"><li><div class=\"wp-block-latest-posts__featured-image aligncenter\"><img loading=\"lazy\" decoding=\"async\" width=\"500\" height=\"285\" src=\"https:\/\/hasparren.fr\/wp-content\/uploads\/2023\/11\/gabariis-agenda-banque-alimentaire-500x285.jpg\" class=\"attachment-medium size-medium wp-post-image\" alt=\"\" style=\"\" srcset=\"https:\/\/hasparren.fr\/wp-content\/uploads\/2023\/11\/gabariis-agenda-banque-alimentaire-500x285.jpg 500w, https:\/\/hasparren.fr\/wp-content\/uploads\/2023\/11\/gabariis-agenda-banque-alimentaire-1054x600.jpg 1054w, https:\/\/hasparren.fr\/wp-content\/uploads\/2023\/11\/gabariis-agenda-banque-alimentaire-768x437.jpg 768w, https:\/\/hasparren.fr\/wp-content\/uploads\/2023\/11\/gabariis-agenda-banque-alimentaire.jpg 1500w\" sizes=\"auto, (max-width: 500px) 100vw, 500px\" \/><\/div><a class=\"wp-block-latest-posts__post-title\" href=\"https:\/\/hasparren.fr\/eu\/collecte-nationale-banque-alimentaire\/\">Collecte Nationale Banque Alimentaire\u00a0<\/a><div class=\"wp-block-latest-posts__post-excerpt\">La Banque Alimentaire tient sa grande collecte annuelle les 24 et 25 novembre. Ces dons\u2026 <a class=\"wp-block-latest-posts__read-more\" href=\"https:\/\/hasparren.fr\/eu\/collecte-nationale-banque-alimentaire\/\" rel=\"noopener noreferrer\">Read more<span class=\"screen-reader-text\">: Collecte Nationale Banque Alimentaire\u00a0<\/span><\/a><\/div><\/li>\n<\/ul>\r\n\r\n<h2>GEUZaren zerbitzuak<\/h2>\r\n<div id=\"pe-accordion-69dd277e2a7a03.60111968\" class=\"pe-accordion-container\"  aria-multiselectable=\"true\">\r\n<div class=\"pe-accordion\"><div id=\"pe-heading-69dd277e2a96c579895303\" class=\"pe-accordion-heading \" ><a href=\"#pe-accordion-69dd277e2a977769233538\" role=\"button\" aria-expanded=\"false\" aria-controls=\"pe-accordion-69dd277e2a977769233538\"><h3>Adinekoak<\/h3><\/a><\/div><div id=\"pe-accordion-69dd277e2a977769233538\" class=\"pe-accordion-content \"  aria-labelledby=\"pe-heading-69dd277e2a96c579895303\">\r\n<h4>Apairuen banaketa<\/h4>\r\n<p>Euskal Elkargoaren eskumenean da, Suharirekin (ostalaritza kolektiboa) eta Postarekin (banaketa) partaidetzan, GEUZak apairuen banaketa kudeatzen du Hazparnen eta herri hauetan: Aiherra, Bastida, Beskoitze, Donamartiri, Donoztiri, Heleta, Izturitze, Lekorne, Lekuine.<br \/>\r\nZerbitzu hori erretretan edo eri-geldialdian diren pertsonentzat da, baita ahalmen urritasuna duten pertsonentzat ere.<\/p>\r\n<p>Menu bereziak manatu daitezke hartzailearen erregimenaren arabera.<br \/>\r\nApairuak egun guziez ukan daitezke, baita besta egunetan ere, edo nahi den eguneko.<\/p>\r\n<h4>Erretretan diren pertsonen laguntza indibiduala<\/h4>\r\n<p>GEUZak pertsona bakoitza bideratzen du eta laguntzen bere egoeraren arabera.<\/p>\r\n<h4>Laguntza familiako laguntzaileei<\/h4>\r\n<p>Psikologo bati dei egin daiteke familiako laguntzaileak laguntzeko eta sostengatzeko.<\/p>\r\n<h4>Etxean atxikitzea \/ Zahar-etxera bideratzea<\/h4>\r\n<p>LPP) Laguntza Plan Pertsonalizatua, ALP (Autonomiarako Laguntza Pertsonalizatua), OEIL (Ospitaleratzearen ondotik Etxera Itzultzeko Laguntza), Laguntza soziala, EDEri eskaerak egitea (Elbarrituen Departamenduko Etxea), telealarma&#8230; beharren ebaluatzea, laguntza-planen negoziatzea, dosierren muntatzea jendeak etxean atxikitzeko edo zahar etxera bideratzeko.<\/p>\r\n<h4>Laguntza-dosierren muntatzeko laguntza<\/h4>\r\n<p>GEUZak laguntza ematen du bakoitzaren egoerari dagokion galde dosierrak muntatzeko.<\/p>\r\n<\/div><\/div>\r\n<div class=\"pe-accordion\"><div id=\"pe-heading-69dd277e2a9ed351802592\" class=\"pe-accordion-heading \" ><a href=\"#pe-accordion-69dd277e2a9f2292197972\" role=\"button\" aria-expanded=\"false\" aria-controls=\"pe-accordion-69dd277e2a9f2292197972\"><h3>Bizitegia<\/h3><\/a><\/div><div id=\"pe-accordion-69dd277e2a9f2292197972\" class=\"pe-accordion-content \"  aria-labelledby=\"pe-heading-69dd277e2a9ed351802592\">\r\n<h4>Logement social<\/h4>\r\n<p>Pour les personnes de Hasparren, le CCAS peut aider dans les d\u00e9marches administratives li\u00e9es aux demandes de logements sociaux.<\/p>\r\n<p>Il est \u00e9galement possible d\u2019obtenir les dossiers de demande en cliquant sur ce lien :<br \/>\r\n<a title=\"Lien vers le dossier de demande de logement social \u00e0 t\u00e9l\u00e9charger\" href=\"https:\/\/www.formulaires.service-public.fr\/gf\/cerfa_14069.do\" target=\"_blank\" rel=\"noopener\">Dossier de demande de logement social \u00e0 t\u00e9l\u00e9charger<\/a><\/p>\r\n<p>Et la notice pour les compl\u00e9ter :<br \/>\r\n<a title=\"Lien vers la notice pour compl\u00e9ter les dossiers de demande de logement social\" href=\"https:\/\/www.formulaires.service-public.fr\/gf\/getNotice.do?cerfaNotice=51423&amp;cerfaFormulaire=14069\" target=\"_blank\" rel=\"noopener\">Notice pour compl\u00e9ter le dossier de demande logement social<\/a><\/p>\r\n<p>Il est \u00e9galement possible d&#8217;effectuer la demande directement en ligne :<br \/>\r\n<a title=\"Lien vers le site du Gouvernement pour envoyer une demande de logement social en ligne\" href=\"https:\/\/www.demande-logement-social.gouv.fr\/index\" target=\"_blank\" rel=\"noopener\">Lien pour la demande en ligne<\/a><\/p>\r\n<p>Plus d&#8217;informations et explications en cliquant <a title=\"Lien vers le site de Service Public concernant les logements sociaux\" href=\"https:\/\/www.service-public.fr\/particuliers\/vosdroits\/F10007\" target=\"_blank\" rel=\"noopener\">ici<\/a>, ou directement aupr\u00e8s du CCAS.<\/p>\r\n<\/div><\/div>\r\n<div class=\"pe-accordion\"><div id=\"pe-heading-69dd277e2aa54730878670\" class=\"pe-accordion-heading \" ><a href=\"#pe-accordion-69dd277e2aa59240046377\" role=\"button\" aria-expanded=\"false\" aria-controls=\"pe-accordion-69dd277e2aa59240046377\"><h3>Les familles<\/h3><\/a><\/div><div id=\"pe-accordion-69dd277e2aa59240046377\" class=\"pe-accordion-content \"  aria-labelledby=\"pe-heading-69dd277e2aa54730878670\">\r\n<h4>Cantine<\/h4>\r\n<p>En fonction des revenus, une aide pour les frais de cantine peut \u00eatre octroy\u00e9e.<br \/>\r\nCela concerne les enfants scolaris\u00e9s dans les \u00e9coles priv\u00e9es (Sainte Th\u00e9r\u00e8se et Ikastola) et domicili\u00e9s sur Hasparren.<\/p>\r\n<p>Voici la liste des pi\u00e8ces \u00e0 fournir pour toute demande : <a title=\"Pi\u00e8ces \u00e0 fournir aide cantine - ( 305ko )\" href=\"https:\/\/hasparren.fr\/wp-content\/uploads\/2022\/06\/pieces-a-fournir-cantine.pdf\" target=\"_blank\" rel=\"noopener\">Pi\u00e8ces \u00e0 fournir aide cantine<\/a><\/p>\r\n<p>Pour les enfants de l\u2019\u00e9cole publique Jean Verdun, s\u2019adresser au service Jeunesse de Hasparren.<\/p>\r\n<h4>Microcr\u00e9dit<\/h4>\r\n<p>Possibilit\u00e9 d\u2019acc\u00e9der au \u00ab microcr\u00e9dit social \u00bb afin de financer un projet particulier (exemple\u00a0: achat d\u2019un v\u00e9hicule&#8230;).<\/p>\r\n<p>Ce microcr\u00e9dit s\u2019adresse \u00e0 :<\/p>\r\n<ul>\r\n\t<li>des travailleurs en situation de pr\u00e9carit\u00e9, aux ressources limit\u00e9es qui n\u2019ont pas acc\u00e8s au cr\u00e9dit bancaire,<\/li>\r\n\t<li>des demandeurs d\u2019emploi, avec ou sans revenu, qu\u2019ils soient bancaris\u00e9s ou non, sans acc\u00e8s au cr\u00e9dit,<\/li>\r\n\t<li>des personnes victimes d\u2019accident de la vie qui ont des difficult\u00e9s financi\u00e8res,<\/li>\r\n\t<li>des personnes retrait\u00e9es avec de faibles revenus.<\/li>\r\n<\/ul>\r\n<h4>Distribution alimentaire<\/h4>\r\n<p>En convention avec la Banque Alimentaire de Bayonne, le CCAS et ses b\u00e9n\u00e9voles assurent une distribution alimentaire les lundis apr\u00e8s-midis des semaines impaires.<\/p>\r\n<p>Les habitants de Hasparren et des 10 communes alentours (Ayherre, Bonloc, Briscous, H\u00e9lette, Isturitz, Labastide-Clairence, Mendionde, Macaye,\u00a0Saint-Esteben, Saint-Martin-d\u2019Arberoue) peuvent en b\u00e9n\u00e9ficier, apr\u00e8s orientation faite par leur r\u00e9f\u00e9rent social.<\/p>\r\n<h4>Aide aux devoirs \/ CLAS (CAF)<\/h4>\r\n<p>Dans le cadre du CLAS (Contrat Local d\u2019Accompagnement \u00e0 la Scolarit\u00e9), en partenariat avec la CAF, une \u00ab\u00a0aide aux devoirs\u00a0\u00bb est mise en place pour soutenir et accompagner certains \u00e9l\u00e8ves du CP au lyc\u00e9e, afin qu\u2019ils deviennent autonomes, plus organis\u00e9s, plus s\u00fbrs d\u2019eux.<\/p>\r\n<p>Une \u00e9quipe de b\u00e9n\u00e9voles accompagne les jeunes chaque semaine.<br \/>\r\nCes \u00e9l\u00e8ves sont scolaris\u00e9s en priorit\u00e9 dans les \u00e9tablissements scolaires de Hasparren ou r\u00e9sident \u00e0 Hasparren.<\/p>\r\n<p>Temps collectifs, espace d\u2019information et de soutien pour parents et enfants.<\/p>\r\n<h4>Les Promeneurs Du Net<\/h4>\r\n<p>Les Promeneurs Du Net est un dispositif port\u00e9 par la CAF.<br \/>\r\nCe sont des professionnels issus de diff\u00e9rentes structures du secteur \u00e9ducatif, socio-culturel, m\u00e9dico-social, de l\u2019animation ou de la m\u00e9diation qui interviennent aupr\u00e8s des jeunes.<\/p>\r\n<p>Une Assistante Sociale du CCAS est pr\u00e9sente sur les r\u00e9seaux sociaux dans un but de pr\u00e9vention, elle peut \u00eatre interpel\u00e9e par les jeunes et leurs familles.<\/p>\r\n<p>Ici les liens vers ses pages :<\/p>\r\n<p><span style=\"text-decoration: underline;\"><a title=\"Lien vers la page Promeneurs du Net de l'Assistante Sociale du CCAS de Hasparren\" href=\"http:\/\/www.promeneursdunet.fr\/promeneur\/pyrenees-atlantiques\/marina-juzan\" target=\"_blank\" rel=\"noopener\">Sa page Promeneurs Du Net<\/a><\/span><\/p>\r\n<p><span style=\"text-decoration: underline;\"><a title=\"Lien vers le profil Instagram de l'Assistante Sociale du CCAS de Hasparren\" href=\"https:\/\/www.instagram.com\/marina_adoenia_pdn64\/?igshid=ZGUzMzM3NWJiOQ%3D%3D&amp;fbclid=IwAR3pNI-TAHX7ia6Tj9Wjly6yONnFAujPR-icG2Vgnn_h5K0Zh-wly9AdFwE\" target=\"_blank\" rel=\"noopener\">Son profil Instagram<\/a><\/span><\/p>\r\n<p><span style=\"text-decoration: underline;\"><a title=\"Lien vers la page facebook de l'Assistante Sociale du CCAS de Hasparren\" href=\"https:\/\/www.facebook.com\/marina.pyreneesatlantiques.1\" target=\"_blank\" rel=\"noopener\">Sa page Facebook<\/a><\/span><\/p>\r\n<h4>\u00a0<\/h4>\r\n<h4>AdoEnia<\/h4>\r\n<p>La Maison des Adolescents du Centre Hospitalier de la C\u00f4te Basque intervient les mercredis apr\u00e8s-midis dans les locaux du CCAS. C\u2019est un service d\u2019accueil, d\u2019\u00e9coute, d\u2019accompagnement, de pr\u00e9vention et d\u2019orientation de l\u2019adolescent (11 \u00e0 21 ans) et de sa famille.<br \/>\r\nL\u2019\u00e9quipe peut recevoir l\u2019adolescent, les parents et familles.<br \/>\r\nLa consultation est gratuite, anonyme et confidentielle.<\/p>\r\n<p>Pour plus d\u2019infos\u00a0: <a title=\"Lien vers le site AdoEnia\" href=\"http:\/\/www.adoenia.fr\/\" target=\"_blank\" rel=\"noopener\">Lien vers le site adoenia.fr<\/a><br \/>\r\nT\u00e9l\u00e9phone : <a title=\"Appeler AdoEnia\" href=\"tel:0559642252\" rel=\"\">05 59 64 22 52<\/a><\/p>\r\n<h4>M\u00e9diation familiale<\/h4>\r\n<p>Une permanence avec une juriste de la M\u00e9diation Familiale est organis\u00e9e au CCAS tous les jeudis matins par l\u2019Association Espace Rencontre et M\u00e9diation 64 (AERM 64).<\/p>\r\n<p>La m\u00e9diation familiale est une forme d\u2019accompagnement du conflit familial.<br \/>\r\nElle s\u2019adresse \u00e0 des parents s\u00e9par\u00e9s ou divorc\u00e9s, \u00e0 des fr\u00e8res et s\u0153urs adultes etc., dans l\u2019objectif de favoriser une meilleure compr\u00e9hension des enjeux du conflit et l\u2019\u00e9mergence de solutions appropri\u00e9es \u00e0 la situation et aux besoins de chacun.<\/p>\r\n<p>Prise de rdv aupr\u00e8s de l&#8217;AERM 64 ou du CCAS.<\/p>\r\n<p>Pour plus d\u2019infos sur l\u2019association AERM 64\u00a0: <a title=\"Lien vers le site de l'AERM 64\" href=\"https:\/\/aerm64.com\/\" target=\"_blank\" rel=\"noopener\">Lien vers le site de l&#8217;AERM 64<\/a><br \/>\r\nT\u00e9l\u00e9phone secr\u00e9tariat AERM 64 : <a title=\"Appeler AERM64\" href=\"tel:0559306949\" rel=\"\">05 59 30 69 49<\/a><\/p>\r\n<h4>CIDFF (Centre d&#8217;Information sur les Droits des Femmes et des Familles)<\/h4>\r\n<p>Une juriste intervient une fois par mois sur Hasparren. Elle intervient dans diff\u00e9rents domaines juridiques : le droit de la famille en g\u00e9n\u00e9ral, la lutte contre les violences conjugales, le harc\u00e8lement, les discriminations.<\/p>\r\n<p>T\u00e9l\u00e9phone Secr\u00e9tariat CIDFF : <a title=\"Appeler le CIDFF\" href=\"tel:0637957822\" rel=\"\">06 37 95 78 22<\/a><\/p>\r\n<\/div><\/div>\r\n<div class=\"pe-accordion\"><div id=\"pe-heading-69dd277e2aab5711123538\" class=\"pe-accordion-heading \" ><a href=\"#pe-accordion-69dd277e2aaba916551654\" role=\"button\" aria-expanded=\"false\" aria-controls=\"pe-accordion-69dd277e2aaba916551654\"><h3>L&#039;accompagnement num\u00e9rique<\/h3><\/a><\/div><div id=\"pe-accordion-69dd277e2aaba916551654\" class=\"pe-accordion-content \"  aria-labelledby=\"pe-heading-69dd277e2aab5711123538\">\r\n<p>Une permanence avec un b\u00e9n\u00e9vole du CCAS est organis\u00e9e tous les mardis matins \u00e0 la M\u00e9diath\u00e8que. Il accompagne les personnes ayant des difficult\u00e9s dans les d\u00e9marches administratives sur internet, aide \u00e0 la constitution de dossiers et \u00e0 la r\u00e9daction de lettres diverses.<\/p>\r\n<p>Prise de rdv aupr\u00e8s du CCAS au <a title=\"Appeler le CCAS\" href=\"tel:0559702907\" rel=\"\">05 59 70 29 07<\/a><\/p>\r\n<\/div><\/div>\r\n<div class=\"pe-accordion\"><div id=\"pe-heading-69dd277e2ab25943589623\" class=\"pe-accordion-heading \" ><a href=\"#pe-accordion-69dd277e2ab29386060871\" role=\"button\" aria-expanded=\"false\" aria-controls=\"pe-accordion-69dd277e2ab29386060871\"><h3>La sant\u00e9<\/h3><\/a><\/div><div id=\"pe-accordion-69dd277e2ab29386060871\" class=\"pe-accordion-content \"  aria-labelledby=\"pe-heading-69dd277e2ab25943589623\">\r\n<h4>Mutuelles<\/h4>\r\n<p>Deux dispositifs proposent aux administr\u00e9s de Hasparren une compl\u00e9mentaire sant\u00e9 \u00e0 des conditions tarifaires privil\u00e9gi\u00e9es :<\/p>\r\n<ul>\r\n\t<li>\r\n<p>Le Dispositif \u00ab Ma Commune, Ma Sant\u00e9 \u00bb avec l\u2019association Actiom,<\/p>\r\n<\/li>\r\n<\/ul>\r\n<ul>\r\n\t<li>\r\n<p>Le dispositif AXA : \u00ab AXA Ma sant\u00e9 \u00bb.<\/p>\r\n<\/li>\r\n<\/ul>\r\n<p>Prise de rdv aupr\u00e8s du CCAS au <a title=\"Appeler le CCAS\" href=\"tel:0559702907\" rel=\"\">05 59 70 29 07.<\/a><\/p>\r\n<h4>Activit\u00e9s collectives ponctuelles<\/h4>\r\n<p>Ponctuellement, des ateliers collectifs sont organis\u00e9s\u00a0: activit\u00e9s physiques adapt\u00e9es, ateliers interg\u00e9n\u00e9rationnels, sorties culturelles, etc\u2026.<\/p>\r\n<p><strong>Consultez r\u00e9guli\u00e8rement nos actualit\u00e9s\u00a0!<\/strong><\/p>\r\n<\/div><\/div>\r\n<\/div>\r\n\r\n\r\n<p>Pour demander une version accessible d\u2019un document t\u00e9l\u00e9chargeable sur cette page, vous pouvez contacter le responsable du site \u00e0 l\u2019adresse email suivante : <a href=\"mailto:webmaster@ville-hasparren.fr\" target=\"_blank\" rel=\"noopener\">webmaster@ville-hasparren.fr<\/a>, en mentionnant le nom du document.<\/p>\r\n\r\n","protected":false},"excerpt":{"rendered":"<p>Gizarte Ekintzako Udal Zentroa Erretretadunei laguntza sozial indibidualizatua eta familiako laguntzaileen sostengua. Ekintza mota bat baino gehiago familientzat. Lanbide-sekretuari lotua den taldea: zuzendaria, psikologoa, jendarte-laguntzaileak, idazkaria, berrogei bat boluntario. Harremana [&hellip;]<\/p>\n","protected":false},"author":14,"featured_media":0,"parent":24950,"menu_order":0,"comment_status":"closed","ping_status":"closed","template":"","meta":{"_acf_changed":false,"cybocfi_hide_featured_image":"","footnotes":""},"class_list":["post-49293","page","type-page","status-publish","hentry","clearfix"],"acf":[],"yoast_head":"<!-- This site is optimized with the Yoast SEO plugin v27.3 - https:\/\/yoast.com\/product\/yoast-seo-wordpress\/ -->\n<title>G.E.U.Z - Hasparren, commune du Pays Basque<\/title>\n<meta name=\"robots\" content=\"index, follow, max-snippet:-1, max-image-preview:large, max-video-preview:-1\" \/>\n<link rel=\"canonical\" href=\"https:\/\/hasparren.fr\/eu\/famille-et-social\/gai-sozialak-eta-adinekoak\/c-c-a-s\/\" \/>\n<meta property=\"og:locale\" content=\"eu_ES\" \/>\n<meta property=\"og:type\" content=\"article\" \/>\n<meta property=\"og:title\" content=\"G.E.U.Z - Hasparren, commune du Pays Basque\" \/>\n<meta property=\"og:description\" content=\"Gizarte Ekintzako Udal Zentroa Erretretadunei laguntza sozial indibidualizatua eta familiako laguntzaileen sostengua. Ekintza mota bat baino gehiago familientzat. Lanbide-sekretuari lotua den taldea: zuzendaria, psikologoa, jendarte-laguntzaileak, idazkaria, berrogei bat boluntario. Harremana [&hellip;]\" \/>\n<meta property=\"og:url\" content=\"https:\/\/hasparren.fr\/eu\/famille-et-social\/gai-sozialak-eta-adinekoak\/c-c-a-s\/\" \/>\n<meta property=\"og:site_name\" content=\"Hasparren, commune du Pays Basque\" \/>\n<meta property=\"article:modified_time\" content=\"2026-04-13T10:29:49+00:00\" \/>\n<meta name=\"twitter:card\" content=\"summary_large_image\" \/>\n<meta name=\"twitter:label1\" content=\"Est. reading time\" \/>\n\t<meta name=\"twitter:data1\" content=\"6 minutua\" \/>\n<script type=\"application\/ld+json\" class=\"yoast-schema-graph\">{\"@context\":\"https:\\\/\\\/schema.org\",\"@graph\":[{\"@type\":\"WebPage\",\"@id\":\"https:\\\/\\\/hasparren.fr\\\/eu\\\/famille-et-social\\\/gai-sozialak-eta-adinekoak\\\/c-c-a-s\\\/\",\"url\":\"https:\\\/\\\/hasparren.fr\\\/eu\\\/famille-et-social\\\/gai-sozialak-eta-adinekoak\\\/c-c-a-s\\\/\",\"name\":\"G.E.U.Z - Hasparren, commune du Pays Basque\",\"isPartOf\":{\"@id\":\"https:\\\/\\\/hasparren.fr\\\/#website\"},\"datePublished\":\"2026-04-13T09:33:14+00:00\",\"dateModified\":\"2026-04-13T10:29:49+00:00\",\"breadcrumb\":{\"@id\":\"https:\\\/\\\/hasparren.fr\\\/eu\\\/famille-et-social\\\/gai-sozialak-eta-adinekoak\\\/c-c-a-s\\\/#breadcrumb\"},\"inLanguage\":\"eu\",\"potentialAction\":[{\"@type\":\"ReadAction\",\"target\":[\"https:\\\/\\\/hasparren.fr\\\/eu\\\/famille-et-social\\\/gai-sozialak-eta-adinekoak\\\/c-c-a-s\\\/\"]}]},{\"@type\":\"BreadcrumbList\",\"@id\":\"https:\\\/\\\/hasparren.fr\\\/eu\\\/famille-et-social\\\/gai-sozialak-eta-adinekoak\\\/c-c-a-s\\\/#breadcrumb\",\"itemListElement\":[{\"@type\":\"ListItem\",\"position\":1,\"name\":\"Accueil\",\"item\":\"https:\\\/\\\/hasparren.fr\\\/eu\\\/\"},{\"@type\":\"ListItem\",\"position\":2,\"name\":\"Familia &#038; Gai Sozialak\",\"item\":\"https:\\\/\\\/hasparren.fr\\\/eu\\\/famille-et-social\\\/\"},{\"@type\":\"ListItem\",\"position\":3,\"name\":\"Gai sozialak eta adinekoak\",\"item\":\"https:\\\/\\\/hasparren.fr\\\/eu\\\/famille-et-social\\\/gai-sozialak-eta-adinekoak\\\/\"},{\"@type\":\"ListItem\",\"position\":4,\"name\":\"G.E.U.Z\"}]},{\"@type\":\"WebSite\",\"@id\":\"https:\\\/\\\/hasparren.fr\\\/#website\",\"url\":\"https:\\\/\\\/hasparren.fr\\\/\",\"name\":\"Hasparren, commune du Pays Basque\",\"description\":\"Hasparren, commune du Pays Basque\",\"potentialAction\":[{\"@type\":\"SearchAction\",\"target\":{\"@type\":\"EntryPoint\",\"urlTemplate\":\"https:\\\/\\\/hasparren.fr\\\/?s={search_term_string}\"},\"query-input\":{\"@type\":\"PropertyValueSpecification\",\"valueRequired\":true,\"valueName\":\"search_term_string\"}}],\"inLanguage\":\"eu\"}]}<\/script>\n<!-- \/ Yoast SEO plugin. -->","yoast_head_json":{"title":"G.E.U.Z - Hasparren, commune du Pays Basque","robots":{"index":"index","follow":"follow","max-snippet":"max-snippet:-1","max-image-preview":"max-image-preview:large","max-video-preview":"max-video-preview:-1"},"canonical":"https:\/\/hasparren.fr\/eu\/famille-et-social\/gai-sozialak-eta-adinekoak\/c-c-a-s\/","og_locale":"eu_ES","og_type":"article","og_title":"G.E.U.Z - Hasparren, commune du Pays Basque","og_description":"Gizarte Ekintzako Udal Zentroa Erretretadunei laguntza sozial indibidualizatua eta familiako laguntzaileen sostengua. Ekintza mota bat baino gehiago familientzat. Lanbide-sekretuari lotua den taldea: zuzendaria, psikologoa, jendarte-laguntzaileak, idazkaria, berrogei bat boluntario. Harremana [&hellip;]","og_url":"https:\/\/hasparren.fr\/eu\/famille-et-social\/gai-sozialak-eta-adinekoak\/c-c-a-s\/","og_site_name":"Hasparren, commune du Pays Basque","article_modified_time":"2026-04-13T10:29:49+00:00","twitter_card":"summary_large_image","twitter_misc":{"Est. reading time":"6 minutua"},"schema":{"@context":"https:\/\/schema.org","@graph":[{"@type":"WebPage","@id":"https:\/\/hasparren.fr\/eu\/famille-et-social\/gai-sozialak-eta-adinekoak\/c-c-a-s\/","url":"https:\/\/hasparren.fr\/eu\/famille-et-social\/gai-sozialak-eta-adinekoak\/c-c-a-s\/","name":"G.E.U.Z - Hasparren, commune du Pays Basque","isPartOf":{"@id":"https:\/\/hasparren.fr\/#website"},"datePublished":"2026-04-13T09:33:14+00:00","dateModified":"2026-04-13T10:29:49+00:00","breadcrumb":{"@id":"https:\/\/hasparren.fr\/eu\/famille-et-social\/gai-sozialak-eta-adinekoak\/c-c-a-s\/#breadcrumb"},"inLanguage":"eu","potentialAction":[{"@type":"ReadAction","target":["https:\/\/hasparren.fr\/eu\/famille-et-social\/gai-sozialak-eta-adinekoak\/c-c-a-s\/"]}]},{"@type":"BreadcrumbList","@id":"https:\/\/hasparren.fr\/eu\/famille-et-social\/gai-sozialak-eta-adinekoak\/c-c-a-s\/#breadcrumb","itemListElement":[{"@type":"ListItem","position":1,"name":"Accueil","item":"https:\/\/hasparren.fr\/eu\/"},{"@type":"ListItem","position":2,"name":"Familia &#038; Gai Sozialak","item":"https:\/\/hasparren.fr\/eu\/famille-et-social\/"},{"@type":"ListItem","position":3,"name":"Gai sozialak eta adinekoak","item":"https:\/\/hasparren.fr\/eu\/famille-et-social\/gai-sozialak-eta-adinekoak\/"},{"@type":"ListItem","position":4,"name":"G.E.U.Z"}]},{"@type":"WebSite","@id":"https:\/\/hasparren.fr\/#website","url":"https:\/\/hasparren.fr\/","name":"Hasparren, commune du Pays Basque","description":"Hasparren, commune du Pays Basque","potentialAction":[{"@type":"SearchAction","target":{"@type":"EntryPoint","urlTemplate":"https:\/\/hasparren.fr\/?s={search_term_string}"},"query-input":{"@type":"PropertyValueSpecification","valueRequired":true,"valueName":"search_term_string"}}],"inLanguage":"eu"}]}},"publishpress_future_action":{"enabled":false,"date":"2026-04-20 19:27:26","action":"change-status","newStatus":"draft","terms":[],"taxonomy":"translation_priority","extraData":[]},"publishpress_future_workflow_manual_trigger":{"enabledWorkflows":[]},"_links":{"self":[{"href":"https:\/\/hasparren.fr\/eu\/wp-json\/wp\/v2\/pages\/49293","targetHints":{"allow":["GET"]}}],"collection":[{"href":"https:\/\/hasparren.fr\/eu\/wp-json\/wp\/v2\/pages"}],"about":[{"href":"https:\/\/hasparren.fr\/eu\/wp-json\/wp\/v2\/types\/page"}],"author":[{"embeddable":true,"href":"https:\/\/hasparren.fr\/eu\/wp-json\/wp\/v2\/users\/14"}],"replies":[{"embeddable":true,"href":"https:\/\/hasparren.fr\/eu\/wp-json\/wp\/v2\/comments?post=49293"}],"version-history":[{"count":2,"href":"https:\/\/hasparren.fr\/eu\/wp-json\/wp\/v2\/pages\/49293\/revisions"}],"predecessor-version":[{"id":49295,"href":"https:\/\/hasparren.fr\/eu\/wp-json\/wp\/v2\/pages\/49293\/revisions\/49295"}],"up":[{"embeddable":true,"href":"https:\/\/hasparren.fr\/eu\/wp-json\/wp\/v2\/pages\/24950"}],"wp:attachment":[{"href":"https:\/\/hasparren.fr\/eu\/wp-json\/wp\/v2\/media?parent=49293"}],"curies":[{"name":"wp","href":"https:\/\/api.w.org\/{rel}","templated":true}]}}