{"id":5080,"date":"2020-02-05T10:57:29","date_gmt":"2020-02-05T09:57:29","guid":{"rendered":"http:\/\/s864240641.onlinehome.fr\/NewWp\/?page_id=5080"},"modified":"2021-02-23T09:13:42","modified_gmt":"2021-02-23T08:13:42","slug":"eskuragarritasuna","status":"publish","type":"page","link":"https:\/\/hasparren.fr\/eu\/eskuragarritasuna\/","title":{"rendered":"Accessibilit\u00e9"},"content":{"rendered":"<h2>Retour \u00e0 la page d&#8217;accueil : Le logo de Hasparren<\/h2>\n<p>Un clic sur le logo, situ\u00e9 en haut \u00e0 gauche du site Internet, permet de revenir \u00e0 la page d\u2019accueil du site.<\/p>\n<h2>Fil d&#8217;ariane<\/h2>\n<p>Le fil d\u2019Ariane est une aide \u00e0 la navigation. Il permet de se rep\u00e9rer et de naviguer facilement dans le site. Il est situ\u00e9, en haut de la page et \u00e0 gauche, sous le menu principal.<\/p>\n<p><strong>Il se pr\u00e9senta ainsi : Accueil (Home) &gt; Th\u00e9matique principale &gt; Rubrique &gt; Sous-rubrique &gt; Page demand\u00e9e<\/strong><\/p>\n<h2>Aide \u00e0 la navigation<\/h2>\n<p>Plac\u00e9s en haut de page, des liens permettent d\u2019acc\u00e9der directement \u00e0 la partie recherch\u00e9e (sans avoir \u00e0 parcourir des informations non souhait\u00e9es). Un champs de recherche vous permet d\u2019acc\u00e9der directement \u00e0 la partie recherch\u00e9e.<\/p>\n<h2>Moteur de recherche<\/h2>\n<p>Sur l\u2019ensemble des pages, le champ de saisie du moteur de recherche appara\u00eet, \u00e0 droite des pages.<\/p>\n<p>Lorsque vous effectuez une recherche, le moteur de recherche liste les pages de \u00ab hasparren.fr\u00bb qui correspondent le mieux \u00e0 vos attentes.<\/p>\n<h2>Menu\u00a0<\/h2>\n<p>Le menu principal en haut de la page reste accessible durant toute la navigation quelque soit votre position dans la page ou l\u2019article.<\/p>\n<h2>Navigation par tabulation<\/h2>\n<p>On peut naviguer d\u2019un lien \u00e0 l\u2019autre \u00e0 l\u2019aide de la touche de \u00ab\u00a0Tabulation\u00a0\u00bb (appuyez sur la touche \u00ab\u00a0Tab\u00a0\u00bb et r\u00e9p\u00e9tez jusqu\u2019\u00e0 s\u00e9lectionner le lien d\u00e9sir\u00e9, validez avec la touche \u00ab\u00a0Entr\u00e9e\u00a0\u00bb).<\/p>\n<h2>Les polices de caract\u00e8res<\/h2>\n<h3>1- Taille d\u2019affichage<\/h3>\n<p>Les textes de contenu dans ce site ont une taille de police relative, c\u2019est \u00e0 dire qui peuvent s\u2019agrandir selon les besoins &#8211; La fonctionnalit\u00e9 est situ\u00e9e en haut du site et \u00e0 droite.<\/p>\n<p>Pour modifier la taille d\u2019affichage du texte :<\/p>\n<ul>\n<li>Microsoft Internet Explorer : Menu \u201cAffichage\u201d, puis \u201cTaille du Texte\u201d<\/li>\n<li>Firefox 2.0 et sup\u00e9rieur : Menu \u201cAfficher\u201d, puis \u201cZoom texte\u201d<\/li>\n<li>Google Chrome : \u201cPersonnaliser et configurer Google Chrome\u201d, Menu \u201cParam\u00e8tres\u201d, \u201cAfficher les param\u00e8tres avanc\u00e9s\u201d, \u201cContenu web\u201d<\/li>\n<\/ul>\n<h3>2- Polices sp\u00e9ciales pour les dyslexiques<\/h3>\n<p>La fonctionnalit\u00e9 est situ\u00e9e en haut et \u00e0 droite de la page.<\/p>\n<h2>Styles et couleurs<\/h2>\n<p id=\"tw-target-text\" dir=\"ltr\" data-placeholder=\"Traduction\">Les couleurs de fond et de police aident les personnes dyslexiques \u00e0 se concentrer et \u00e0 am\u00e9liorer leur lecture.<\/p>\n<p dir=\"ltr\" data-placeholder=\"Traduction\">Toutes les couleurs sugg\u00e9r\u00e9es sont incluses dans\u00a0<strong><a href=\"https:\/\/chrome.google.com\/webstore\/detail\/helperbird-dyslexia-acces\/ahmapmilbkfamljbpgphfndeemhnajme?authuser=2\" target=\"_blank\" rel=\"noopener noreferrer\">l\u2019extension pour Chrome Helperbird<\/a>.<\/strong><\/p>\n<p dir=\"ltr\" data-placeholder=\"Traduction\">Pour un contraste \u00e9lev\u00e9 :\u00a0<a href=\"https:\/\/chrome.google.com\/webstore\/detail\/high-contrast-colorful\/cdfdkmklcjlnnnlnplffpdiekfhkpbme?utm_source=chrome-ntp-icon&amp;authuser=1\" target=\"_blank\" rel=\"noopener noreferrer\">Extension pour Chrome : Hight Contrast Colorful<\/a><\/p>\n<h2 dir=\"ltr\" data-placeholder=\"Traduction\">Liens<\/h2>\n<p id=\"tw-target-text\" dir=\"ltr\" data-placeholder=\"Traduction\">Soulignez les liens et ajoutez des traits autour du texte pour aider au daltonisme.<\/p>\n<ul>\n<li>Extension Chrome :\u00a0<a href=\"https:\/\/chrome.google.com\/webstore\/detail\/helperbird-accessibility\/ahmapmilbkfamljbpgphfndeemhnajme?authuser=2\" target=\"_blank\" rel=\"noopener noreferrer\">Helperbird : Logiciel d\u2019accessibilit\u00e9 et de dyslexie<\/a><br \/>\nColor Blindness&gt;Emphasize Links<\/li>\n<\/ul>\n<h2>Mode reader<\/h2>\n<p>Pour ne faire appara\u00eetre que les textes et les liens.<\/p>\n<ul>\n<li>Extension Chrome :\u00a0<a href=\"https:\/\/chrome.google.com\/webstore\/detail\/helperbird-accessibility\/ahmapmilbkfamljbpgphfndeemhnajme?authuser=2\" target=\"_blank\" rel=\"noopener noreferrer\">Helperbird : Logiciel d\u2019accessibilit\u00e9 et de dyslexie<\/a><br \/>\nReader mode&gt;S\u00e9lectionner Reader mode<\/li>\n<\/ul>\n<h2>Le lecteur d\u2019\u00e9cran<\/h2>\n<p>Un\u00a0<b>lecteur d\u2019\u00e9cran<\/b>\u00a0(\u00e9galement appel\u00e9\u00a0<i>revue d\u2019\u00e9cran<\/i>) est un logiciel d\u2019assistance technique destin\u00e9 aux personnes \u00ab emp\u00each\u00e9es de lire \u00bb.<\/p>\n<ul>\n<li>Extension\u00a0<a href=\"https:\/\/chrome.google.com\/webstore\/detail\/chromevox-classic-extensi\/kgejglhpjiefppelpmljglcjbhoiplfn?utm_source=chrome-ntp-icon&amp;authuser=1\" target=\"_blank\" rel=\"noopener noreferrer\">ChromeVox Classic Extension<\/a><\/li>\n<\/ul>\n","protected":false},"excerpt":{"rendered":"<p>Retour \u00e0 la page d&#8217;accueil : Le logo de Hasparren Un clic sur le logo, situ\u00e9 en haut \u00e0 gauche du site Internet, permet de revenir \u00e0 la page d\u2019accueil [&hellip;]<\/p>\n","protected":false},"author":14,"featured_media":13133,"parent":0,"menu_order":0,"comment_status":"closed","ping_status":"closed","template":"page-templates\/page-content-right.php","meta":{"_acf_changed":false,"cybocfi_hide_featured_image":"","footnotes":""},"class_list":["post-5080","page","type-page","status-publish","has-post-thumbnail","hentry","clearfix"],"acf":[],"yoast_head":"<!-- This site is optimized with the Yoast SEO plugin v27.4 - https:\/\/yoast.com\/product\/yoast-seo-wordpress\/ -->\n<title>Accessibilit\u00e9 - Hasparren, commune du Pays Basque<\/title>\n<meta name=\"robots\" content=\"index, follow, max-snippet:-1, max-image-preview:large, max-video-preview:-1\" \/>\n<link rel=\"canonical\" href=\"https:\/\/hasparren.fr\/eu\/eskuragarritasuna\/\" \/>\n<meta property=\"og:locale\" content=\"eu_ES\" \/>\n<meta property=\"og:type\" content=\"article\" \/>\n<meta property=\"og:title\" content=\"Accessibilit\u00e9 - Hasparren, commune du Pays Basque\" \/>\n<meta property=\"og:description\" content=\"Retour \u00e0 la page d&#8217;accueil : Le logo de Hasparren Un clic sur le logo, situ\u00e9 en haut \u00e0 gauche du site Internet, permet de revenir \u00e0 la page d\u2019accueil [&hellip;]\" \/>\n<meta property=\"og:url\" content=\"https:\/\/hasparren.fr\/eu\/eskuragarritasuna\/\" \/>\n<meta property=\"og:site_name\" content=\"Hasparren, commune du Pays Basque\" \/>\n<meta property=\"article:modified_time\" content=\"2021-02-23T08:13:42+00:00\" \/>\n<meta property=\"og:image\" content=\"https:\/\/hasparren.fr\/wp-content\/uploads\/2020\/10\/hasparren-categorie-e1605709389335.jpg\" \/>\n\t<meta property=\"og:image:width\" content=\"895\" \/>\n\t<meta property=\"og:image:height\" content=\"443\" \/>\n\t<meta property=\"og:image:type\" content=\"image\/jpeg\" \/>\n<meta name=\"twitter:card\" content=\"summary_large_image\" \/>\n<meta name=\"twitter:label1\" content=\"Est. reading time\" \/>\n\t<meta name=\"twitter:data1\" content=\"2 minutua\" \/>\n<script type=\"application\/ld+json\" class=\"yoast-schema-graph\">{\"@context\":\"https:\\\/\\\/schema.org\",\"@graph\":[{\"@type\":\"WebPage\",\"@id\":\"https:\\\/\\\/hasparren.fr\\\/eu\\\/eskuragarritasuna\\\/\",\"url\":\"https:\\\/\\\/hasparren.fr\\\/eu\\\/eskuragarritasuna\\\/\",\"name\":\"Accessibilit\u00e9 - Hasparren, commune du Pays Basque\",\"isPartOf\":{\"@id\":\"https:\\\/\\\/hasparren.fr\\\/#website\"},\"primaryImageOfPage\":{\"@id\":\"https:\\\/\\\/hasparren.fr\\\/eu\\\/eskuragarritasuna\\\/#primaryimage\"},\"image\":{\"@id\":\"https:\\\/\\\/hasparren.fr\\\/eu\\\/eskuragarritasuna\\\/#primaryimage\"},\"thumbnailUrl\":\"https:\\\/\\\/hasparren.fr\\\/wp-content\\\/uploads\\\/2020\\\/10\\\/hasparren-categorie-e1605709389335.jpg\",\"datePublished\":\"2020-02-05T09:57:29+00:00\",\"dateModified\":\"2021-02-23T08:13:42+00:00\",\"breadcrumb\":{\"@id\":\"https:\\\/\\\/hasparren.fr\\\/eu\\\/eskuragarritasuna\\\/#breadcrumb\"},\"inLanguage\":\"eu\",\"potentialAction\":[{\"@type\":\"ReadAction\",\"target\":[\"https:\\\/\\\/hasparren.fr\\\/eu\\\/eskuragarritasuna\\\/\"]}]},{\"@type\":\"ImageObject\",\"inLanguage\":\"eu\",\"@id\":\"https:\\\/\\\/hasparren.fr\\\/eu\\\/eskuragarritasuna\\\/#primaryimage\",\"url\":\"https:\\\/\\\/hasparren.fr\\\/wp-content\\\/uploads\\\/2020\\\/10\\\/hasparren-categorie-e1605709389335.jpg\",\"contentUrl\":\"https:\\\/\\\/hasparren.fr\\\/wp-content\\\/uploads\\\/2020\\\/10\\\/hasparren-categorie-e1605709389335.jpg\",\"width\":895,\"height\":443,\"caption\":\"Cat\u00e9gorie du site Internet de la Ville de Hasparren\"},{\"@type\":\"BreadcrumbList\",\"@id\":\"https:\\\/\\\/hasparren.fr\\\/eu\\\/eskuragarritasuna\\\/#breadcrumb\",\"itemListElement\":[{\"@type\":\"ListItem\",\"position\":1,\"name\":\"Accueil\",\"item\":\"https:\\\/\\\/hasparren.fr\\\/eu\\\/\"},{\"@type\":\"ListItem\",\"position\":2,\"name\":\"Accessibilit\u00e9\"}]},{\"@type\":\"WebSite\",\"@id\":\"https:\\\/\\\/hasparren.fr\\\/#website\",\"url\":\"https:\\\/\\\/hasparren.fr\\\/\",\"name\":\"Hasparren, commune du Pays Basque\",\"description\":\"Hasparren, commune du Pays Basque\",\"potentialAction\":[{\"@type\":\"SearchAction\",\"target\":{\"@type\":\"EntryPoint\",\"urlTemplate\":\"https:\\\/\\\/hasparren.fr\\\/?s={search_term_string}\"},\"query-input\":{\"@type\":\"PropertyValueSpecification\",\"valueRequired\":true,\"valueName\":\"search_term_string\"}}],\"inLanguage\":\"eu\"}]}<\/script>\n<!-- \/ Yoast SEO plugin. -->","yoast_head_json":{"title":"Accessibilit\u00e9 - Hasparren, commune du Pays Basque","robots":{"index":"index","follow":"follow","max-snippet":"max-snippet:-1","max-image-preview":"max-image-preview:large","max-video-preview":"max-video-preview:-1"},"canonical":"https:\/\/hasparren.fr\/eu\/eskuragarritasuna\/","og_locale":"eu_ES","og_type":"article","og_title":"Accessibilit\u00e9 - Hasparren, commune du Pays Basque","og_description":"Retour \u00e0 la page d&#8217;accueil : Le logo de Hasparren Un clic sur le logo, situ\u00e9 en haut \u00e0 gauche du site Internet, permet de revenir \u00e0 la page d\u2019accueil [&hellip;]","og_url":"https:\/\/hasparren.fr\/eu\/eskuragarritasuna\/","og_site_name":"Hasparren, commune du Pays Basque","article_modified_time":"2021-02-23T08:13:42+00:00","og_image":[{"width":895,"height":443,"url":"https:\/\/hasparren.fr\/wp-content\/uploads\/2020\/10\/hasparren-categorie-e1605709389335.jpg","type":"image\/jpeg"}],"twitter_card":"summary_large_image","twitter_misc":{"Est. reading time":"2 minutua"},"schema":{"@context":"https:\/\/schema.org","@graph":[{"@type":"WebPage","@id":"https:\/\/hasparren.fr\/eu\/eskuragarritasuna\/","url":"https:\/\/hasparren.fr\/eu\/eskuragarritasuna\/","name":"Accessibilit\u00e9 - Hasparren, commune du Pays Basque","isPartOf":{"@id":"https:\/\/hasparren.fr\/#website"},"primaryImageOfPage":{"@id":"https:\/\/hasparren.fr\/eu\/eskuragarritasuna\/#primaryimage"},"image":{"@id":"https:\/\/hasparren.fr\/eu\/eskuragarritasuna\/#primaryimage"},"thumbnailUrl":"https:\/\/hasparren.fr\/wp-content\/uploads\/2020\/10\/hasparren-categorie-e1605709389335.jpg","datePublished":"2020-02-05T09:57:29+00:00","dateModified":"2021-02-23T08:13:42+00:00","breadcrumb":{"@id":"https:\/\/hasparren.fr\/eu\/eskuragarritasuna\/#breadcrumb"},"inLanguage":"eu","potentialAction":[{"@type":"ReadAction","target":["https:\/\/hasparren.fr\/eu\/eskuragarritasuna\/"]}]},{"@type":"ImageObject","inLanguage":"eu","@id":"https:\/\/hasparren.fr\/eu\/eskuragarritasuna\/#primaryimage","url":"https:\/\/hasparren.fr\/wp-content\/uploads\/2020\/10\/hasparren-categorie-e1605709389335.jpg","contentUrl":"https:\/\/hasparren.fr\/wp-content\/uploads\/2020\/10\/hasparren-categorie-e1605709389335.jpg","width":895,"height":443,"caption":"Cat\u00e9gorie du site Internet de la Ville de Hasparren"},{"@type":"BreadcrumbList","@id":"https:\/\/hasparren.fr\/eu\/eskuragarritasuna\/#breadcrumb","itemListElement":[{"@type":"ListItem","position":1,"name":"Accueil","item":"https:\/\/hasparren.fr\/eu\/"},{"@type":"ListItem","position":2,"name":"Accessibilit\u00e9"}]},{"@type":"WebSite","@id":"https:\/\/hasparren.fr\/#website","url":"https:\/\/hasparren.fr\/","name":"Hasparren, commune du Pays Basque","description":"Hasparren, commune du Pays Basque","potentialAction":[{"@type":"SearchAction","target":{"@type":"EntryPoint","urlTemplate":"https:\/\/hasparren.fr\/?s={search_term_string}"},"query-input":{"@type":"PropertyValueSpecification","valueRequired":true,"valueName":"search_term_string"}}],"inLanguage":"eu"}]}},"publishpress_future_action":{"enabled":false,"date":"2026-04-28 12:10:26","action":"change-status","newStatus":"draft","terms":[],"taxonomy":"translation_priority","extraData":[]},"publishpress_future_workflow_manual_trigger":{"enabledWorkflows":[]},"_links":{"self":[{"href":"https:\/\/hasparren.fr\/eu\/wp-json\/wp\/v2\/pages\/5080","targetHints":{"allow":["GET"]}}],"collection":[{"href":"https:\/\/hasparren.fr\/eu\/wp-json\/wp\/v2\/pages"}],"about":[{"href":"https:\/\/hasparren.fr\/eu\/wp-json\/wp\/v2\/types\/page"}],"author":[{"embeddable":true,"href":"https:\/\/hasparren.fr\/eu\/wp-json\/wp\/v2\/users\/14"}],"replies":[{"embeddable":true,"href":"https:\/\/hasparren.fr\/eu\/wp-json\/wp\/v2\/comments?post=5080"}],"version-history":[{"count":2,"href":"https:\/\/hasparren.fr\/eu\/wp-json\/wp\/v2\/pages\/5080\/revisions"}],"predecessor-version":[{"id":18153,"href":"https:\/\/hasparren.fr\/eu\/wp-json\/wp\/v2\/pages\/5080\/revisions\/18153"}],"wp:featuredmedia":[{"embeddable":true,"href":"https:\/\/hasparren.fr\/eu\/wp-json\/wp\/v2\/media\/13133"}],"wp:attachment":[{"href":"https:\/\/hasparren.fr\/eu\/wp-json\/wp\/v2\/media?parent=5080"}],"curies":[{"name":"wp","href":"https:\/\/api.w.org\/{rel}","templated":true}]}}