{"id":5089,"date":"2020-02-05T11:00:37","date_gmt":"2020-02-05T10:00:37","guid":{"rendered":"http:\/\/s864240641.onlinehome.fr\/NewWp\/?page_id=5089"},"modified":"2022-01-21T16:39:18","modified_gmt":"2022-01-21T15:39:18","slug":"cookie-politika","status":"publish","type":"page","link":"https:\/\/hasparren.fr\/eu\/cookie-politika\/","title":{"rendered":"Politique de confidentialit\u00e9"},"content":{"rendered":"<p>La commune de Hasparren a \u00e0 c\u0153ur de prot\u00e9ger votre vie priv\u00e9e et vos donn\u00e9es personnelles. En utilisant le site web de la commune, vous acceptez les termes et conditions de la pr\u00e9sente politique de confidentialit\u00e9. Pour toute question, n\u2019h\u00e9sitez pas \u00e0 <a title=\"Contacter la commune de Hasparren\" href=\"mailto:contact@ville-hasparren.fr\" rel=\"\">nous contacter.<\/a><\/p>\n<p>Derni\u00e8re mise \u00e0 jour : 21\/01\/2022<\/p>\n<p>La politique de confidentialit\u00e9 d\u00e9crit les r\u00e8gles concernant la collecte, la gestion, le traitement et le stockage des donn\u00e9es personnelles soumises dans le cadre de nos services. Le terme \u00ab donn\u00e9es personnelles \u00bb d\u00e9signe les informations relatives \u00e0 une personne physique identifi\u00e9e ou qui peut \u00eatre identifi\u00e9e.<\/p>\n<p>La commune de Hasparren s\u2019engage \u00e0 traiter les donn\u00e9es dans le respect des lois et r\u00e8glementations applicables, et notamment la Loi n\u00b0 78-17 du 6 janvier 1978 relative \u00e0 l\u2019informatique, aux fichiers et aux libert\u00e9s (\u201cLoi Informatique et Libert\u00e9\u201d), et le R\u00e8glement (UE) 2016\/679 du Parlement europ\u00e9en et du Conseil du 27 avril 2016 relatif \u00e0 la protection des personnes physiques \u00e0 l\u2019\u00e9gard du traitement des donn\u00e9es \u00e0 caract\u00e8re personnel et \u00e0 la libre circulation de ces donn\u00e9es (\u00ab RGPD \u00bb).<\/p>\n<h2 data-tadv-p=\"keep\">Responsable du traitement<\/h2>\n<p>La commune de Hasparren est responsable du traitement des donn\u00e9es. La mairie de Hasparren est situ\u00e9e 5 rue Jean Lissar &#8211; BP 50025 &#8211; 64240 Hasparren.<\/p>\n<p>Pour toute demande concernant le traitement des donn\u00e9es, vous pouvez contacter la commune de Hasparren :<br \/>\n<a href=\"tel:0559296022\">T\u00e9l\u00e9phone : 05 59 29 60 22<\/a>\u00a0 ou par email <a title=\"Acc\u00e8der \u00e0 l'email de la commune de Hasparren - Nouvelle fen\u00eatre\" href=\"mailto:contact@ville-hasparren.fr\" target=\"_blank\" rel=\"noopener noreferrer\">contact@ville-hasparren.fr <\/a>ou par courrier\u00a0Mairie de Hasparren,\u00a0 5 rue Jean Lissar &#8211; BP 50025 &#8211; 64240 Hasparren.<\/p>\n<h2 data-tadv-p=\"keep\">Donn\u00e9es collect\u00e9es automatiquement<\/h2>\n<p>Lors de chacune de vos visites, nous sommes toutefois susceptibles de recueillir des informations relatives \u00e0 votre connexion et \u00e0 votre navigation. Diff\u00e9rentes technologies peuvent \u00eatre mises en \u0153uvre pour recueillir ces donn\u00e9es. La principale est le cookie.<\/p>\n<p>Nous utilisons des cookies afin de personnaliser votre navigation et \u00e0 des fins statistiques.<\/p>\n<h2 data-tadv-p=\"keep\">Pourquoi ces donn\u00e9es sont-elles collect\u00e9es ?<\/h2>\n<p>Les finalit\u00e9s pour lesquelles la commune de Hasparren traite les donn\u00e9es personnelles sont les suivantes :<\/p>\n<ul>\n<li>Personnalisation et am\u00e9lioration de la navigation\u00a0;<\/li>\n<li>Suivi des statistiques de navigation et de fr\u00e9quentation du site Internet.<\/li>\n<li>Mieux comprendre l\u2019utilisation du site web de la commune de Hasparren par les personnes qui les visitent.<\/li>\n<\/ul>\n<h2 data-tadv-p=\"keep\"><span style=\"color: revert; font-size: revert; font-weight: revert;\">Comment ces donn\u00e9es sont-elles collect\u00e9es ?<\/span><\/h2>\n<h3><strong>Qu&#8217;est-ce qu&#8217;un cookie ?<\/strong><\/h3>\n<p>Un cookie est fichier texte d\u00e9pos\u00e9 sur votre ordinateur par le site internet, afin de stocker des informations vous concernant (par exemple : mot de passe pour une saisie semi-automatique, langue utilis\u00e9e, pages du site visit\u00e9es, etc.).<\/p>\n<h3><strong>Vos traces, vos droits<\/strong><\/h3>\n<p>Pour tout savoir sur les cookies, vos traces, vos droits, vous pouvez consulter\u00a0<a href=\"https:\/\/www.cnil.fr\/fr\/maitriser-mes-donnees\" target=\"_blank\" rel=\"noopener noreferrer\">la\u00a0section d\u00e9di\u00e9e sur le site de la CNIL<\/a>.<\/p>\n<h3><strong>Donn\u00e9es personnelles de l\u2019utilisateur<\/strong><\/h3>\n<p>L\u2019acc\u00e8s \u00e0 certains contenus du site internet suppose que l\u2019utilisateur nous transmette des donn\u00e9es personnelles le concernant.<\/p>\n<p>L\u2019utilisateur est inform\u00e9 que lors de ses visites sur le site internet, un cookie peut \u00eatre implant\u00e9 dans son ordinateur. Un cookie ne permet pas d\u2019identifier l\u2019utilisateur. De mani\u00e8re g\u00e9n\u00e9rale, il enregistre des informations relatives \u00e0 la navigation de son ordinateur sur le site (les pages consult\u00e9es, la date et l\u2019heure de la consultation) qui pourront \u00eatre lues lors de ses visites ult\u00e9rieures.<\/p>\n<h3><strong>Comment g\u00e9rer ses pr\u00e9f\u00e9rences ?<\/strong><\/h3>\n<p>L\u2019utilisateur peut s\u2019opposer \u00e0 l\u2019enregistrement de cookies, ou \u00eatre pr\u00e9venu avant d\u2019accepter les cookies, en configurant son ordinateur de la mani\u00e8re suivante :<\/p>\n<p><a href=\"https:\/\/support.google.com\/accounts\/answer\/61416?hl=fr\" target=\"_blank\" rel=\"noopener noreferrer\">Google Chrome<\/a><br \/>\n<a href=\"https:\/\/support.mozilla.org\/fr\/kb\/autoriser-bloquer-cookies-preferences-sites?redirectlocale=fr&amp;redirectslug=activer-desactiver-cookies\" target=\"_blank\" rel=\"noopener noreferrer\">Mozilla Firefox<\/a><br \/>\n<a href=\"https:\/\/support.microsoft.com\/fr-fr\/help\/17442\/windows-internet-explorer-delete-manage-cookies\" target=\"_blank\" rel=\"noopener noreferrer\">Internet explorer<\/a><br \/>\n<a href=\"https:\/\/support.apple.com\/fr-fr\/HT201265\" target=\"_blank\" rel=\"noopener noreferrer\">Apple Safari<\/a><br \/>\n<a href=\"https:\/\/help.opera.com\/en\/latest\/security-and-privacy\/\" target=\"_blank\" rel=\"noopener noreferrer\">Op\u00e9ra<\/a><\/p>\n<h3>Utilisation<\/h3>\n<p>Nous utilisons les cookies avec le service Google Analytics, pour reconna\u00eetre votre navigateur, enregistrer les mesures d\u2019audience et vos param\u00e8tres (r\u00e9ponses aux sondages ou quizz en ligne, pr\u00e9f\u00e9rences, etc.). L\u2019utilisation des cookies nous permet d\u2019am\u00e9liorer l\u2019exp\u00e9rience utilisateur.<\/p>\n<h2>Donn\u00e9es \u00e0 caract\u00e8re personnel<\/h2>\n<p>Lorsque vous nous fournissez volontairement des donn\u00e9es personnelles, par l\u2019interm\u00e9diaire de notre formulaire (Boite \u00e0 id\u00e9es), d\u2019un e-mail ou d\u2019un appel t\u00e9l\u00e9phonique, les donn\u00e9es personnelles collect\u00e9es peuvent inclure vos nom, pr\u00e9nom, adresse e-mail, num\u00e9ro de t\u00e9l\u00e9phone, et adresse IP.<\/p>\n<h2>Pourquoi ces donn\u00e9es sont-elles collect\u00e9es ?<\/h2>\n<p>Nous utilisons les donn\u00e9es personnelles que vous avez volontairement fournies pour :<\/p>\n<ul>\n<li>r\u00e9pondre \u00e0 votre demande d&#8217;information ou sollicitations<\/li>\n<li>prendre connaissance des id\u00e9es que vous proposez via le formulaire de la boite \u00e0 id\u00e9es.<\/li>\n<li>vous informer lorsque vous en faites la demande<\/li>\n<\/ul>\n<h2>Comment ces donn\u00e9es sont-elles collect\u00e9es ?<\/h2>\n<p>Par le formulaire intitul\u00e9 : La boite \u00e0 id\u00e9es, essentiellement.<\/p>\n<h2>Destinataire des donn\u00e9es<\/h2>\n<p>Certaines donn\u00e9es techniques, notamment votre adresse IP, peuvent \u00eatre transmises \u00e0 des services Tiers \u00e0 des fins d\u2019analyse et d\u2019\u00e9tude statistique de l\u2019utilisation de notre site. dans le cadre du suivi des statistiques nous utilisaons le Service Google Analytics.<\/p>\n<p>Pour plus d&#8217;informations sur la gestion de vos donn\u00e9es recueillies par Google Analytics :<\/p>\n<ul>\n<li><a title=\"Gestion de vos donn\u00e9es analytiques recueillies par Google\" href=\"https:\/\/support.google.com\/analytics\/answer\/6004245?hl=fr\" target=\"_blank\" rel=\"noopener\">https:\/\/support.google.com\/analytics\/answer\/6004245?hl=fr<\/a><\/li>\n<li><a title=\"Gestion de vos donn\u00e9es analytiques recueillies par Google\" href=\"https:\/\/policies.google.com\/privacy?hl=fr#infocollect\" target=\"_blank\" rel=\"noopener\">https:\/\/policies.google.com\/privacy?hl=fr#infocollect<\/a><\/li>\n<\/ul>\n<h2>Dur\u00e9e de conservation de donn\u00e9es<\/h2>\n<p>Nous conserverons vos donn\u00e9es pour la dur\u00e9e n\u00e9cessaire aux op\u00e9rations pour lesquelles elles ont \u00e9t\u00e9 collect\u00e9es ainsi que dans le respect de la l\u00e9gislation en vigueur : <span style=\"color: initial;\">13 mois maximum dans le cas des cookies d\u00e9pos\u00e9s sur votre ordinateur.<\/span><\/p>\n<h2>Contact<\/h2>\n<p>Vous pouvez acc\u00e9der aux donn\u00e9es vous concernant, les rectifier, demander leur effacement ou la limitation de leur traitement.<\/p>\n<p>Pour exercer vos droits, n\u2019h\u00e9sitez pas \u00e0 en faire une demande \u00e0 la commune de Hasparren : <a title=\"Contacter la commune de Hasparren\" href=\"mailto:contact@hasparren.fr\" target=\"_blank\" rel=\"noopener\">contact@hasparren.fr<\/a><\/p>\n<p>Veuillez consulter le site\u00a0<a href=\"https:\/\/www.cnil.fr\/\" rel=\"external\">cnil.fr<\/a>\u00a0pour plus d\u2019informations sur vos droits.<\/p>\n","protected":false},"excerpt":{"rendered":"<p>La commune de Hasparren a \u00e0 c\u0153ur de prot\u00e9ger votre vie priv\u00e9e et vos donn\u00e9es personnelles. En utilisant le site web de la commune, vous acceptez les termes et conditions [&hellip;]<\/p>\n","protected":false},"author":14,"featured_media":0,"parent":0,"menu_order":0,"comment_status":"closed","ping_status":"closed","template":"page-templates\/page-content-right.php","meta":{"_acf_changed":false,"cybocfi_hide_featured_image":"","footnotes":""},"class_list":["post-5089","page","type-page","status-publish","hentry","clearfix"],"acf":[],"yoast_head":"<!-- This site is optimized with the Yoast SEO plugin v27.4 - https:\/\/yoast.com\/product\/yoast-seo-wordpress\/ -->\n<title>Politique de confidentialit\u00e9 - Hasparren, commune du Pays Basque<\/title>\n<meta name=\"robots\" content=\"index, follow, max-snippet:-1, max-image-preview:large, max-video-preview:-1\" \/>\n<link rel=\"canonical\" href=\"https:\/\/hasparren.fr\/eu\/cookie-politika\/\" \/>\n<meta property=\"og:locale\" content=\"eu_ES\" \/>\n<meta property=\"og:type\" content=\"article\" \/>\n<meta property=\"og:title\" content=\"Politique de confidentialit\u00e9 - Hasparren, commune du Pays Basque\" \/>\n<meta property=\"og:description\" content=\"La commune de Hasparren a \u00e0 c\u0153ur de prot\u00e9ger votre vie priv\u00e9e et vos donn\u00e9es personnelles. En utilisant le site web de la commune, vous acceptez les termes et conditions [&hellip;]\" \/>\n<meta property=\"og:url\" content=\"https:\/\/hasparren.fr\/eu\/cookie-politika\/\" \/>\n<meta property=\"og:site_name\" content=\"Hasparren, commune du Pays Basque\" \/>\n<meta property=\"article:modified_time\" content=\"2022-01-21T15:39:18+00:00\" \/>\n<meta name=\"twitter:card\" content=\"summary_large_image\" \/>\n<meta name=\"twitter:label1\" content=\"Est. reading time\" \/>\n\t<meta name=\"twitter:data1\" content=\"5 minutua\" \/>\n<script type=\"application\/ld+json\" class=\"yoast-schema-graph\">{\"@context\":\"https:\\\/\\\/schema.org\",\"@graph\":[{\"@type\":\"WebPage\",\"@id\":\"https:\\\/\\\/hasparren.fr\\\/eu\\\/cookie-politika\\\/\",\"url\":\"https:\\\/\\\/hasparren.fr\\\/eu\\\/cookie-politika\\\/\",\"name\":\"Politique de confidentialit\u00e9 - Hasparren, commune du Pays Basque\",\"isPartOf\":{\"@id\":\"https:\\\/\\\/hasparren.fr\\\/#website\"},\"datePublished\":\"2020-02-05T10:00:37+00:00\",\"dateModified\":\"2022-01-21T15:39:18+00:00\",\"breadcrumb\":{\"@id\":\"https:\\\/\\\/hasparren.fr\\\/eu\\\/cookie-politika\\\/#breadcrumb\"},\"inLanguage\":\"eu\",\"potentialAction\":[{\"@type\":\"ReadAction\",\"target\":[\"https:\\\/\\\/hasparren.fr\\\/eu\\\/cookie-politika\\\/\"]}]},{\"@type\":\"BreadcrumbList\",\"@id\":\"https:\\\/\\\/hasparren.fr\\\/eu\\\/cookie-politika\\\/#breadcrumb\",\"itemListElement\":[{\"@type\":\"ListItem\",\"position\":1,\"name\":\"Accueil\",\"item\":\"https:\\\/\\\/hasparren.fr\\\/eu\\\/\"},{\"@type\":\"ListItem\",\"position\":2,\"name\":\"Politique de confidentialit\u00e9\"}]},{\"@type\":\"WebSite\",\"@id\":\"https:\\\/\\\/hasparren.fr\\\/#website\",\"url\":\"https:\\\/\\\/hasparren.fr\\\/\",\"name\":\"Hasparren, commune du Pays Basque\",\"description\":\"Hasparren, commune du Pays Basque\",\"potentialAction\":[{\"@type\":\"SearchAction\",\"target\":{\"@type\":\"EntryPoint\",\"urlTemplate\":\"https:\\\/\\\/hasparren.fr\\\/?s={search_term_string}\"},\"query-input\":{\"@type\":\"PropertyValueSpecification\",\"valueRequired\":true,\"valueName\":\"search_term_string\"}}],\"inLanguage\":\"eu\"}]}<\/script>\n<!-- \/ Yoast SEO plugin. -->","yoast_head_json":{"title":"Politique de confidentialit\u00e9 - Hasparren, commune du Pays Basque","robots":{"index":"index","follow":"follow","max-snippet":"max-snippet:-1","max-image-preview":"max-image-preview:large","max-video-preview":"max-video-preview:-1"},"canonical":"https:\/\/hasparren.fr\/eu\/cookie-politika\/","og_locale":"eu_ES","og_type":"article","og_title":"Politique de confidentialit\u00e9 - Hasparren, commune du Pays Basque","og_description":"La commune de Hasparren a \u00e0 c\u0153ur de prot\u00e9ger votre vie priv\u00e9e et vos donn\u00e9es personnelles. En utilisant le site web de la commune, vous acceptez les termes et conditions [&hellip;]","og_url":"https:\/\/hasparren.fr\/eu\/cookie-politika\/","og_site_name":"Hasparren, commune du Pays Basque","article_modified_time":"2022-01-21T15:39:18+00:00","twitter_card":"summary_large_image","twitter_misc":{"Est. reading time":"5 minutua"},"schema":{"@context":"https:\/\/schema.org","@graph":[{"@type":"WebPage","@id":"https:\/\/hasparren.fr\/eu\/cookie-politika\/","url":"https:\/\/hasparren.fr\/eu\/cookie-politika\/","name":"Politique de confidentialit\u00e9 - Hasparren, commune du Pays Basque","isPartOf":{"@id":"https:\/\/hasparren.fr\/#website"},"datePublished":"2020-02-05T10:00:37+00:00","dateModified":"2022-01-21T15:39:18+00:00","breadcrumb":{"@id":"https:\/\/hasparren.fr\/eu\/cookie-politika\/#breadcrumb"},"inLanguage":"eu","potentialAction":[{"@type":"ReadAction","target":["https:\/\/hasparren.fr\/eu\/cookie-politika\/"]}]},{"@type":"BreadcrumbList","@id":"https:\/\/hasparren.fr\/eu\/cookie-politika\/#breadcrumb","itemListElement":[{"@type":"ListItem","position":1,"name":"Accueil","item":"https:\/\/hasparren.fr\/eu\/"},{"@type":"ListItem","position":2,"name":"Politique de confidentialit\u00e9"}]},{"@type":"WebSite","@id":"https:\/\/hasparren.fr\/#website","url":"https:\/\/hasparren.fr\/","name":"Hasparren, commune du Pays Basque","description":"Hasparren, commune du Pays Basque","potentialAction":[{"@type":"SearchAction","target":{"@type":"EntryPoint","urlTemplate":"https:\/\/hasparren.fr\/?s={search_term_string}"},"query-input":{"@type":"PropertyValueSpecification","valueRequired":true,"valueName":"search_term_string"}}],"inLanguage":"eu"}]}},"publishpress_future_action":{"enabled":false,"date":"2026-05-04 11:59:57","action":"change-status","newStatus":"draft","terms":[],"taxonomy":"translation_priority","extraData":[]},"publishpress_future_workflow_manual_trigger":{"enabledWorkflows":[]},"_links":{"self":[{"href":"https:\/\/hasparren.fr\/eu\/wp-json\/wp\/v2\/pages\/5089","targetHints":{"allow":["GET"]}}],"collection":[{"href":"https:\/\/hasparren.fr\/eu\/wp-json\/wp\/v2\/pages"}],"about":[{"href":"https:\/\/hasparren.fr\/eu\/wp-json\/wp\/v2\/types\/page"}],"author":[{"embeddable":true,"href":"https:\/\/hasparren.fr\/eu\/wp-json\/wp\/v2\/users\/14"}],"replies":[{"embeddable":true,"href":"https:\/\/hasparren.fr\/eu\/wp-json\/wp\/v2\/comments?post=5089"}],"version-history":[{"count":10,"href":"https:\/\/hasparren.fr\/eu\/wp-json\/wp\/v2\/pages\/5089\/revisions"}],"predecessor-version":[{"id":29925,"href":"https:\/\/hasparren.fr\/eu\/wp-json\/wp\/v2\/pages\/5089\/revisions\/29925"}],"wp:attachment":[{"href":"https:\/\/hasparren.fr\/eu\/wp-json\/wp\/v2\/media?parent=5089"}],"curies":[{"name":"wp","href":"https:\/\/api.w.org\/{rel}","templated":true}]}}